{"id":22741,"date":"2021-10-10T04:43:40","date_gmt":"2021-10-09T21:43:40","guid":{"rendered":"https:\/\/mouldking.store\/shop\/moc-46309-the-stinger-mantis-fallen-order-v2-star-wars-by-bruxxy-moc-factory\/"},"modified":"2025-12-25T09:21:07","modified_gmt":"2025-12-25T02:21:07","slug":"moc-46309-the-stinger-mantis-fallen-order-v2-star-wars-by-bruxxy-moc-factory","status":"publish","type":"product","link":"https:\/\/mouldking.store\/vi\/shop\/moc-46309-the-stinger-mantis-fallen-order-v2-star-wars-by-bruxxy-moc-factory\/","title":{"rendered":"MOC-46309 The Stinger Mantis \u2013 Fallen Order V2 Star Wars c\u1ee7a Bruxxy MOC FACTORY"},"content":{"rendered":"<p style=\"text-align: left\">MOC-46309 The Stinger Mantis \u2013 Fallen Order V2 Star Wars c\u1ee7a Bruxxy MOC FACTORY l\u00e0 m\u1ed9t b\u1ed9 trong b\u1ed9 s\u01b0u t\u1eadp Star Wars, \u0111\u01b0\u1ee3c thi\u1ebft k\u1ebf b\u1edfi Bruxxy. MOC 46309 n\u00e0y \u0111i k\u00e8m v\u1edbi h\u01b0\u1edbng d\u1eabn PDF gi\u00fap d\u1ec5 d\u00e0ng t\u1ea1o v\u00e0 t\u00ecm c\u00e1c ph\u1ea7n c\u00f2n thi\u1ebfu. B\u1ed9 g\u1ed3m 1676 mi\u1ebfng, ph\u00e1t h\u00e0nh l\u1ea7n \u0111\u1ea7u v\u00e0o n\u0103m 2021.<\/p>\n<figure id=\"attachment_201347\" aria-describedby=\"caption-attachment-201347\" style=\"width: 800px\" class=\"wp-caption aligncenter\"><a href=\"https:\/\/pay.lpwstore.com\/wp-content\/uploads\/2021\/01\/MOC-46309-The-Stinger-Mantis-Fallen-Order-V2-Star-Wars-by-Bruxxy-MOC-FACTORY.jpg\" target=\"_blank\" rel=\"noopener\"><img fetchpriority=\"high\" decoding=\"async\" class=\"wp-image-201347 size-full\" title=\"MOC-46309 The Stinger Mantis - Fallen Order V2 Star Wars c\u1ee7a Bruxxy MOC FACTORY\" src=\"https:\/\/pay.lpwstore.com\/wp-content\/uploads\/2021\/01\/MOC-46309-The-Stinger-Mantis-Fallen-Order-V2-Star-Wars-by-Bruxxy-MOC-FACTORY.jpg\" alt=\"MOC-46309 The Stinger Mantis - Fallen Order V2 Star Wars by Bruxxy MOC FACTORY\" width=\"800\" height=\"800\" \/><\/a><figcaption id=\"caption-attachment-201347\" class=\"wp-caption-text\">MOC-46309 The Stinger Mantis \u2013 Fallen Order V2 Star Wars c\u1ee7a Bruxxy MOC FACTORY<\/figcaption><\/figure>\n<p><img decoding=\"async\" class=\"alignnone size-full wp-image-201348 aligncenter\" src=\"https:\/\/pay.lpwstore.com\/wp-content\/uploads\/2021\/01\/MOC-46309-The-Stinger-Mantis-Fallen-Order-V2-Star-Wars-by-Bruxxy-MOC-FACTORY-2.jpg\" alt=\"-\" width=\"800\" height=\"800\" title=\"-\"> <img decoding=\"async\" class=\"alignnone size-full wp-image-201349 aligncenter\" src=\"https:\/\/pay.lpwstore.com\/wp-content\/uploads\/2021\/01\/MOC-46309-The-Stinger-Mantis-Fallen-Order-V2-Star-Wars-by-Bruxxy-MOC-FACTORY-3.jpg\" alt=\"-\" width=\"800\" height=\"800\" title=\"-\"><\/p>","protected":false},"excerpt":{"rendered":"<ul>\n<li>Bao g\u1ed3m <strong>1676+<\/strong> chi\u1ebfc<\/li>\n<li>H\u01b0\u1edbng d\u1eabn PDF tr\u1ef1c tuy\u1ebfn<\/li>\n<li>Kh\u1ed1i ABS ch\u1ea5t l\u01b0\u1ee3ng cao<\/li>\n<\/ul>","protected":false},"featured_media":22738,"comment_status":"open","ping_status":"closed","template":"","meta":{"_acf_changed":false},"product_cat":[415],"product_tag":[],"class_list":["product","first","instock","shipping-taxable","purchasable","product-type-simple"],"acf":[],"_links":{"self":[{"href":"https:\/\/mouldking.store\/vi\/wp-json\/wp\/v2\/product\/22741","targetHints":{"allow":["GET"]}}],"collection":[{"href":"https:\/\/mouldking.store\/vi\/wp-json\/wp\/v2\/product"}],"about":[{"href":"https:\/\/mouldking.store\/vi\/wp-json\/wp\/v2\/types\/product"}],"replies":[{"embeddable":true,"href":"https:\/\/mouldking.store\/vi\/wp-json\/wp\/v2\/comments?post=22741"}],"wp:featuredmedia":[{"embeddable":true,"href":"https:\/\/mouldking.store\/vi\/wp-json\/wp\/v2\/media\/22738"}],"wp:attachment":[{"href":"https:\/\/mouldking.store\/vi\/wp-json\/wp\/v2\/media?parent=22741"}],"wp:term":[{"taxonomy":"product_cat","embeddable":true,"href":"https:\/\/mouldking.store\/vi\/wp-json\/wp\/v2\/product_cat?post=22741"},{"taxonomy":"product_tag","embeddable":true,"href":"https:\/\/mouldking.store\/vi\/wp-json\/wp\/v2\/product_tag?post=22741"}],"curies":[{"name":"wp","href":"https:\/\/api.w.org\/{rel}","templated":true}]}}