{"id":22753,"date":"2021-10-10T04:43:53","date_gmt":"2021-10-09T21:43:53","guid":{"rendered":"https:\/\/mouldking.store\/shop\/moc-54693-dockside-fuel-and-oil-modular-building-by-jepaz-moc-factory\/"},"modified":"2025-12-25T09:21:07","modified_gmt":"2025-12-25T02:21:07","slug":"moc-54693-dockside-fuel-and-oil-modular-building-by-jepaz-moc-factory","status":"publish","type":"product","link":"https:\/\/mouldking.store\/vi\/shop\/moc-54693-dockside-fuel-and-oil-modular-building-by-jepaz-moc-factory\/","title":{"rendered":"MOC-54693 T\u00f2a nh\u00e0 m\u00f4-\u0111un nhi\u00ean li\u1ec7u v\u00e0 d\u1ea7u b\u00ean b\u1ebfn t\u00e0u c\u1ee7a jepaz MOC FACTORY"},"content":{"rendered":"<p style=\"text-align: left\">MOC-54693 T\u00f2a nh\u00e0 m\u00f4-\u0111un nhi\u00ean li\u1ec7u v\u00e0 d\u1ea7u b\u00ean b\u1ebfn t\u00e0u c\u1ee7a jepaz MOC FACTORY l\u00e0 m\u1ed9t b\u1ed9 trong b\u1ed9 s\u01b0u t\u1eadp T\u00f2a nh\u00e0 m\u00f4-\u0111un, \u0111\u01b0\u1ee3c thi\u1ebft k\u1ebf b\u1edfi jepaz. MOC 54693 n\u00e0y \u0111i k\u00e8m v\u1edbi h\u01b0\u1edbng d\u1eabn PDF gi\u00fap d\u1ec5 d\u00e0ng t\u1ea1o v\u00e0 t\u00ecm c\u00e1c ph\u1ea7n c\u00f2n thi\u1ebfu. B\u1ed9 g\u1ed3m 5626 mi\u1ebfng, ph\u00e1t h\u00e0nh l\u1ea7n \u0111\u1ea7u v\u00e0o n\u0103m 2021.<\/p>\n<figure id=\"attachment_201359\" aria-describedby=\"caption-attachment-201359\" style=\"width: 800px\" class=\"wp-caption aligncenter\"><a href=\"https:\/\/pay.lpwstore.com\/wp-content\/uploads\/2021\/01\/MOC-54693-Dockside-Fuel-and-Oil-Modular-Building-by-jepaz-MOC-FACTORY.jpg\" target=\"_blank\" rel=\"noopener\"><img fetchpriority=\"high\" decoding=\"async\" class=\"wp-image-201359 size-full\" title=\"MOC-54693 T\u00f2a nh\u00e0 m\u00f4-\u0111un nhi\u00ean li\u1ec7u v\u00e0 d\u1ea7u b\u00ean b\u1ebfn t\u00e0u c\u1ee7a jepaz MOC FACTORY\" src=\"https:\/\/pay.lpwstore.com\/wp-content\/uploads\/2021\/01\/MOC-54693-Dockside-Fuel-and-Oil-Modular-Building-by-jepaz-MOC-FACTORY.jpg\" alt=\"MOC-54693 Dockside Fuel and Oil Modular Building by jepaz MOC FACTORY\" width=\"800\" height=\"800\" \/><\/a><figcaption id=\"caption-attachment-201359\" class=\"wp-caption-text\">MOC-54693 T\u00f2a nh\u00e0 m\u00f4-\u0111un nhi\u00ean li\u1ec7u v\u00e0 d\u1ea7u b\u00ean b\u1ebfn t\u00e0u c\u1ee7a jepaz MOC FACTORY<\/figcaption><\/figure>\n<p><img decoding=\"async\" class=\"alignnone size-full wp-image-201360 aligncenter\" src=\"https:\/\/pay.lpwstore.com\/wp-content\/uploads\/2021\/01\/MOC-54693-Dockside-Fuel-and-Oil-Modular-Building-by-jepaz-MOC-FACTORY-2.jpg\" alt=\"-\" width=\"800\" height=\"800\" title=\"-\"> <img decoding=\"async\" class=\"alignnone size-full wp-image-201361 aligncenter\" src=\"https:\/\/pay.lpwstore.com\/wp-content\/uploads\/2021\/01\/MOC-54693-Dockside-Fuel-and-Oil-Modular-Building-by-jepaz-MOC-FACTORY-3.jpg\" alt=\"-\" width=\"800\" height=\"800\" title=\"-\"><\/p>","protected":false},"excerpt":{"rendered":"<ul>\n<li>Bao g\u1ed3m\u00a0<strong>5626+<\/strong>\u00a0chi\u1ebfc<\/li>\n<li>H\u01b0\u1edbng d\u1eabn PDF tr\u1ef1c tuy\u1ebfn<\/li>\n<li>Kh\u1ed1i ABS ch\u1ea5t l\u01b0\u1ee3ng cao<\/li>\n<\/ul>","protected":false},"featured_media":22750,"comment_status":"open","ping_status":"closed","template":"","meta":{"_acf_changed":false},"product_cat":[390],"product_tag":[],"class_list":["product","first","instock","shipping-taxable","purchasable","product-type-simple"],"acf":[],"_links":{"self":[{"href":"https:\/\/mouldking.store\/vi\/wp-json\/wp\/v2\/product\/22753","targetHints":{"allow":["GET"]}}],"collection":[{"href":"https:\/\/mouldking.store\/vi\/wp-json\/wp\/v2\/product"}],"about":[{"href":"https:\/\/mouldking.store\/vi\/wp-json\/wp\/v2\/types\/product"}],"replies":[{"embeddable":true,"href":"https:\/\/mouldking.store\/vi\/wp-json\/wp\/v2\/comments?post=22753"}],"wp:featuredmedia":[{"embeddable":true,"href":"https:\/\/mouldking.store\/vi\/wp-json\/wp\/v2\/media\/22750"}],"wp:attachment":[{"href":"https:\/\/mouldking.store\/vi\/wp-json\/wp\/v2\/media?parent=22753"}],"wp:term":[{"taxonomy":"product_cat","embeddable":true,"href":"https:\/\/mouldking.store\/vi\/wp-json\/wp\/v2\/product_cat?post=22753"},{"taxonomy":"product_tag","embeddable":true,"href":"https:\/\/mouldking.store\/vi\/wp-json\/wp\/v2\/product_tag?post=22753"}],"curies":[{"name":"wp","href":"https:\/\/api.w.org\/{rel}","templated":true}]}}