{"id":22761,"date":"2021-10-10T04:44:01","date_gmt":"2021-10-10T04:44:01","guid":{"rendered":"https:\/\/mouldking.store\/shop\/moc-34956-church-modular-building-by-jepaz-moc-factory\/"},"modified":"2025-12-25T09:21:07","modified_gmt":"2025-12-25T02:21:07","slug":"moc-34956-church-modular-building-by-jepaz-moc-factory","status":"publish","type":"product","link":"https:\/\/mouldking.store\/vi\/shop\/moc-34956-church-modular-building-by-jepaz-moc-factory\/","title":{"rendered":"T\u00f2a nh\u00e0 m\u00f4-\u0111un nh\u00e0 th\u1edd MOC-34956 c\u1ee7a jepaz MOC FACTORY"},"content":{"rendered":"<ul>\n<li style=\"text-align: left;\">MOC-34956 T\u00f2a nh\u00e0 m\u00f4-\u0111un nh\u00e0 th\u1edd c\u1ee7a jepaz MOC FACTORY l\u00e0 m\u1ed9t t\u1eadp h\u1ee3p trong b\u1ed9 s\u01b0u t\u1eadp T\u00f2a nh\u00e0 m\u00f4-\u0111un, \u0111\u01b0\u1ee3c thi\u1ebft k\u1ebf b\u1edfi jepaz. MOC 34956 n\u00e0y \u0111i k\u00e8m v\u1edbi h\u01b0\u1edbng d\u1eabn PDF gi\u00fap d\u1ec5 d\u00e0ng t\u1ea1o v\u00e0 t\u00ecm c\u00e1c ph\u1ea7n c\u00f2n thi\u1ebfu. B\u1ed9 g\u1ed3m 7517 mi\u1ebfng, ph\u00e1t h\u00e0nh l\u1ea7n \u0111\u1ea7u v\u00e0o n\u0103m 2021.<\/li>\n<li>S\u1eafp x\u1ebfp th\u1eddi gian: 7-8 tu\u1ea7n<\/li>\n<\/ul>\n<figure id=\"attachment_201367\" class=\"wp-caption aligncenter\" style=\"width: 800px;\" aria-describedby=\"caption-attachment-201367\"><figcaption id=\"caption-attachment-201367\" class=\"wp-caption-text\">\n<figure id=\"attachment_22758\" aria-describedby=\"caption-attachment-22758\" style=\"width: 800px\" class=\"wp-caption aligncenter\"><img fetchpriority=\"high\" decoding=\"async\" class=\"wp-image-22758 size-full\" src=\"https:\/\/mouldking.store\/wp-content\/uploads\/2021\/10\/MOC-34956-Church-Modular-Building-by-jepaz-MOC-FACTORY.jpg\" alt=\"MOC-34956 Church Modular Building by jepaz MOC FACTORY\" width=\"800\" height=\"800\" title=\"-\" srcset=\"https:\/\/mouldking.store\/wp-content\/uploads\/2021\/10\/MOC-34956-Church-Modular-Building-by-jepaz-MOC-FACTORY.jpg 800w, https:\/\/mouldking.store\/wp-content\/uploads\/2021\/10\/MOC-34956-Church-Modular-Building-by-jepaz-MOC-FACTORY-300x300.jpg 300w, https:\/\/mouldking.store\/wp-content\/uploads\/2021\/10\/MOC-34956-Church-Modular-Building-by-jepaz-MOC-FACTORY-768x768.jpg 768w, https:\/\/mouldking.store\/wp-content\/uploads\/2021\/10\/MOC-34956-Church-Modular-Building-by-jepaz-MOC-FACTORY-600x600.jpg 600w, https:\/\/mouldking.store\/wp-content\/uploads\/2021\/10\/MOC-34956-Church-Modular-Building-by-jepaz-MOC-FACTORY-150x150.jpg 150w\" sizes=\"(max-width: 800px) 100vw, 800px\" \/><figcaption id=\"caption-attachment-22758\" class=\"wp-caption-text\">T\u00f2a nh\u00e0 m\u00f4-\u0111un nh\u00e0 th\u1edd MOC-34956 c\u1ee7a jepaz MOC FACTORY<\/figcaption><\/figure>\n<figure id=\"attachment_22759\" aria-describedby=\"caption-attachment-22759\" style=\"width: 800px\" class=\"wp-caption aligncenter\"><img decoding=\"async\" class=\"wp-image-22759 size-full\" src=\"https:\/\/mouldking.store\/wp-content\/uploads\/2021\/10\/MOC-34956-Church-Modular-Building-by-jepaz-MOC-FACTORY-2.jpg\" alt=\"MOC-34956 Church Modular Building by jepaz MOC FACTORY\" width=\"800\" height=\"800\" title=\"-\" srcset=\"https:\/\/mouldking.store\/wp-content\/uploads\/2021\/10\/MOC-34956-Church-Modular-Building-by-jepaz-MOC-FACTORY-2.jpg 800w, https:\/\/mouldking.store\/wp-content\/uploads\/2021\/10\/MOC-34956-Church-Modular-Building-by-jepaz-MOC-FACTORY-2-300x300.jpg 300w, https:\/\/mouldking.store\/wp-content\/uploads\/2021\/10\/MOC-34956-Church-Modular-Building-by-jepaz-MOC-FACTORY-2-768x768.jpg 768w, https:\/\/mouldking.store\/wp-content\/uploads\/2021\/10\/MOC-34956-Church-Modular-Building-by-jepaz-MOC-FACTORY-2-600x600.jpg 600w, https:\/\/mouldking.store\/wp-content\/uploads\/2021\/10\/MOC-34956-Church-Modular-Building-by-jepaz-MOC-FACTORY-2-150x150.jpg 150w\" sizes=\"(max-width: 800px) 100vw, 800px\" \/><figcaption id=\"caption-attachment-22759\" class=\"wp-caption-text\">T\u00f2a nh\u00e0 m\u00f4-\u0111un nh\u00e0 th\u1edd MOC-34956 c\u1ee7a jepaz MOC FACTORY<\/figcaption><\/figure>\n<figure id=\"attachment_22760\" aria-describedby=\"caption-attachment-22760\" style=\"width: 800px\" class=\"wp-caption aligncenter\"><img decoding=\"async\" class=\"wp-image-22760 size-full\" src=\"https:\/\/mouldking.store\/wp-content\/uploads\/2021\/10\/MOC-34956-Church-Modular-Building-by-jepaz-MOC-FACTORY-3.jpg\" alt=\"MOC-34956 Church Modular Building by jepaz MOC FACTORY\" width=\"800\" height=\"800\" title=\"-\" srcset=\"https:\/\/mouldking.store\/wp-content\/uploads\/2021\/10\/MOC-34956-Church-Modular-Building-by-jepaz-MOC-FACTORY-3.jpg 800w, https:\/\/mouldking.store\/wp-content\/uploads\/2021\/10\/MOC-34956-Church-Modular-Building-by-jepaz-MOC-FACTORY-3-300x300.jpg 300w, https:\/\/mouldking.store\/wp-content\/uploads\/2021\/10\/MOC-34956-Church-Modular-Building-by-jepaz-MOC-FACTORY-3-768x768.jpg 768w, https:\/\/mouldking.store\/wp-content\/uploads\/2021\/10\/MOC-34956-Church-Modular-Building-by-jepaz-MOC-FACTORY-3-600x600.jpg 600w, https:\/\/mouldking.store\/wp-content\/uploads\/2021\/10\/MOC-34956-Church-Modular-Building-by-jepaz-MOC-FACTORY-3-150x150.jpg 150w\" sizes=\"(max-width: 800px) 100vw, 800px\" \/><figcaption id=\"caption-attachment-22760\" class=\"wp-caption-text\">T\u00f2a nh\u00e0 m\u00f4-\u0111un nh\u00e0 th\u1edd MOC-34956 c\u1ee7a jepaz MOC FACTORY<\/figcaption><\/figure>\n<\/figcaption><\/figure>\n<p>&nbsp;<\/p>","protected":false},"excerpt":{"rendered":"<ul>\n<li>Bao g\u1ed3m\u00a0<strong>7517+<\/strong>\u00a0chi\u1ebfc<\/li>\n<li>H\u01b0\u1edbng d\u1eabn PDF tr\u1ef1c tuy\u1ebfn<\/li>\n<li>Kh\u1ed1i ABS ch\u1ea5t l\u01b0\u1ee3ng cao<\/li>\n<\/ul>","protected":false},"featured_media":22758,"comment_status":"open","ping_status":"closed","template":"","meta":{"_acf_changed":false},"product_cat":[390],"product_tag":[],"class_list":["product","first","instock","shipping-taxable","purchasable","product-type-simple"],"acf":[],"_links":{"self":[{"href":"https:\/\/mouldking.store\/vi\/wp-json\/wp\/v2\/product\/22761","targetHints":{"allow":["GET"]}}],"collection":[{"href":"https:\/\/mouldking.store\/vi\/wp-json\/wp\/v2\/product"}],"about":[{"href":"https:\/\/mouldking.store\/vi\/wp-json\/wp\/v2\/types\/product"}],"replies":[{"embeddable":true,"href":"https:\/\/mouldking.store\/vi\/wp-json\/wp\/v2\/comments?post=22761"}],"wp:featuredmedia":[{"embeddable":true,"href":"https:\/\/mouldking.store\/vi\/wp-json\/wp\/v2\/media\/22758"}],"wp:attachment":[{"href":"https:\/\/mouldking.store\/vi\/wp-json\/wp\/v2\/media?parent=22761"}],"wp:term":[{"taxonomy":"product_cat","embeddable":true,"href":"https:\/\/mouldking.store\/vi\/wp-json\/wp\/v2\/product_cat?post=22761"},{"taxonomy":"product_tag","embeddable":true,"href":"https:\/\/mouldking.store\/vi\/wp-json\/wp\/v2\/product_tag?post=22761"}],"curies":[{"name":"wp","href":"https:\/\/api.w.org\/{rel}","templated":true}]}}