{"id":22775,"date":"2021-10-10T04:44:14","date_gmt":"2021-10-10T04:44:14","guid":{"rendered":"https:\/\/mouldking.store\/shop\/moc-35601-dock-house-modular-building-by-jepaz-moc-factory\/"},"modified":"2025-12-25T09:21:06","modified_gmt":"2025-12-25T02:21:06","slug":"moc-35601-dock-house-modular-building-by-jepaz-moc-factory","status":"publish","type":"product","link":"https:\/\/mouldking.store\/vi\/shop\/moc-35601-dock-house-modular-building-by-jepaz-moc-factory\/","title":{"rendered":"MOC-35601 T\u00f2a nh\u00e0 m\u00f4-\u0111un Dock House c\u1ee7a jepaz MOC FACTORY"},"content":{"rendered":"<p style=\"text-align: left\">MOC-35601 Dock House Modular Building by jepaz MOC FACTORY is a set in Modular Building collection, designed by jepaz . This MOC 35601 comes with PDF instruction which is easy to build and find the missing pieces. The set contains 3743 pieces, first released in 2021.<\/p>\n<p>Th\u1eddi gian s\u1eafp x\u1ebfp: 4-8 tu\u1ea7n<\/p>\n<p><img fetchpriority=\"high\" decoding=\"async\" class=\"alignnone size-full wp-image-29606\" src=\"https:\/\/mocfactory.com\/wp-content\/uploads\/2020\/12\/MOC-35601-Dock-House-Modular-Building-by-jepaz-MOC-FACTORY.jpg\" alt=\"-\" width=\"800\" height=\"800\" title=\"-\"> <img decoding=\"async\" class=\"alignnone size-full wp-image-29605\" src=\"https:\/\/mocfactory.com\/wp-content\/uploads\/2020\/12\/MOC-35601-Dock-House-Modular-Building-by-jepaz-MOC-FACTORY-2.jpg\" alt=\"-\" width=\"800\" height=\"800\" title=\"-\"> <img decoding=\"async\" class=\"alignnone size-full wp-image-29604\" src=\"https:\/\/mocfactory.com\/wp-content\/uploads\/2020\/12\/MOC-35601-Dock-House-Modular-Building-by-jepaz-MOC-FACTORY-3.jpg\" alt=\"-\" width=\"800\" height=\"800\" title=\"-\"><\/p>\n<p>&nbsp;<\/p>","protected":false},"excerpt":{"rendered":"<ul>\n<li>Bao g\u1ed3m\u00a0<strong>3743+<\/strong>\u00a0chi\u1ebfc<\/li>\n<li>H\u01b0\u1edbng d\u1eabn PDF tr\u1ef1c tuy\u1ebfn<\/li>\n<li>Kh\u1ed1i ABS ch\u1ea5t l\u01b0\u1ee3ng cao<\/li>\n<\/ul>","protected":false},"featured_media":22772,"comment_status":"open","ping_status":"closed","template":"","meta":{"_acf_changed":false},"product_cat":[390],"product_tag":[10552,10553,2318,10554,430,461,10551,10555,10556,10557,10550,392],"class_list":["product","first","instock","shipping-taxable","purchasable","product-type-simple"],"acf":[],"_links":{"self":[{"href":"https:\/\/mouldking.store\/vi\/wp-json\/wp\/v2\/product\/22775","targetHints":{"allow":["GET"]}}],"collection":[{"href":"https:\/\/mouldking.store\/vi\/wp-json\/wp\/v2\/product"}],"about":[{"href":"https:\/\/mouldking.store\/vi\/wp-json\/wp\/v2\/types\/product"}],"replies":[{"embeddable":true,"href":"https:\/\/mouldking.store\/vi\/wp-json\/wp\/v2\/comments?post=22775"}],"wp:featuredmedia":[{"embeddable":true,"href":"https:\/\/mouldking.store\/vi\/wp-json\/wp\/v2\/media\/22772"}],"wp:attachment":[{"href":"https:\/\/mouldking.store\/vi\/wp-json\/wp\/v2\/media?parent=22775"}],"wp:term":[{"taxonomy":"product_cat","embeddable":true,"href":"https:\/\/mouldking.store\/vi\/wp-json\/wp\/v2\/product_cat?post=22775"},{"taxonomy":"product_tag","embeddable":true,"href":"https:\/\/mouldking.store\/vi\/wp-json\/wp\/v2\/product_tag?post=22775"}],"curies":[{"name":"wp","href":"https:\/\/api.w.org\/{rel}","templated":true}]}}