{"id":22786,"date":"2021-10-10T04:44:21","date_gmt":"2021-10-09T21:44:21","guid":{"rendered":"https:\/\/mouldking.store\/shop\/moc-29080-game-of-thrones-westeros-skyline-movie-by-benbuildslego-moc-factory\/"},"modified":"2025-12-25T09:21:06","modified_gmt":"2025-12-25T02:21:06","slug":"moc-29080-game-of-thrones-westeros-skyline-movie-by-benbuildslego-moc-factory","status":"publish","type":"product","link":"https:\/\/mouldking.store\/vi\/shop\/moc-29080-game-of-thrones-westeros-skyline-movie-by-benbuildslego-moc-factory\/","title":{"rendered":"MOC-29080 Game of Thrones \u2013 Phim \u0111\u01b0\u1eddng ch\u00e2n tr\u1eddi Westeros c\u1ee7a benbuildslego MOC FACTORY"},"content":{"rendered":"<p style=\"text-align: left\">MOC-29080 Game of Thrones \u2013 Westeros Skyline Movie c\u1ee7a benbuildslego MOC FACTORY l\u00e0 m\u1ed9t b\u1ed1i c\u1ea3nh trong b\u1ed9 s\u01b0u t\u1eadp Phim, \u0111\u01b0\u1ee3c thi\u1ebft k\u1ebf b\u1edfi benbuildslego. MOC 29080 n\u00e0y \u0111i k\u00e8m v\u1edbi h\u01b0\u1edbng d\u1eabn PDF gi\u00fap d\u1ec5 d\u00e0ng t\u1ea1o v\u00e0 t\u00ecm c\u00e1c ph\u1ea7n c\u00f2n thi\u1ebfu. B\u1ed9 g\u1ed3m 767 mi\u1ebfng, ph\u00e1t h\u00e0nh l\u1ea7n \u0111\u1ea7u v\u00e0o n\u0103m 2021.<\/p>\n<p>Th\u1eddi gian s\u1eafp x\u1ebfp: 4-8 tu\u1ea7n<\/p>\n<figure id=\"attachment_29762\" aria-describedby=\"caption-attachment-29762\" style=\"width: 800px\" class=\"wp-caption aligncenter\"><img fetchpriority=\"high\" decoding=\"async\" class=\"wp-image-29762 size-full\" src=\"https:\/\/mocfactory.com\/wp-content\/uploads\/2021\/01\/MOC-29080-Game-of-Thrones-Westeros-Skyline-Movie-by-benbuildslego-MOC-FACTORY.jpg\" alt=\"MOC-29080  Movie  Game of Thrones \u2013 Westeros Skyline  Designer benbuildslego MOC FACTORY\" width=\"800\" height=\"800\" title=\"-\"><figcaption id=\"caption-attachment-29762\" class=\"wp-caption-text\">MOC-29080 Movie Game of Thrones \u2013 Westeros Skyline Designer benbuildslego MOC FACTORY<\/figcaption><\/figure>\n<figure id=\"attachment_29761\" aria-describedby=\"caption-attachment-29761\" style=\"width: 800px\" class=\"wp-caption aligncenter\"><img decoding=\"async\" class=\"wp-image-29761 size-full\" src=\"https:\/\/mocfactory.com\/wp-content\/uploads\/2021\/01\/MOC-29080-Game-of-Thrones-Westeros-Skyline-Movie-by-benbuildslego-MOC-FACTORY-2.jpg\" alt=\"MOC-29080  Movie  Game of Thrones \u2013 Westeros Skyline  Designer benbuildslego MOC FACTORY\" width=\"800\" height=\"800\" title=\"-\"><figcaption id=\"caption-attachment-29761\" class=\"wp-caption-text\">MOC-29080 Movie Game of Thrones \u2013 Westeros Skyline Designer benbuildslego MOC FACTORY<\/figcaption><\/figure>\n<figure id=\"attachment_201409\" class=\"wp-caption aligncenter\" style=\"width: 800px\" aria-describedby=\"caption-attachment-201409\"><\/figure>\n<p>&nbsp;<\/p>","protected":false},"excerpt":{"rendered":"<ul>\n<li>Bao g\u1ed3m\u00a0<strong>767+<\/strong>\u00a0chi\u1ebfc<\/li>\n<li>H\u01b0\u1edbng d\u1eabn PDF tr\u1ef1c tuy\u1ebfn<\/li>\n<li>Kh\u1ed1i ABS ch\u1ea5t l\u01b0\u1ee3ng cao<\/li>\n<\/ul>","protected":false},"featured_media":22784,"comment_status":"open","ping_status":"closed","template":"","meta":{"_acf_changed":false},"product_cat":[581],"product_tag":[],"class_list":["product","first","instock","shipping-taxable","purchasable","product-type-simple"],"acf":[],"_links":{"self":[{"href":"https:\/\/mouldking.store\/vi\/wp-json\/wp\/v2\/product\/22786","targetHints":{"allow":["GET"]}}],"collection":[{"href":"https:\/\/mouldking.store\/vi\/wp-json\/wp\/v2\/product"}],"about":[{"href":"https:\/\/mouldking.store\/vi\/wp-json\/wp\/v2\/types\/product"}],"replies":[{"embeddable":true,"href":"https:\/\/mouldking.store\/vi\/wp-json\/wp\/v2\/comments?post=22786"}],"wp:featuredmedia":[{"embeddable":true,"href":"https:\/\/mouldking.store\/vi\/wp-json\/wp\/v2\/media\/22784"}],"wp:attachment":[{"href":"https:\/\/mouldking.store\/vi\/wp-json\/wp\/v2\/media?parent=22786"}],"wp:term":[{"taxonomy":"product_cat","embeddable":true,"href":"https:\/\/mouldking.store\/vi\/wp-json\/wp\/v2\/product_cat?post=22786"},{"taxonomy":"product_tag","embeddable":true,"href":"https:\/\/mouldking.store\/vi\/wp-json\/wp\/v2\/product_tag?post=22786"}],"curies":[{"name":"wp","href":"https:\/\/api.w.org\/{rel}","templated":true}]}}