{"id":22832,"date":"2021-10-10T04:45:23","date_gmt":"2021-10-09T21:45:23","guid":{"rendered":"https:\/\/mouldking.store\/shop\/moc-36418-182-shenzhou-spacecraft-space-by-kehu05-moc-factory\/"},"modified":"2025-12-25T09:21:05","modified_gmt":"2025-12-25T02:21:05","slug":"moc-36418-182-shenzhou-spacecraft-space-by-kehu05-moc-factory","status":"publish","type":"product","link":"https:\/\/mouldking.store\/vi\/shop\/moc-36418-182-shenzhou-spacecraft-space-by-kehu05-moc-factory\/","title":{"rendered":"MOC-36418 1:82 T\u00e0u v\u0169 tr\u1ee5 Th\u1ea7n Ch\u00e2u c\u1ee7a kehu05 MOC FACTORY"},"content":{"rendered":"<p style=\"text-align: left;\">MOC-36418 1:82 Th\u1ea7n Ch\u00e2u Phi thuy\u1ec1n Kh\u00f4ng gian c\u1ee7a kehu05 MOC FACTORY l\u00e0 m\u1ed9t b\u1ed1i c\u1ea3nh trong b\u1ed9 s\u01b0u t\u1eadp Kh\u00f4ng gian, \u0111\u01b0\u1ee3c thi\u1ebft k\u1ebf b\u1edfi kehu05. MOC 36418 n\u00e0y \u0111i k\u00e8m v\u1edbi h\u01b0\u1edbng d\u1eabn PDF gi\u00fap d\u1ec5 d\u00e0ng t\u1ea1o v\u00e0 t\u00ecm c\u00e1c ph\u1ea7n c\u00f2n thi\u1ebfu. B\u1ed9 g\u1ed3m 146 mi\u1ebfng, ph\u00e1t h\u00e0nh l\u1ea7n \u0111\u1ea7u v\u00e0o n\u0103m 2021.<\/p>\n<figure id=\"attachment_201631\" class=\"wp-caption aligncenter\" style=\"width: 800px;\" aria-describedby=\"caption-attachment-201631\"><a href=\"https:\/\/pay.lpwstore.com\/wp-content\/uploads\/2021\/01\/MOC-36418-182-Shenzhou-Spacecraft-Space-by-kehu05-MOC-FACTORY.jpg\" target=\"_blank\" rel=\"noopener\"><img fetchpriority=\"high\" decoding=\"async\" class=\"wp-image-201631 size-full\" title=\"MOC-36418 1:82 T\u00e0u v\u0169 tr\u1ee5 Th\u1ea7n Ch\u00e2u c\u1ee7a kehu05 MOC FACTORY\" src=\"https:\/\/pay.lpwstore.com\/wp-content\/uploads\/2021\/01\/MOC-36418-182-Shenzhou-Spacecraft-Space-by-kehu05-MOC-FACTORY.jpg\" alt=\"MOC-36418 1:82 Shenzhou Spacecraft Space by kehu05 MOC FACTORY\" width=\"800\" height=\"800\" \/><\/a><figcaption id=\"caption-attachment-201631\" class=\"wp-caption-text\">MOC-36418 1:82 T\u00e0u v\u0169 tr\u1ee5 Th\u1ea7n Ch\u00e2u c\u1ee7a kehu05 MOC FACTORY<\/figcaption><\/figure>\n<p><img decoding=\"async\" class=\"alignnone size-full wp-image-201632 aligncenter\" src=\"https:\/\/pay.lpwstore.com\/wp-content\/uploads\/2021\/01\/MOC-36418-182-Shenzhou-Spacecraft-Space-by-kehu05-MOC-FACTORY-2.jpg\" alt=\"MOC-36418-182-Shenzhou-Spacecraft-Space-by-kehu05-MOC-FACTORY-2\" width=\"800\" height=\"800\" title=\"-\"><\/p>","protected":false},"excerpt":{"rendered":"<ul>\n<li>Bao g\u1ed3m <strong>146+<\/strong> chi\u1ebfc<\/li>\n<li>H\u01b0\u1edbng d\u1eabn PDF tr\u1ef1c tuy\u1ebfn<\/li>\n<li>Kh\u1ed1i ABS ch\u1ea5t l\u01b0\u1ee3ng cao<\/li>\n<\/ul>","protected":false},"featured_media":22830,"comment_status":"open","ping_status":"closed","template":"","meta":{"_acf_changed":false},"product_cat":[371],"product_tag":[],"class_list":["product","first","instock","shipping-taxable","purchasable","product-type-simple"],"acf":[],"_links":{"self":[{"href":"https:\/\/mouldking.store\/vi\/wp-json\/wp\/v2\/product\/22832","targetHints":{"allow":["GET"]}}],"collection":[{"href":"https:\/\/mouldking.store\/vi\/wp-json\/wp\/v2\/product"}],"about":[{"href":"https:\/\/mouldking.store\/vi\/wp-json\/wp\/v2\/types\/product"}],"replies":[{"embeddable":true,"href":"https:\/\/mouldking.store\/vi\/wp-json\/wp\/v2\/comments?post=22832"}],"wp:featuredmedia":[{"embeddable":true,"href":"https:\/\/mouldking.store\/vi\/wp-json\/wp\/v2\/media\/22830"}],"wp:attachment":[{"href":"https:\/\/mouldking.store\/vi\/wp-json\/wp\/v2\/media?parent=22832"}],"wp:term":[{"taxonomy":"product_cat","embeddable":true,"href":"https:\/\/mouldking.store\/vi\/wp-json\/wp\/v2\/product_cat?post=22832"},{"taxonomy":"product_tag","embeddable":true,"href":"https:\/\/mouldking.store\/vi\/wp-json\/wp\/v2\/product_tag?post=22832"}],"curies":[{"name":"wp","href":"https:\/\/api.w.org\/{rel}","templated":true}]}}