{"id":22836,"date":"2021-10-10T04:45:28","date_gmt":"2021-10-09T21:45:28","guid":{"rendered":"https:\/\/mouldking.store\/shop\/moc-44639-hellraiser-pinhead-brickheadz-2-for-1-creator-by-brickdroid-moc-factory\/"},"modified":"2025-12-25T09:21:05","modified_gmt":"2025-12-25T02:21:05","slug":"moc-44639-hellraiser-pinhead-brickheadz-2-for-1-creator-by-brickdroid-moc-factory","status":"publish","type":"product","link":"https:\/\/mouldking.store\/vi\/shop\/moc-44639-hellraiser-pinhead-brickheadz-2-for-1-creator-by-brickdroid-moc-factory\/","title":{"rendered":"MOC-44639 Hellraiser Pinhead Brickheadz 2 cho 1 Creator c\u1ee7a Brickdroid MOC FACTORY"},"content":{"rendered":"<p style=\"text-align: left\">MOC-44639 Hellraiser Pinhead Brickheadz 2 for 1 Creator c\u1ee7a Brickdroid MOC FACTORY l\u00e0 m\u1ed9t b\u1ed9 trong b\u1ed9 s\u01b0u t\u1eadp Creator, \u0111\u01b0\u1ee3c thi\u1ebft k\u1ebf b\u1edfi Brickdroid . MOC 44639 n\u00e0y \u0111i k\u00e8m v\u1edbi h\u01b0\u1edbng d\u1eabn PDF gi\u00fap d\u1ec5 d\u00e0ng t\u1ea1o v\u00e0 t\u00ecm c\u00e1c ph\u1ea7n c\u00f2n thi\u1ebfu. B\u1ed9 g\u1ed3m 235 mi\u1ebfng, ph\u00e1t h\u00e0nh l\u1ea7n \u0111\u1ea7u v\u00e0o n\u0103m 2021.<\/p>\n<p>There are 2 missing pieces in this set<\/p>\n<p><img decoding=\"async\" class=\"alignnone size-full wp-image-44239\" src=\"https:\/\/mouldking.store\/wp-content\/uploads\/2021\/10\/MOC-44639-Hellraiser-Pinhead-Brickheadz-2-for-1-Creator-by-Brickdroid-MOC-FACTORY-2-1.jpg\" alt=\"-\" width=\"74\" height=\"119\" title=\"-\"> <img decoding=\"async\" class=\"alignnone size-medium wp-image-44240\" src=\"https:\/\/mouldking.store\/wp-content\/uploads\/2021\/10\/MOC-44639-Hellraiser-Pinhead-Brickheadz-2-for-1-Creator-by-Brickdroid-MOC-FACTORY-1.jpg\" alt=\"-\" width=\"63\" height=\"158\" title=\"-\"><\/p>","protected":false},"excerpt":{"rendered":"<ul>\n<li>Bao g\u1ed3m\u00a0<strong>235+<\/strong>\u00a0chi\u1ebfc<\/li>\n<li>H\u01b0\u1edbng d\u1eabn PDF tr\u1ef1c tuy\u1ebfn<\/li>\n<li>Kh\u1ed1i ABS ch\u1ea5t l\u01b0\u1ee3ng cao<\/li>\n<\/ul>","protected":false},"featured_media":22833,"comment_status":"open","ping_status":"closed","template":"","meta":{"_acf_changed":false},"product_cat":[371],"product_tag":[],"class_list":["product","first","instock","shipping-taxable","purchasable","product-type-simple"],"acf":[],"_links":{"self":[{"href":"https:\/\/mouldking.store\/vi\/wp-json\/wp\/v2\/product\/22836","targetHints":{"allow":["GET"]}}],"collection":[{"href":"https:\/\/mouldking.store\/vi\/wp-json\/wp\/v2\/product"}],"about":[{"href":"https:\/\/mouldking.store\/vi\/wp-json\/wp\/v2\/types\/product"}],"replies":[{"embeddable":true,"href":"https:\/\/mouldking.store\/vi\/wp-json\/wp\/v2\/comments?post=22836"}],"wp:featuredmedia":[{"embeddable":true,"href":"https:\/\/mouldking.store\/vi\/wp-json\/wp\/v2\/media\/22833"}],"wp:attachment":[{"href":"https:\/\/mouldking.store\/vi\/wp-json\/wp\/v2\/media?parent=22836"}],"wp:term":[{"taxonomy":"product_cat","embeddable":true,"href":"https:\/\/mouldking.store\/vi\/wp-json\/wp\/v2\/product_cat?post=22836"},{"taxonomy":"product_tag","embeddable":true,"href":"https:\/\/mouldking.store\/vi\/wp-json\/wp\/v2\/product_tag?post=22836"}],"curies":[{"name":"wp","href":"https:\/\/api.w.org\/{rel}","templated":true}]}}