{"id":22876,"date":"2021-10-10T04:46:08","date_gmt":"2021-10-09T21:46:08","guid":{"rendered":"https:\/\/mouldking.store\/shop\/moc-0160-chopped-hot-rod-technic-by-crowkillers-moc-factory\/"},"modified":"2025-12-25T09:21:03","modified_gmt":"2025-12-25T02:21:03","slug":"moc-0160-chopped-hot-rod-technic-by-crowkillers-moc-factory","status":"publish","type":"product","link":"https:\/\/mouldking.store\/vi\/shop\/moc-0160-chopped-hot-rod-technic-by-crowkillers-moc-factory\/","title":{"rendered":"MOC-0160 K\u1ef9 thu\u1eadt thanh n\u00f3ng \u0111\u01b0\u1ee3c c\u1eaft nh\u1ecf b\u1edfi Crowkillers MOC FACTORY"},"content":{"rendered":"<p>MOC-0160 Chopped Hot Rod Technic c\u1ee7a Crowkillers MOC FACTORY l\u00e0 m\u1ed9t b\u1ed9 trong b\u1ed9 s\u01b0u t\u1eadp Technic, \u0111\u01b0\u1ee3c thi\u1ebft k\u1ebf b\u1edfi Crowkillers. MOC 0160 n\u00e0y \u0111i k\u00e8m v\u1edbi h\u01b0\u1edbng d\u1eabn PDF, d\u1ec5 x\u00e2y d\u1ef1ng v\u00e0 t\u00ecm c\u00e1c ph\u1ea7n c\u00f2n thi\u1ebfu. B\u1ed9 g\u1ed3m 619 mi\u1ebfng, ph\u00e1t h\u00e0nh l\u1ea7n \u0111\u1ea7u v\u00e0o n\u0103m 2021.<\/p>\n<figure id=\"attachment_202214\" aria-describedby=\"caption-attachment-202214\" style=\"width: 800px\" class=\"wp-caption aligncenter\"><a href=\"https:\/\/pay.lpwstore.com\/wp-content\/uploads\/2021\/02\/MOC-0160-Chopped-Hot-Rod-Technic-by-Crowkillers-MOC-FACTORY.jpg\" target=\"_blank\" rel=\"noopener\"><img fetchpriority=\"high\" decoding=\"async\" class=\"wp-image-202214 size-full\" title=\"MOC-0160 K\u1ef9 thu\u1eadt thanh n\u00f3ng \u0111\u01b0\u1ee3c c\u1eaft nh\u1ecf b\u1edfi Crowkillers MOC FACTORY\" src=\"https:\/\/pay.lpwstore.com\/wp-content\/uploads\/2021\/02\/MOC-0160-Chopped-Hot-Rod-Technic-by-Crowkillers-MOC-FACTORY.jpg\" alt=\"MOC-0160 Chopped Hot Rod Technic by Crowkillers MOC FACTORY\" width=\"800\" height=\"800\" \/><\/a><figcaption id=\"caption-attachment-202214\" class=\"wp-caption-text\">MOC-0160 K\u1ef9 thu\u1eadt thanh n\u00f3ng \u0111\u01b0\u1ee3c c\u1eaft nh\u1ecf b\u1edfi Crowkillers MOC FACTORY<\/figcaption><\/figure>\n<p><img decoding=\"async\" class=\"size-full wp-image-202215 aligncenter\" src=\"https:\/\/pay.lpwstore.com\/wp-content\/uploads\/2021\/02\/MOC-0160-Chopped-Hot-Rod-Technic-by-Crowkillers-MOC-FACTORY-2.jpg\" alt=\"MOC-0160-Chopped-Hot-Rod-Technic-by-Crowkillers-MOC-FACTORY-2\" width=\"800\" height=\"800\" title=\"-\"><\/p>","protected":false},"excerpt":{"rendered":"<ul>\n<li>Bao g\u1ed3m <strong>619+<\/strong> chi\u1ebfc<\/li>\n<li>H\u01b0\u1edbng d\u1eabn PDF tr\u1ef1c tuy\u1ebfn<\/li>\n<li>Kh\u1ed1i ABS ch\u1ea5t l\u01b0\u1ee3ng cao<\/li>\n<\/ul>","protected":false},"featured_media":22874,"comment_status":"open","ping_status":"closed","template":"","meta":{"_acf_changed":false},"product_cat":[364],"product_tag":[],"class_list":["product","first","instock","shipping-taxable","purchasable","product-type-simple"],"acf":[],"_links":{"self":[{"href":"https:\/\/mouldking.store\/vi\/wp-json\/wp\/v2\/product\/22876","targetHints":{"allow":["GET"]}}],"collection":[{"href":"https:\/\/mouldking.store\/vi\/wp-json\/wp\/v2\/product"}],"about":[{"href":"https:\/\/mouldking.store\/vi\/wp-json\/wp\/v2\/types\/product"}],"replies":[{"embeddable":true,"href":"https:\/\/mouldking.store\/vi\/wp-json\/wp\/v2\/comments?post=22876"}],"wp:featuredmedia":[{"embeddable":true,"href":"https:\/\/mouldking.store\/vi\/wp-json\/wp\/v2\/media\/22874"}],"wp:attachment":[{"href":"https:\/\/mouldking.store\/vi\/wp-json\/wp\/v2\/media?parent=22876"}],"wp:term":[{"taxonomy":"product_cat","embeddable":true,"href":"https:\/\/mouldking.store\/vi\/wp-json\/wp\/v2\/product_cat?post=22876"},{"taxonomy":"product_tag","embeddable":true,"href":"https:\/\/mouldking.store\/vi\/wp-json\/wp\/v2\/product_tag?post=22876"}],"curies":[{"name":"wp","href":"https:\/\/api.w.org\/{rel}","templated":true}]}}