{"id":22941,"date":"2021-10-10T04:47:40","date_gmt":"2021-10-09T21:47:40","guid":{"rendered":"https:\/\/mouldking.store\/shop\/moc-49130-modular-school-modular-building-by-peedeejay-moc-factory\/"},"modified":"2025-12-25T09:21:02","modified_gmt":"2025-12-25T02:21:02","slug":"moc-49130-modular-school-modular-building-by-peedeejay-moc-factory","status":"publish","type":"product","link":"https:\/\/mouldking.store\/vi\/shop\/moc-49130-modular-school-modular-building-by-peedeejay-moc-factory\/","title":{"rendered":"T\u00f2a nh\u00e0 m\u00f4-\u0111un tr\u01b0\u1eddng h\u1ecdc MOC-49130 c\u1ee7a peedeejay MOC FACTORY"},"content":{"rendered":"<p style=\"text-align: left\">MOC-49130 Modular School Modular Building by peedeejay MOC FACTORY is a set in Modular Building collection, designed by peedeejay. This MOC 49130 comes with PDF instruction which is easy to build and find the missing pieces. The set contains 14412 pieces, first released in 2021.<\/p>\n<figure id=\"attachment_202703\" aria-describedby=\"caption-attachment-202703\" style=\"width: 800px\" class=\"wp-caption aligncenter\"><a href=\"https:\/\/pay.lpwstore.com\/wp-content\/uploads\/2021\/02\/MOC-49130-Modular-School-Modular-Building-by-peedeejay-MOC-FACTORY.jpg\" target=\"_blank\" rel=\"noopener\"><img fetchpriority=\"high\" decoding=\"async\" class=\"wp-image-202703 size-full\" title=\"T\u00f2a nh\u00e0 m\u00f4-\u0111un tr\u01b0\u1eddng h\u1ecdc MOC-49130 c\u1ee7a peedeejay MOC FACTORY\" src=\"https:\/\/pay.lpwstore.com\/wp-content\/uploads\/2021\/02\/MOC-49130-Modular-School-Modular-Building-by-peedeejay-MOC-FACTORY.jpg\" alt=\"MOC-49130 Modular School Modular Building by peedeejay MOC FACTORY\" width=\"800\" height=\"800\" \/><\/a><figcaption id=\"caption-attachment-202703\" class=\"wp-caption-text\">T\u00f2a nh\u00e0 m\u00f4-\u0111un tr\u01b0\u1eddng h\u1ecdc MOC-49130 c\u1ee7a peedeejay MOC FACTORY<\/figcaption><\/figure>\n<p><img decoding=\"async\" class=\"alignnone size-full wp-image-202704 aligncenter\" src=\"https:\/\/pay.lpwstore.com\/wp-content\/uploads\/2021\/02\/MOC-49130-Modular-School-Modular-Building-by-peedeejay-MOC-FACTORY-2.jpg\" alt=\"-\" width=\"800\" height=\"800\" title=\"-\"> <img decoding=\"async\" class=\"alignnone size-full wp-image-202705 aligncenter\" src=\"https:\/\/pay.lpwstore.com\/wp-content\/uploads\/2021\/02\/MOC-49130-Modular-School-Modular-Building-by-peedeejay-MOC-FACTORY-3.jpg\" alt=\"-\" width=\"800\" height=\"800\" title=\"-\"> <img loading=\"lazy\" decoding=\"async\" class=\"alignnone size-full wp-image-202706 aligncenter\" src=\"https:\/\/pay.lpwstore.com\/wp-content\/uploads\/2021\/02\/MOC-49130-Modular-School-Modular-Building-by-peedeejay-MOC-FACTORY-4.jpg\" alt=\"-\" width=\"800\" height=\"800\" title=\"-\"> <img loading=\"lazy\" decoding=\"async\" class=\"alignnone size-full wp-image-202707 aligncenter\" src=\"https:\/\/pay.lpwstore.com\/wp-content\/uploads\/2021\/02\/MOC-49130-Modular-School-Modular-Building-by-peedeejay-MOC-FACTORY-5.jpg\" alt=\"-\" width=\"800\" height=\"800\" title=\"-\"> <img loading=\"lazy\" decoding=\"async\" class=\"alignnone size-full wp-image-202708 aligncenter\" src=\"https:\/\/pay.lpwstore.com\/wp-content\/uploads\/2021\/02\/MOC-49130-Modular-School-Modular-Building-by-peedeejay-MOC-FACTORY-6.jpg\" alt=\"-\" width=\"800\" height=\"800\" title=\"-\"><\/p>","protected":false},"excerpt":{"rendered":"<ul>\n<li>Bao g\u1ed3m\u00a0<strong>14412+<\/strong>\u00a0chi\u1ebfc<\/li>\n<li>H\u01b0\u1edbng d\u1eabn PDF tr\u1ef1c tuy\u1ebfn<\/li>\n<li>Kh\u1ed1i ABS ch\u1ea5t l\u01b0\u1ee3ng cao<\/li>\n<li>Dimensions: 77 x 30 x 40 cm<\/li>\n<\/ul>","protected":false},"featured_media":22935,"comment_status":"open","ping_status":"closed","template":"","meta":{"_acf_changed":false},"product_cat":[390],"product_tag":[],"class_list":["product","first","instock","shipping-taxable","purchasable","product-type-simple"],"acf":[],"_links":{"self":[{"href":"https:\/\/mouldking.store\/vi\/wp-json\/wp\/v2\/product\/22941","targetHints":{"allow":["GET"]}}],"collection":[{"href":"https:\/\/mouldking.store\/vi\/wp-json\/wp\/v2\/product"}],"about":[{"href":"https:\/\/mouldking.store\/vi\/wp-json\/wp\/v2\/types\/product"}],"replies":[{"embeddable":true,"href":"https:\/\/mouldking.store\/vi\/wp-json\/wp\/v2\/comments?post=22941"}],"wp:featuredmedia":[{"embeddable":true,"href":"https:\/\/mouldking.store\/vi\/wp-json\/wp\/v2\/media\/22935"}],"wp:attachment":[{"href":"https:\/\/mouldking.store\/vi\/wp-json\/wp\/v2\/media?parent=22941"}],"wp:term":[{"taxonomy":"product_cat","embeddable":true,"href":"https:\/\/mouldking.store\/vi\/wp-json\/wp\/v2\/product_cat?post=22941"},{"taxonomy":"product_tag","embeddable":true,"href":"https:\/\/mouldking.store\/vi\/wp-json\/wp\/v2\/product_tag?post=22941"}],"curies":[{"name":"wp","href":"https:\/\/api.w.org\/{rel}","templated":true}]}}