{"id":22979,"date":"2021-10-10T04:48:18","date_gmt":"2021-10-09T21:48:18","guid":{"rendered":"https:\/\/mouldking.store\/shop\/moc-57537-micro-mos-eisley-cantina-star-wars-by-ron_mcphatty-moc-factory\/"},"modified":"2025-12-25T09:21:02","modified_gmt":"2025-12-25T02:21:02","slug":"moc-57537-micro-mos-eisley-cantina-star-wars-by-ron_mcphatty-moc-factory","status":"publish","type":"product","link":"https:\/\/mouldking.store\/vi\/shop\/moc-57537-micro-mos-eisley-cantina-star-wars-by-ron_mcphatty-moc-factory\/","title":{"rendered":"MOC-57537 Micro Mos Eisley Cantina Chi\u1ebfn tranh gi\u1eefa c\u00e1c v\u00ec sao c\u1ee7a ron_mcphatty MOC FACTORY"},"content":{"rendered":"<p style=\"text-align: left\">MOC-57537 Micro Mos Eisley Cantina Chi\u1ebfn tranh gi\u1eefa c\u00e1c v\u00ec sao c\u1ee7a ron_mcphatty MOC FACTORY l\u00e0 m\u1ed9t b\u1ed9 trong b\u1ed9 s\u01b0u t\u1eadp Chi\u1ebfn tranh gi\u1eefa c\u00e1c v\u00ec sao, \u0111\u01b0\u1ee3c thi\u1ebft k\u1ebf b\u1edfi ron_mcphatty. MOC 57537 n\u00e0y \u0111i k\u00e8m v\u1edbi h\u01b0\u1edbng d\u1eabn PDF gi\u00fap d\u1ec5 d\u00e0ng t\u1ea1o v\u00e0 t\u00ecm c\u00e1c ph\u1ea7n c\u00f2n thi\u1ebfu. B\u1ed9 g\u1ed3m 865 mi\u1ebfng, ph\u00e1t h\u00e0nh l\u1ea7n \u0111\u1ea7u v\u00e0o n\u0103m 2021.<\/p>\n<p>Th\u1eddi gian s\u1eafp x\u1ebfp: 4-8 tu\u1ea7n<\/p>\n<figure id=\"attachment_30286\" aria-describedby=\"caption-attachment-30286\" style=\"width: 800px\" class=\"wp-caption aligncenter\"><img fetchpriority=\"high\" decoding=\"async\" class=\"wp-image-30286 size-full\" src=\"https:\/\/mocfactory.com\/wp-content\/uploads\/2021\/03\/MOC-57537-Micro-Mos-Eisley-Cantina-Star-Wars-by-ron_mcphatty-MOC-FACTORY.jpg\" alt=\"MOC-44568 Stinger Mantis - Fallen Order Star Wars by 2bricksofficial MOC FACTORY\" width=\"800\" height=\"800\" title=\"-\"><figcaption id=\"caption-attachment-30286\" class=\"wp-caption-text\">MOC-57537 Star Wars Micro Mos Eisley Cantina Nh\u00e0 thi\u1ebft k\u1ebf ron_mcphatty MOC FACTORY<\/figcaption><\/figure>\n<figure id=\"attachment_30285\" aria-describedby=\"caption-attachment-30285\" style=\"width: 800px\" class=\"wp-caption aligncenter\"><img decoding=\"async\" class=\"wp-image-30285 size-full\" src=\"https:\/\/mocfactory.com\/wp-content\/uploads\/2021\/03\/MOC-57537-Micro-Mos-Eisley-Cantina-Star-Wars-by-ron_mcphatty-MOC-FACTORY-2.jpg\" alt=\"MOC-57537  Star Wars Micro Mos Eisley Cantina Designer  ron_mcphatty MOC FACTORY\" width=\"800\" height=\"800\" title=\"-\"><figcaption id=\"caption-attachment-30285\" class=\"wp-caption-text\">MOC-57537 Star Wars Micro Mos Eisley Cantina Nh\u00e0 thi\u1ebft k\u1ebf ron_mcphatty MOC FACTORY<\/figcaption><\/figure>\n<figure id=\"attachment_30284\" aria-describedby=\"caption-attachment-30284\" style=\"width: 800px\" class=\"wp-caption aligncenter\"><img decoding=\"async\" class=\"wp-image-30284 size-full\" src=\"https:\/\/mocfactory.com\/wp-content\/uploads\/2021\/03\/MOC-57537-Micro-Mos-Eisley-Cantina-Star-Wars-by-ron_mcphatty-MOC-FACTORY-3.jpg\" alt=\"MOC-57537  Star Wars Micro Mos Eisley Cantina Designer  ron_mcphatty MOC FACTORY\" width=\"800\" height=\"800\" title=\"-\"><figcaption id=\"caption-attachment-30284\" class=\"wp-caption-text\">MOC-57537 Star Wars Micro Mos Eisley Cantina Nh\u00e0 thi\u1ebft k\u1ebf ron_mcphatty MOC FACTORY<\/figcaption><\/figure>\n<figure id=\"attachment_30283\" aria-describedby=\"caption-attachment-30283\" style=\"width: 800px\" class=\"wp-caption aligncenter\"><img loading=\"lazy\" decoding=\"async\" class=\"wp-image-30283 size-full\" src=\"https:\/\/mocfactory.com\/wp-content\/uploads\/2021\/03\/MOC-57537-Micro-Mos-Eisley-Cantina-Star-Wars-by-ron_mcphatty-MOC-FACTORY-4.jpg\" alt=\"MOC-57537  Star Wars Micro Mos Eisley Cantina Designer  ron_mcphatty MOC FACTORY\" width=\"800\" height=\"800\" title=\"-\"><figcaption id=\"caption-attachment-30283\" class=\"wp-caption-text\">MOC-57537 Star Wars Micro Mos Eisley Cantina Nh\u00e0 thi\u1ebft k\u1ebf ron_mcphatty MOC FACTORY<\/figcaption><\/figure>\n<p>&nbsp;<\/p>","protected":false},"excerpt":{"rendered":"<ul>\n<li>Bao g\u1ed3m\u00a0<strong>865+<\/strong>\u00a0chi\u1ebfc<\/li>\n<li>H\u01b0\u1edbng d\u1eabn PDF tr\u1ef1c tuy\u1ebfn<\/li>\n<li>Kh\u1ed1i ABS ch\u1ea5t l\u01b0\u1ee3ng cao<\/li>\n<li>K\u00edch th\u01b0\u1edbc: 22,6 x 17,2 x 9 cm<\/li>\n<\/ul>","protected":false},"author":83,"featured_media":22975,"comment_status":"open","ping_status":"closed","template":"","meta":{"_acf_changed":false},"product_cat":[415],"product_tag":[],"class_list":["product","first","instock","shipping-taxable","purchasable","product-type-simple"],"acf":[],"_links":{"self":[{"href":"https:\/\/mouldking.store\/vi\/wp-json\/wp\/v2\/product\/22979","targetHints":{"allow":["GET"]}}],"collection":[{"href":"https:\/\/mouldking.store\/vi\/wp-json\/wp\/v2\/product"}],"about":[{"href":"https:\/\/mouldking.store\/vi\/wp-json\/wp\/v2\/types\/product"}],"author":[{"embeddable":true,"href":"https:\/\/mouldking.store\/vi\/wp-json\/wp\/v2\/users\/83"}],"replies":[{"embeddable":true,"href":"https:\/\/mouldking.store\/vi\/wp-json\/wp\/v2\/comments?post=22979"}],"wp:featuredmedia":[{"embeddable":true,"href":"https:\/\/mouldking.store\/vi\/wp-json\/wp\/v2\/media\/22975"}],"wp:attachment":[{"href":"https:\/\/mouldking.store\/vi\/wp-json\/wp\/v2\/media?parent=22979"}],"wp:term":[{"taxonomy":"product_cat","embeddable":true,"href":"https:\/\/mouldking.store\/vi\/wp-json\/wp\/v2\/product_cat?post=22979"},{"taxonomy":"product_tag","embeddable":true,"href":"https:\/\/mouldking.store\/vi\/wp-json\/wp\/v2\/product_tag?post=22979"}],"curies":[{"name":"wp","href":"https:\/\/api.w.org\/{rel}","templated":true}]}}