{"id":23024,"date":"2021-10-10T04:48:57","date_gmt":"2021-10-10T04:48:57","guid":{"rendered":"https:\/\/mouldking.store\/shop\/moc-47231-combat-jeep-swat-team-military-by-madmocs-moc-factory\/"},"modified":"2025-12-25T09:21:01","modified_gmt":"2025-12-25T02:21:01","slug":"moc-47231-combat-jeep-swat-team-military-by-madmocs-moc-factory","status":"publish","type":"product","link":"https:\/\/mouldking.store\/vi\/shop\/moc-47231-combat-jeep-swat-team-military-by-madmocs-moc-factory\/","title":{"rendered":"MOC-47231 Qu\u00e2n \u0111\u1ed9i xe Jeep chi\u1ebfn \u0111\u1ea5u SWAT c\u1ee7a MadMocs MOC FACTORY"},"content":{"rendered":"<p>MOC-47231 Combat Jeep SWAT Team Military c\u1ee7a MadMocs MOC FACTORY l\u00e0 m\u1ed9t b\u1ed9 trong b\u1ed9 s\u01b0u t\u1eadp Qu\u00e2n s\u1ef1, \u0111\u01b0\u1ee3c thi\u1ebft k\u1ebf b\u1edfi MadMocs. MOC 47231 n\u00e0y \u0111i k\u00e8m v\u1edbi h\u01b0\u1edbng d\u1eabn PDF gi\u00fap d\u1ec5 d\u00e0ng t\u1ea1o v\u00e0 t\u00ecm c\u00e1c ph\u1ea7n c\u00f2n thi\u1ebfu. B\u1ed9 g\u1ed3m 302 mi\u1ebfng, ph\u00e1t h\u00e0nh l\u1ea7n \u0111\u1ea7u v\u00e0o n\u0103m 2021.<\/p>\n<figure id=\"attachment_202832\" aria-describedby=\"caption-attachment-202832\" style=\"width: 800px\" class=\"wp-caption aligncenter\"><a href=\"https:\/\/pay.lpwstore.com\/wp-content\/uploads\/2021\/02\/MOC-47231-Combat-Jeep-SWAT-Team-Military-by-MadMocs-MOC-FACTORY.jpg\" target=\"_blank\" rel=\"noopener\"><img fetchpriority=\"high\" decoding=\"async\" class=\"wp-image-202832 size-full\" title=\"MOC-47231 Qu\u00e2n \u0111\u1ed9i xe Jeep chi\u1ebfn \u0111\u1ea5u SWAT c\u1ee7a MadMocs MOC FACTORY\" src=\"https:\/\/pay.lpwstore.com\/wp-content\/uploads\/2021\/02\/MOC-47231-Combat-Jeep-SWAT-Team-Military-by-MadMocs-MOC-FACTORY.jpg\" alt=\"MOC-47231 Combat Jeep SWAT Team Military by MadMocs MOC FACTORY\" width=\"800\" height=\"800\" \/><\/a><figcaption id=\"caption-attachment-202832\" class=\"wp-caption-text\">MOC-47231 Qu\u00e2n \u0111\u1ed9i xe Jeep chi\u1ebfn \u0111\u1ea5u SWAT c\u1ee7a MadMocs MOC FACTORY<\/figcaption><\/figure>","protected":false},"excerpt":{"rendered":"<ul>\n<li>Bao g\u1ed3m\u00a0<strong>302+<\/strong>\u00a0chi\u1ebfc<\/li>\n<li>H\u01b0\u1edbng d\u1eabn PDF tr\u1ef1c tuy\u1ebfn<\/li>\n<li>Kh\u1ed1i ABS ch\u1ea5t l\u01b0\u1ee3ng cao<\/li>\n<li>K\u00edch th\u01b0\u1edbc: 7 x 14 x 16 cm<\/li>\n<\/ul>","protected":false},"featured_media":23023,"comment_status":"open","ping_status":"closed","template":"","meta":{"_acf_changed":false},"product_cat":[372],"product_tag":[],"class_list":["product","first","instock","shipping-taxable","purchasable","product-type-simple"],"acf":[],"_links":{"self":[{"href":"https:\/\/mouldking.store\/vi\/wp-json\/wp\/v2\/product\/23024","targetHints":{"allow":["GET"]}}],"collection":[{"href":"https:\/\/mouldking.store\/vi\/wp-json\/wp\/v2\/product"}],"about":[{"href":"https:\/\/mouldking.store\/vi\/wp-json\/wp\/v2\/types\/product"}],"replies":[{"embeddable":true,"href":"https:\/\/mouldking.store\/vi\/wp-json\/wp\/v2\/comments?post=23024"}],"wp:featuredmedia":[{"embeddable":true,"href":"https:\/\/mouldking.store\/vi\/wp-json\/wp\/v2\/media\/23023"}],"wp:attachment":[{"href":"https:\/\/mouldking.store\/vi\/wp-json\/wp\/v2\/media?parent=23024"}],"wp:term":[{"taxonomy":"product_cat","embeddable":true,"href":"https:\/\/mouldking.store\/vi\/wp-json\/wp\/v2\/product_cat?post=23024"},{"taxonomy":"product_tag","embeddable":true,"href":"https:\/\/mouldking.store\/vi\/wp-json\/wp\/v2\/product_tag?post=23024"}],"curies":[{"name":"wp","href":"https:\/\/api.w.org\/{rel}","templated":true}]}}