{"id":23032,"date":"2021-10-10T04:49:02","date_gmt":"2021-10-09T21:49:02","guid":{"rendered":"https:\/\/mouldking.store\/shop\/moc-19748-hollow-knight-creator-by-yatkuu-moc-factory\/"},"modified":"2025-12-25T09:21:01","modified_gmt":"2025-12-25T02:21:01","slug":"moc-19748-hollow-knight-creator-by-yatkuu-moc-factory","status":"publish","type":"product","link":"https:\/\/mouldking.store\/vi\/shop\/moc-19748-hollow-knight-creator-by-yatkuu-moc-factory\/","title":{"rendered":"MOC-19748 Ng\u01b0\u1eddi t\u1ea1o hi\u1ec7p s\u0129 r\u1ed7ng b\u1edfi Yatkuu MOC FACTORY"},"content":{"rendered":"<p>MOC-19748 Hollow Knight Creator c\u1ee7a Yatkuu MOC FACTORY l\u00e0 m\u1ed9t b\u1ed9 trong b\u1ed9 s\u01b0u t\u1eadp Creator, \u0111\u01b0\u1ee3c thi\u1ebft k\u1ebf b\u1edfi Yatkuu. MOC 19748 n\u00e0y \u0111i k\u00e8m v\u1edbi h\u01b0\u1edbng d\u1eabn PDF, d\u1ec5 x\u00e2y d\u1ef1ng v\u00e0 t\u00ecm c\u00e1c ph\u1ea7n c\u00f2n thi\u1ebfu. B\u1ed9 g\u1ed3m 99 mi\u1ebfng, ph\u00e1t h\u00e0nh l\u1ea7n \u0111\u1ea7u v\u00e0o n\u0103m 2021.<\/p>\n<figure id=\"attachment_202842\" aria-describedby=\"caption-attachment-202842\" style=\"width: 800px\" class=\"wp-caption aligncenter\"><a href=\"https:\/\/pay.lpwstore.com\/wp-content\/uploads\/2021\/02\/MOC-19748-Hollow-Knight-Creator-by-Yatkuu-MOC-FACTORY.jpg\" target=\"_blank\" rel=\"noopener\"><img fetchpriority=\"high\" decoding=\"async\" class=\"wp-image-202842 size-full\" title=\"MOC-19748 Ng\u01b0\u1eddi t\u1ea1o hi\u1ec7p s\u0129 r\u1ed7ng b\u1edfi Yatkuu MOC FACTORY\" src=\"https:\/\/pay.lpwstore.com\/wp-content\/uploads\/2021\/02\/MOC-19748-Hollow-Knight-Creator-by-Yatkuu-MOC-FACTORY.jpg\" alt=\"MOC-19748 Hollow Knight Creator by Yatkuu MOC FACTORY\" width=\"800\" height=\"800\" \/><\/a><figcaption id=\"caption-attachment-202842\" class=\"wp-caption-text\">MOC-19748 Ng\u01b0\u1eddi t\u1ea1o hi\u1ec7p s\u0129 r\u1ed7ng b\u1edfi Yatkuu MOC FACTORY<\/figcaption><\/figure>","protected":false},"excerpt":{"rendered":"<ul>\n<li>Bao g\u1ed3m\u00a0<strong>99+<\/strong>\u00a0chi\u1ebfc<\/li>\n<li>H\u01b0\u1edbng d\u1eabn PDF tr\u1ef1c tuy\u1ebfn<\/li>\n<li>Kh\u1ed1i ABS ch\u1ea5t l\u01b0\u1ee3ng cao<\/li>\n<li>K\u00edch th\u01b0\u1edbc: 4 x 6 x 8,6 cm<\/li>\n<\/ul>","protected":false},"featured_media":23031,"comment_status":"open","ping_status":"closed","template":"","meta":{"_acf_changed":false},"product_cat":[371],"product_tag":[],"class_list":["product","first","outofstock","shipping-taxable","purchasable","product-type-simple"],"acf":[],"_links":{"self":[{"href":"https:\/\/mouldking.store\/vi\/wp-json\/wp\/v2\/product\/23032","targetHints":{"allow":["GET"]}}],"collection":[{"href":"https:\/\/mouldking.store\/vi\/wp-json\/wp\/v2\/product"}],"about":[{"href":"https:\/\/mouldking.store\/vi\/wp-json\/wp\/v2\/types\/product"}],"replies":[{"embeddable":true,"href":"https:\/\/mouldking.store\/vi\/wp-json\/wp\/v2\/comments?post=23032"}],"wp:featuredmedia":[{"embeddable":true,"href":"https:\/\/mouldking.store\/vi\/wp-json\/wp\/v2\/media\/23031"}],"wp:attachment":[{"href":"https:\/\/mouldking.store\/vi\/wp-json\/wp\/v2\/media?parent=23032"}],"wp:term":[{"taxonomy":"product_cat","embeddable":true,"href":"https:\/\/mouldking.store\/vi\/wp-json\/wp\/v2\/product_cat?post=23032"},{"taxonomy":"product_tag","embeddable":true,"href":"https:\/\/mouldking.store\/vi\/wp-json\/wp\/v2\/product_tag?post=23032"}],"curies":[{"name":"wp","href":"https:\/\/api.w.org\/{rel}","templated":true}]}}