{"id":23096,"date":"2021-10-10T04:50:13","date_gmt":"2021-10-10T04:50:13","guid":{"rendered":"https:\/\/mouldking.store\/shop\/moc-38943-demogorgon-movie-by-aaron-newman-moc-factory\/"},"modified":"2025-12-25T09:20:55","modified_gmt":"2025-12-25T02:20:55","slug":"moc-38943-demogorgon-movie-by-aaron-newman-moc-factory","status":"publish","type":"product","link":"https:\/\/mouldking.store\/vi\/shop\/moc-38943-demogorgon-movie-by-aaron-newman-moc-factory\/","title":{"rendered":"MOC-38943 Demogorgon Movie c\u1ee7a aaron newman MOC FACTORY"},"content":{"rendered":"<p><b>Demogorgon<\/b>, c\u00f2n \u0111\u01b0\u1ee3c bi\u1ebft l\u00e0\u00a0<b>qu\u00e1i v\u1eadt<\/b>, l\u00e0 nh\u00e2n v\u1eadt ph\u1ea3n di\u1ec7n ch\u00ednh c\u1ee7a m\u00f9a \u0111\u1ea7u ti\u00ean c\u1ee7a\u00a0<i>Nh\u1eefng \u0111i\u1ec1u k\u1ef3 l\u1ea1<\/i>, c\u00f9ng v\u1edbi Martin Brenner. Qu\u00e1i v\u1eadt c\u00f3 kh\u1ea3 n\u0103ng du h\u00e0nh gi\u1eefa c\u00e1c chi\u1ec1u kh\u00f4ng gian theo \u00fd th\u00edch, t\u1ea1o ra c\u00e1c c\u1ed5ng t\u1ea1m th\u1eddi trong k\u1ebft c\u1ea5u c\u1ee7a th\u1ef1c t\u1ebf.<\/p>\n<p style=\"text-align: left;\">MOC-38943 Demogorgon Movie c\u1ee7a aaron newman MOC FACTORY l\u00e0 m\u1ed9t b\u1ed9 trong b\u1ed9 s\u01b0u t\u1eadp Phim, \u0111\u01b0\u1ee3c thi\u1ebft k\u1ebf b\u1edfi aaron newman. MOC 38943 n\u00e0y \u0111i k\u00e8m v\u1edbi h\u01b0\u1edbng d\u1eabn PDF gi\u00fap d\u1ec5 d\u00e0ng t\u1ea1o v\u00e0 t\u00ecm c\u00e1c ph\u1ea7n c\u00f2n thi\u1ebfu. B\u1ed9 g\u1ed3m 350 mi\u1ebfng, ph\u00e1t h\u00e0nh l\u1ea7n \u0111\u1ea7u v\u00e0o n\u0103m 2021.<\/p>\n<p><img fetchpriority=\"high\" decoding=\"async\" class=\"alignnone size-medium wp-image-23090\" src=\"https:\/\/mouldking.store\/wp-content\/uploads\/2021\/10\/MOC-38943-Demogorgon-Movie-by-aaron-newman-MOC-FACTORY-300x300.jpg\" alt=\"-\" width=\"300\" height=\"300\" title=\"-\" srcset=\"https:\/\/mouldking.store\/wp-content\/uploads\/2021\/10\/MOC-38943-Demogorgon-Movie-by-aaron-newman-MOC-FACTORY-300x300.jpg 300w, https:\/\/mouldking.store\/wp-content\/uploads\/2021\/10\/MOC-38943-Demogorgon-Movie-by-aaron-newman-MOC-FACTORY-768x768.jpg 768w, https:\/\/mouldking.store\/wp-content\/uploads\/2021\/10\/MOC-38943-Demogorgon-Movie-by-aaron-newman-MOC-FACTORY-600x600.jpg 600w, https:\/\/mouldking.store\/wp-content\/uploads\/2021\/10\/MOC-38943-Demogorgon-Movie-by-aaron-newman-MOC-FACTORY-150x150.jpg 150w, https:\/\/mouldking.store\/wp-content\/uploads\/2021\/10\/MOC-38943-Demogorgon-Movie-by-aaron-newman-MOC-FACTORY.jpg 800w\" sizes=\"(max-width: 300px) 100vw, 300px\" \/> <img decoding=\"async\" class=\"alignnone size-medium wp-image-23091\" src=\"https:\/\/mouldking.store\/wp-content\/uploads\/2021\/10\/MOC-38943-Demogorgon-Movie-by-aaron-newman-MOC-FACTORY-2-300x300.jpg\" alt=\"-\" width=\"300\" height=\"300\" title=\"-\" srcset=\"https:\/\/mouldking.store\/wp-content\/uploads\/2021\/10\/MOC-38943-Demogorgon-Movie-by-aaron-newman-MOC-FACTORY-2-300x300.jpg 300w, https:\/\/mouldking.store\/wp-content\/uploads\/2021\/10\/MOC-38943-Demogorgon-Movie-by-aaron-newman-MOC-FACTORY-2-768x768.jpg 768w, https:\/\/mouldking.store\/wp-content\/uploads\/2021\/10\/MOC-38943-Demogorgon-Movie-by-aaron-newman-MOC-FACTORY-2-600x600.jpg 600w, https:\/\/mouldking.store\/wp-content\/uploads\/2021\/10\/MOC-38943-Demogorgon-Movie-by-aaron-newman-MOC-FACTORY-2-150x150.jpg 150w, https:\/\/mouldking.store\/wp-content\/uploads\/2021\/10\/MOC-38943-Demogorgon-Movie-by-aaron-newman-MOC-FACTORY-2.jpg 800w\" sizes=\"(max-width: 300px) 100vw, 300px\" \/> <img decoding=\"async\" class=\"alignnone size-medium wp-image-23092\" src=\"https:\/\/mouldking.store\/wp-content\/uploads\/2021\/10\/MOC-38943-Demogorgon-Movie-by-aaron-newman-MOC-FACTORY-3-300x300.jpg\" alt=\"-\" width=\"300\" height=\"300\" title=\"-\" srcset=\"https:\/\/mouldking.store\/wp-content\/uploads\/2021\/10\/MOC-38943-Demogorgon-Movie-by-aaron-newman-MOC-FACTORY-3-300x300.jpg 300w, https:\/\/mouldking.store\/wp-content\/uploads\/2021\/10\/MOC-38943-Demogorgon-Movie-by-aaron-newman-MOC-FACTORY-3-768x768.jpg 768w, https:\/\/mouldking.store\/wp-content\/uploads\/2021\/10\/MOC-38943-Demogorgon-Movie-by-aaron-newman-MOC-FACTORY-3-600x600.jpg 600w, https:\/\/mouldking.store\/wp-content\/uploads\/2021\/10\/MOC-38943-Demogorgon-Movie-by-aaron-newman-MOC-FACTORY-3-150x150.jpg 150w, https:\/\/mouldking.store\/wp-content\/uploads\/2021\/10\/MOC-38943-Demogorgon-Movie-by-aaron-newman-MOC-FACTORY-3.jpg 800w\" sizes=\"(max-width: 300px) 100vw, 300px\" \/> <img loading=\"lazy\" decoding=\"async\" class=\"alignnone size-medium wp-image-23093\" src=\"https:\/\/mouldking.store\/wp-content\/uploads\/2021\/10\/MOC-38943-Demogorgon-Movie-by-aaron-newman-MOC-FACTORY-4-300x300.jpg\" alt=\"-\" width=\"300\" height=\"300\" title=\"-\" srcset=\"https:\/\/mouldking.store\/wp-content\/uploads\/2021\/10\/MOC-38943-Demogorgon-Movie-by-aaron-newman-MOC-FACTORY-4-300x300.jpg 300w, https:\/\/mouldking.store\/wp-content\/uploads\/2021\/10\/MOC-38943-Demogorgon-Movie-by-aaron-newman-MOC-FACTORY-4-768x768.jpg 768w, https:\/\/mouldking.store\/wp-content\/uploads\/2021\/10\/MOC-38943-Demogorgon-Movie-by-aaron-newman-MOC-FACTORY-4-600x600.jpg 600w, https:\/\/mouldking.store\/wp-content\/uploads\/2021\/10\/MOC-38943-Demogorgon-Movie-by-aaron-newman-MOC-FACTORY-4-150x150.jpg 150w, https:\/\/mouldking.store\/wp-content\/uploads\/2021\/10\/MOC-38943-Demogorgon-Movie-by-aaron-newman-MOC-FACTORY-4.jpg 800w\" sizes=\"(max-width: 300px) 100vw, 300px\" \/> <img loading=\"lazy\" decoding=\"async\" class=\"alignnone size-medium wp-image-23094\" src=\"https:\/\/mouldking.store\/wp-content\/uploads\/2021\/10\/MOC-38943-Demogorgon-Movie-by-aaron-newman-MOC-FACTORY-5-300x300.jpg\" alt=\"-\" width=\"300\" height=\"300\" title=\"-\" srcset=\"https:\/\/mouldking.store\/wp-content\/uploads\/2021\/10\/MOC-38943-Demogorgon-Movie-by-aaron-newman-MOC-FACTORY-5-300x300.jpg 300w, https:\/\/mouldking.store\/wp-content\/uploads\/2021\/10\/MOC-38943-Demogorgon-Movie-by-aaron-newman-MOC-FACTORY-5-768x768.jpg 768w, https:\/\/mouldking.store\/wp-content\/uploads\/2021\/10\/MOC-38943-Demogorgon-Movie-by-aaron-newman-MOC-FACTORY-5-600x600.jpg 600w, https:\/\/mouldking.store\/wp-content\/uploads\/2021\/10\/MOC-38943-Demogorgon-Movie-by-aaron-newman-MOC-FACTORY-5-150x150.jpg 150w, https:\/\/mouldking.store\/wp-content\/uploads\/2021\/10\/MOC-38943-Demogorgon-Movie-by-aaron-newman-MOC-FACTORY-5.jpg 800w\" sizes=\"(max-width: 300px) 100vw, 300px\" \/> <img loading=\"lazy\" decoding=\"async\" class=\"alignnone size-medium wp-image-23095\" src=\"https:\/\/mouldking.store\/wp-content\/uploads\/2021\/10\/MOC-38943-Demogorgon-Movie-by-aaron-newman-MOC-FACTORY-6-300x300.jpg\" alt=\"-\" width=\"300\" height=\"300\" title=\"-\" srcset=\"https:\/\/mouldking.store\/wp-content\/uploads\/2021\/10\/MOC-38943-Demogorgon-Movie-by-aaron-newman-MOC-FACTORY-6-300x300.jpg 300w, https:\/\/mouldking.store\/wp-content\/uploads\/2021\/10\/MOC-38943-Demogorgon-Movie-by-aaron-newman-MOC-FACTORY-6-768x768.jpg 768w, https:\/\/mouldking.store\/wp-content\/uploads\/2021\/10\/MOC-38943-Demogorgon-Movie-by-aaron-newman-MOC-FACTORY-6-600x600.jpg 600w, https:\/\/mouldking.store\/wp-content\/uploads\/2021\/10\/MOC-38943-Demogorgon-Movie-by-aaron-newman-MOC-FACTORY-6-150x150.jpg 150w, https:\/\/mouldking.store\/wp-content\/uploads\/2021\/10\/MOC-38943-Demogorgon-Movie-by-aaron-newman-MOC-FACTORY-6.jpg 800w\" sizes=\"(max-width: 300px) 100vw, 300px\" \/><\/p>","protected":false},"excerpt":{"rendered":"<ul>\n<li>Bao g\u1ed3m\u00a0<strong>350+<\/strong>\u00a0chi\u1ebfc<\/li>\n<li>H\u01b0\u1edbng d\u1eabn PDF tr\u1ef1c tuy\u1ebfn<\/li>\n<li>Kh\u1ed1i ABS ch\u1ea5t l\u01b0\u1ee3ng cao<\/li>\n<li>K\u00edch th\u01b0\u1edbc: 20 x 10 x 26 cm<\/li>\n<\/ul>","protected":false},"featured_media":23090,"comment_status":"open","ping_status":"closed","template":"","meta":{"_acf_changed":false},"product_cat":[581],"product_tag":[],"class_list":["product","first","instock","shipping-taxable","purchasable","product-type-simple"],"acf":[],"_links":{"self":[{"href":"https:\/\/mouldking.store\/vi\/wp-json\/wp\/v2\/product\/23096","targetHints":{"allow":["GET"]}}],"collection":[{"href":"https:\/\/mouldking.store\/vi\/wp-json\/wp\/v2\/product"}],"about":[{"href":"https:\/\/mouldking.store\/vi\/wp-json\/wp\/v2\/types\/product"}],"replies":[{"embeddable":true,"href":"https:\/\/mouldking.store\/vi\/wp-json\/wp\/v2\/comments?post=23096"}],"wp:featuredmedia":[{"embeddable":true,"href":"https:\/\/mouldking.store\/vi\/wp-json\/wp\/v2\/media\/23090"}],"wp:attachment":[{"href":"https:\/\/mouldking.store\/vi\/wp-json\/wp\/v2\/media?parent=23096"}],"wp:term":[{"taxonomy":"product_cat","embeddable":true,"href":"https:\/\/mouldking.store\/vi\/wp-json\/wp\/v2\/product_cat?post=23096"},{"taxonomy":"product_tag","embeddable":true,"href":"https:\/\/mouldking.store\/vi\/wp-json\/wp\/v2\/product_tag?post=23096"}],"curies":[{"name":"wp","href":"https:\/\/api.w.org\/{rel}","templated":true}]}}