{"id":23118,"date":"2021-10-10T04:50:29","date_gmt":"2021-10-09T21:50:29","guid":{"rendered":"https:\/\/mouldking.store\/shop\/moc-48198-there-is-no-horizon-escape-from-jedha-micro-uwing-rogue-one-star-wars-by-6211-moc-factory\/"},"modified":"2025-12-25T09:20:55","modified_gmt":"2025-12-25T02:20:55","slug":"moc-48198-there-is-no-horizon-escape-from-jedha-micro-uwing-rogue-one-star-wars-by-6211-moc-factory","status":"publish","type":"product","link":"https:\/\/mouldking.store\/vi\/shop\/moc-48198-there-is-no-horizon-escape-from-jedha-micro-uwing-rogue-one-star-wars-by-6211-moc-factory\/","title":{"rendered":"MOC-48198 There Is No Horizon! Escape From Jedha &#8211; Micro UWing &#8211; Rogue One Star Wars by 6211 MOC FACTORY"},"content":{"rendered":"<p style=\"text-align: left\">MOC-48198 There Is No Horizon! Escape From Jedha &#8211; Micro UWing &#8211; Rogue One Star Wars by 6211 MOC FACTORY is a set in Star Wars collection, designed by 6211. This MOC 48198 comes with PDF instruction which is easy to build and find the missing pieces. The set contains 377 pieces, first released in 2021.<\/p>\n<figure id=\"attachment_202981\" aria-describedby=\"caption-attachment-202981\" style=\"width: 800px\" class=\"wp-caption aligncenter\"><a href=\"https:\/\/pay.lpwstore.com\/wp-content\/uploads\/2021\/02\/MOC-48198-There-Is-No-Horizon-Escape-From-Jedha-Micro-UWing-Rogue-One-Star-Wars-by-6211-MOC-FACTORY.jpg\" target=\"_blank\" rel=\"noopener\"><img fetchpriority=\"high\" decoding=\"async\" class=\"wp-image-202981 size-full\" title=\"MOC-48198 Kh\u00f4ng C\u00f3 \u0110\u01b0\u1eddng Ch\u00e2n Tr\u1eddi! Escape From Jedha - Micro UWing - Rogue One Star Wars c\u1ee7a 6211 MOC FACTORY\" src=\"https:\/\/pay.lpwstore.com\/wp-content\/uploads\/2021\/02\/MOC-48198-There-Is-No-Horizon-Escape-From-Jedha-Micro-UWing-Rogue-One-Star-Wars-by-6211-MOC-FACTORY.jpg\" alt=\"MOC-48198 There Is No Horizon! Escape From Jedha - Micro UWing - Rogue One Star Wars by 6211 MOC FACTORY\" width=\"800\" height=\"800\" \/><\/a><figcaption id=\"caption-attachment-202981\" class=\"wp-caption-text\">MOC-48198 There Is No Horizon! Escape From Jedha &#8211; Micro UWing &#8211; Rogue One Star Wars by 6211 MOC FACTORY<\/figcaption><\/figure>\n<p><img decoding=\"async\" class=\"alignnone size-full wp-image-202982 aligncenter\" src=\"https:\/\/pay.lpwstore.com\/wp-content\/uploads\/2021\/02\/MOC-48198-There-Is-No-Horizon-Escape-From-Jedha-Micro-UWing-Rogue-One-Star-Wars-by-6211-MOC-FACTORY-2.jpg\" alt=\"-\" width=\"800\" height=\"800\" title=\"-\"> <img decoding=\"async\" class=\"alignnone size-full wp-image-202983 aligncenter\" src=\"https:\/\/pay.lpwstore.com\/wp-content\/uploads\/2021\/02\/MOC-48198-There-Is-No-Horizon-Escape-From-Jedha-Micro-UWing-Rogue-One-Star-Wars-by-6211-MOC-FACTORY-3.jpg\" alt=\"-\" width=\"800\" height=\"800\" title=\"-\"> <img loading=\"lazy\" decoding=\"async\" class=\"alignnone size-full wp-image-202984 aligncenter\" src=\"https:\/\/pay.lpwstore.com\/wp-content\/uploads\/2021\/02\/MOC-48198-There-Is-No-Horizon-Escape-From-Jedha-Micro-UWing-Rogue-One-Star-Wars-by-6211-MOC-FACTORY-4.jpg\" alt=\"-\" width=\"800\" height=\"800\" title=\"-\"><\/p>","protected":false},"excerpt":{"rendered":"<ul>\n<li>Bao g\u1ed3m <strong>377+<\/strong> chi\u1ebfc<\/li>\n<li>H\u01b0\u1edbng d\u1eabn PDF tr\u1ef1c tuy\u1ebfn<\/li>\n<li>Kh\u1ed1i ABS ch\u1ea5t l\u01b0\u1ee3ng cao<\/li>\n<\/ul>","protected":false},"featured_media":23114,"comment_status":"open","ping_status":"closed","template":"","meta":{"_acf_changed":false},"product_cat":[415],"product_tag":[],"class_list":["product","first","instock","shipping-taxable","purchasable","product-type-simple"],"acf":[],"_links":{"self":[{"href":"https:\/\/mouldking.store\/vi\/wp-json\/wp\/v2\/product\/23118","targetHints":{"allow":["GET"]}}],"collection":[{"href":"https:\/\/mouldking.store\/vi\/wp-json\/wp\/v2\/product"}],"about":[{"href":"https:\/\/mouldking.store\/vi\/wp-json\/wp\/v2\/types\/product"}],"replies":[{"embeddable":true,"href":"https:\/\/mouldking.store\/vi\/wp-json\/wp\/v2\/comments?post=23118"}],"wp:featuredmedia":[{"embeddable":true,"href":"https:\/\/mouldking.store\/vi\/wp-json\/wp\/v2\/media\/23114"}],"wp:attachment":[{"href":"https:\/\/mouldking.store\/vi\/wp-json\/wp\/v2\/media?parent=23118"}],"wp:term":[{"taxonomy":"product_cat","embeddable":true,"href":"https:\/\/mouldking.store\/vi\/wp-json\/wp\/v2\/product_cat?post=23118"},{"taxonomy":"product_tag","embeddable":true,"href":"https:\/\/mouldking.store\/vi\/wp-json\/wp\/v2\/product_tag?post=23118"}],"curies":[{"name":"wp","href":"https:\/\/api.w.org\/{rel}","templated":true}]}}