{"id":23210,"date":"2021-10-10T04:52:11","date_gmt":"2021-10-10T04:52:11","guid":{"rendered":"https:\/\/mouldking.store\/shop\/moc-56873-bantha-medium-size-star-wars-by-kimnotyze-moc-factory\/"},"modified":"2025-12-25T09:20:53","modified_gmt":"2025-12-25T02:20:53","slug":"moc-56873-bantha-medium-size-star-wars-by-kimnotyze-moc-factory","status":"publish","type":"product","link":"https:\/\/mouldking.store\/vi\/shop\/moc-56873-bantha-medium-size-star-wars-by-kimnotyze-moc-factory\/","title":{"rendered":"MOC-56873 Bantha \u2013 Chi\u1ebfn tranh gi\u1eefa c\u00e1c v\u00ec sao c\u1ee1 trung b\u00ecnh c\u1ee7a Kimnotyze MOC FACTORY"},"content":{"rendered":"<p style=\"text-align: left\">MOC-56873 Bantha \u2013 Chi\u1ebfn tranh gi\u1eefa c\u00e1c v\u00ec sao c\u1ee1 trung b\u00ecnh c\u1ee7a Kimnotyze MOC FACTORY l\u00e0 m\u1ed9t b\u1ed9 trong b\u1ed9 s\u01b0u t\u1eadp Chi\u1ebfn tranh gi\u1eefa c\u00e1c v\u00ec sao, \u0111\u01b0\u1ee3c thi\u1ebft k\u1ebf b\u1edfi Kimnotyze. MOC 56873 n\u00e0y \u0111i k\u00e8m v\u1edbi h\u01b0\u1edbng d\u1eabn PDF gi\u00fap d\u1ec5 d\u00e0ng t\u1ea1o v\u00e0 t\u00ecm c\u00e1c ph\u1ea7n c\u00f2n thi\u1ebfu. B\u1ed9 g\u1ed3m 183 mi\u1ebfng, ph\u00e1t h\u00e0nh l\u1ea7n \u0111\u1ea7u v\u00e0o n\u0103m 2021.<\/p>\n<figure id=\"attachment_203284\" aria-describedby=\"caption-attachment-203284\" style=\"width: 800px\" class=\"wp-caption aligncenter\"><a href=\"https:\/\/pay.lpwstore.com\/wp-content\/uploads\/2021\/03\/MOC-56873-Bantha-Medium-Size-Star-Wars-by-Kimnotyze-MOC-FACTORY.jpg\" target=\"_blank\" rel=\"noopener\"><img fetchpriority=\"high\" decoding=\"async\" class=\"wp-image-203284 size-full\" title=\"MOC-56873 Bantha - Chi\u1ebfn tranh gi\u1eefa c\u00e1c v\u00ec sao c\u1ee1 trung b\u00ecnh c\u1ee7a Kimnotyze MOC FACTORY\" src=\"https:\/\/pay.lpwstore.com\/wp-content\/uploads\/2021\/03\/MOC-56873-Bantha-Medium-Size-Star-Wars-by-Kimnotyze-MOC-FACTORY.jpg\" alt=\"MOC-56873 Bantha - Medium Size Star Wars by Kimnotyze MOC FACTORY\" width=\"800\" height=\"800\" \/><\/a><figcaption id=\"caption-attachment-203284\" class=\"wp-caption-text\">MOC-56873 Bantha \u2013 Chi\u1ebfn tranh gi\u1eefa c\u00e1c v\u00ec sao c\u1ee1 trung b\u00ecnh c\u1ee7a Kimnotyze MOC FACTORY<\/figcaption><\/figure>\n<p><img decoding=\"async\" class=\"alignnone size-full wp-image-203285 aligncenter\" src=\"https:\/\/pay.lpwstore.com\/wp-content\/uploads\/2021\/03\/MOC-56873-Bantha-Medium-Size-Star-Wars-by-Kimnotyze-MOC-FACTORY-2.jpg\" alt=\"-\" width=\"800\" height=\"800\" title=\"-\"> <img decoding=\"async\" class=\"alignnone size-full wp-image-203286 aligncenter\" src=\"https:\/\/pay.lpwstore.com\/wp-content\/uploads\/2021\/03\/MOC-56873-Bantha-Medium-Size-Star-Wars-by-Kimnotyze-MOC-FACTORY-3.jpg\" alt=\"-\" width=\"800\" height=\"800\" title=\"-\"> <img loading=\"lazy\" decoding=\"async\" class=\"alignnone size-full wp-image-203287 aligncenter\" src=\"https:\/\/pay.lpwstore.com\/wp-content\/uploads\/2021\/03\/MOC-56873-Bantha-Medium-Size-Star-Wars-by-Kimnotyze-MOC-FACTORY-4.jpg\" alt=\"-\" width=\"800\" height=\"800\" title=\"-\"> <img loading=\"lazy\" decoding=\"async\" class=\"alignnone size-full wp-image-203288 aligncenter\" src=\"https:\/\/pay.lpwstore.com\/wp-content\/uploads\/2021\/03\/MOC-56873-Bantha-Medium-Size-Star-Wars-by-Kimnotyze-MOC-FACTORY-5.jpg\" alt=\"-\" width=\"800\" height=\"800\" title=\"-\"> <img loading=\"lazy\" decoding=\"async\" class=\"alignnone size-full wp-image-203289 aligncenter\" src=\"https:\/\/pay.lpwstore.com\/wp-content\/uploads\/2021\/03\/MOC-56873-Bantha-Medium-Size-Star-Wars-by-Kimnotyze-MOC-FACTORY-6.jpg\" alt=\"-\" width=\"800\" height=\"800\" title=\"-\"><\/p>","protected":false},"excerpt":{"rendered":"<ul>\n<li>Bao g\u1ed3m\u00a0<strong>183+<\/strong>\u00a0chi\u1ebfc<\/li>\n<li>H\u01b0\u1edbng d\u1eabn PDF tr\u1ef1c tuy\u1ebfn<\/li>\n<li>Kh\u1ed1i ABS ch\u1ea5t l\u01b0\u1ee3ng cao<\/li>\n<li>K\u00edch th\u01b0\u1edbc: 12 x 5 x 8 cm<\/li>\n<\/ul>","protected":false},"author":83,"featured_media":23204,"comment_status":"open","ping_status":"closed","template":"","meta":{"_acf_changed":false},"product_cat":[415],"product_tag":[],"class_list":["product","first","instock","shipping-taxable","purchasable","product-type-simple"],"acf":[],"_links":{"self":[{"href":"https:\/\/mouldking.store\/vi\/wp-json\/wp\/v2\/product\/23210","targetHints":{"allow":["GET"]}}],"collection":[{"href":"https:\/\/mouldking.store\/vi\/wp-json\/wp\/v2\/product"}],"about":[{"href":"https:\/\/mouldking.store\/vi\/wp-json\/wp\/v2\/types\/product"}],"author":[{"embeddable":true,"href":"https:\/\/mouldking.store\/vi\/wp-json\/wp\/v2\/users\/83"}],"replies":[{"embeddable":true,"href":"https:\/\/mouldking.store\/vi\/wp-json\/wp\/v2\/comments?post=23210"}],"wp:featuredmedia":[{"embeddable":true,"href":"https:\/\/mouldking.store\/vi\/wp-json\/wp\/v2\/media\/23204"}],"wp:attachment":[{"href":"https:\/\/mouldking.store\/vi\/wp-json\/wp\/v2\/media?parent=23210"}],"wp:term":[{"taxonomy":"product_cat","embeddable":true,"href":"https:\/\/mouldking.store\/vi\/wp-json\/wp\/v2\/product_cat?post=23210"},{"taxonomy":"product_tag","embeddable":true,"href":"https:\/\/mouldking.store\/vi\/wp-json\/wp\/v2\/product_tag?post=23210"}],"curies":[{"name":"wp","href":"https:\/\/api.w.org\/{rel}","templated":true}]}}