{"id":23279,"date":"2021-10-10T04:53:29","date_gmt":"2021-10-10T04:53:29","guid":{"rendered":"https:\/\/mouldking.store\/shop\/moc-48024-spider-8-legged-walking-robot-creator-by-technicrocks-moc-factory\/"},"modified":"2025-12-25T09:20:46","modified_gmt":"2025-12-25T02:20:46","slug":"moc-48024-spider-8-legged-walking-robot-creator-by-technicrocks-moc-factory","status":"publish","type":"product","link":"https:\/\/mouldking.store\/vi\/shop\/moc-48024-spider-8-legged-walking-robot-creator-by-technicrocks-moc-factory\/","title":{"rendered":"MOC-48024 Spider 8-Legged \u2013 Walking Robot Creator c\u1ee7a technicrocks MOC FACTORY"},"content":{"rendered":"<p style=\"text-align: left\">MOC-48024 Ng\u01b0\u1eddi nh\u1ec7n 8 ch\u00e2n \u2013 Ng\u01b0\u1eddi t\u1ea1o r\u00f4-b\u1ed1t bi\u1ebft \u0111i c\u1ee7a technicrocks MOC FACTORY l\u00e0 m\u1ed9t b\u1ed9 trong b\u1ed9 s\u01b0u t\u1eadp Creator, \u0111\u01b0\u1ee3c thi\u1ebft k\u1ebf b\u1edfi technicrocks . MOC 48024 n\u00e0y \u0111i k\u00e8m v\u1edbi h\u01b0\u1edbng d\u1eabn PDF gi\u00fap d\u1ec5 d\u00e0ng t\u1ea1o v\u00e0 t\u00ecm c\u00e1c ph\u1ea7n c\u00f2n thi\u1ebfu. B\u1ed9 g\u1ed3m 1462 mi\u1ebfng, ph\u00e1t h\u00e0nh l\u1ea7n \u0111\u1ea7u v\u00e0o n\u0103m 2021.<\/p>\n<figure id=\"attachment_203519\" aria-describedby=\"caption-attachment-203519\" style=\"width: 800px\" class=\"wp-caption aligncenter\"><a href=\"https:\/\/pay.lpwstore.com\/wp-content\/uploads\/2021\/03\/MOC-48024-Spider-8-Legged-Walking-Robot-Creator-by-technicrocks-MOC-FACTORY.jpg\" target=\"_blank\" rel=\"noopener\"><img fetchpriority=\"high\" decoding=\"async\" class=\"wp-image-203519 size-full\" title=\"MOC-48024 Spider 8-Legged - Walking Robot Creator c\u1ee7a technicrocks MOC FACTORY\" src=\"https:\/\/pay.lpwstore.com\/wp-content\/uploads\/2021\/03\/MOC-48024-Spider-8-Legged-Walking-Robot-Creator-by-technicrocks-MOC-FACTORY.jpg\" alt=\"MOC-48024 Spider 8-Legged - Walking Robot Creator by technicrocks MOC FACTORY\" width=\"800\" height=\"800\" \/><\/a><figcaption id=\"caption-attachment-203519\" class=\"wp-caption-text\">MOC-48024 Spider 8-Legged \u2013 Walking Robot Creator c\u1ee7a technicrocks MOC FACTORY<\/figcaption><\/figure>\n<p><img decoding=\"async\" class=\"alignnone size-full wp-image-203520 aligncenter\" src=\"https:\/\/pay.lpwstore.com\/wp-content\/uploads\/2021\/03\/MOC-48024-Spider-8-Legged-Walking-Robot-Creator-by-technicrocks-MOC-FACTORY-2.jpg\" alt=\"-\" width=\"800\" height=\"800\" title=\"-\"> <img decoding=\"async\" class=\"alignnone size-full wp-image-203521 aligncenter\" src=\"https:\/\/pay.lpwstore.com\/wp-content\/uploads\/2021\/03\/MOC-48024-Spider-8-Legged-Walking-Robot-Creator-by-technicrocks-MOC-FACTORY-3.jpg\" alt=\"-\" width=\"800\" height=\"800\" title=\"-\"> <img loading=\"lazy\" decoding=\"async\" class=\"alignnone size-full wp-image-203522 aligncenter\" src=\"https:\/\/pay.lpwstore.com\/wp-content\/uploads\/2021\/03\/MOC-48024-Spider-8-Legged-Walking-Robot-Creator-by-technicrocks-MOC-FACTORY-4.jpg\" alt=\"-\" width=\"800\" height=\"800\" title=\"-\"><\/p>","protected":false},"excerpt":{"rendered":"<ul>\n<li>Bao g\u1ed3m <strong>1462+<\/strong> chi\u1ebfc<\/li>\n<li>H\u01b0\u1edbng d\u1eabn PDF tr\u1ef1c tuy\u1ebfn<\/li>\n<li>Kh\u1ed1i ABS ch\u1ea5t l\u01b0\u1ee3ng cao<\/li>\n<li>V\u1edbi phi\u00ean b\u1ea3n \u0111\u1ed9ng c\u01a1<\/li>\n<\/ul>","protected":false},"featured_media":23275,"comment_status":"open","ping_status":"closed","template":"","meta":{"_acf_changed":false},"product_cat":[371],"product_tag":[],"class_list":["product","first","outofstock","shipping-taxable","purchasable","product-type-simple"],"acf":[],"_links":{"self":[{"href":"https:\/\/mouldking.store\/vi\/wp-json\/wp\/v2\/product\/23279","targetHints":{"allow":["GET"]}}],"collection":[{"href":"https:\/\/mouldking.store\/vi\/wp-json\/wp\/v2\/product"}],"about":[{"href":"https:\/\/mouldking.store\/vi\/wp-json\/wp\/v2\/types\/product"}],"replies":[{"embeddable":true,"href":"https:\/\/mouldking.store\/vi\/wp-json\/wp\/v2\/comments?post=23279"}],"wp:featuredmedia":[{"embeddable":true,"href":"https:\/\/mouldking.store\/vi\/wp-json\/wp\/v2\/media\/23275"}],"wp:attachment":[{"href":"https:\/\/mouldking.store\/vi\/wp-json\/wp\/v2\/media?parent=23279"}],"wp:term":[{"taxonomy":"product_cat","embeddable":true,"href":"https:\/\/mouldking.store\/vi\/wp-json\/wp\/v2\/product_cat?post=23279"},{"taxonomy":"product_tag","embeddable":true,"href":"https:\/\/mouldking.store\/vi\/wp-json\/wp\/v2\/product_tag?post=23279"}],"curies":[{"name":"wp","href":"https:\/\/api.w.org\/{rel}","templated":true}]}}