{"id":23321,"date":"2021-10-10T04:54:09","date_gmt":"2021-10-09T21:54:09","guid":{"rendered":"https:\/\/mouldking.store\/shop\/moc-20094-arrested-development-stair-car-technic-by-mkibs-moc-factory\/"},"modified":"2025-12-25T09:20:44","modified_gmt":"2025-12-25T02:20:44","slug":"moc-20094-arrested-development-stair-car-technic-by-mkibs-moc-factory","status":"publish","type":"product","link":"https:\/\/mouldking.store\/vi\/shop\/moc-20094-arrested-development-stair-car-technic-by-mkibs-moc-factory\/","title":{"rendered":"MOC-20094 Ph\u00e1t tri\u1ec3n k\u1ef9 thu\u1eadt c\u1ea7u thang \u00f4 t\u00f4 b\u1ecb b\u1eaft b\u1edfi mkibs MOC FACTORY"},"content":{"rendered":"<p style=\"text-align: left\">MOC-20094 Arrested Development Stair Car Technic c\u1ee7a mkibs MOC FACTORY l\u00e0 m\u1ed9t b\u1ed9 trong b\u1ed9 s\u01b0u t\u1eadp Technic, \u0111\u01b0\u1ee3c thi\u1ebft k\u1ebf b\u1edfi mkibs. MOC 20094 n\u00e0y \u0111i k\u00e8m v\u1edbi h\u01b0\u1edbng d\u1eabn PDF, d\u1ec5 x\u00e2y d\u1ef1ng v\u00e0 t\u00ecm c\u00e1c ph\u1ea7n c\u00f2n thi\u1ebfu. B\u1ed9 g\u1ed3m 580 mi\u1ebfng, ph\u00e1t h\u00e0nh l\u1ea7n \u0111\u1ea7u v\u00e0o n\u0103m 2021.<\/p>\n<h3>L\u01afU \u00dd: S\u1ea3n ph\u1ea9m n\u00e0y kh\u00f4ng bao g\u1ed3m 4 b\u00e1nh xe ( part:30285 (Wheel 18 x 14 with Tread Small Hub).<\/h3>\n<figure id=\"attachment_30670\" aria-describedby=\"caption-attachment-30670\" style=\"width: 800px\" class=\"wp-caption aligncenter\"><img fetchpriority=\"high\" decoding=\"async\" class=\"wp-image-30670 size-full\" src=\"https:\/\/mocfactory.com\/wp-content\/uploads\/2021\/03\/MOC-20094-Arrested-Development-Stair-Car-Technic-by-mkibs-MOC-FACTORY.jpg\" alt=\"MOC-20094  Technic Arrested Development Stair Car Designer  mkibs MOC FACTORY\" width=\"800\" height=\"800\" title=\"-\"><figcaption id=\"caption-attachment-30670\" class=\"wp-caption-text\">MOC-20094 Technic Arrested Development Nh\u00e0 thi\u1ebft k\u1ebf \u00f4 t\u00f4 c\u1ea7u thang mkibs MOC FACTORY<\/figcaption><\/figure>\n<figure id=\"attachment_30669\" aria-describedby=\"caption-attachment-30669\" style=\"width: 800px\" class=\"wp-caption aligncenter\"><img decoding=\"async\" class=\"wp-image-30669 size-full\" src=\"https:\/\/mocfactory.com\/wp-content\/uploads\/2021\/03\/MOC-20094-Arrested-Development-Stair-Car-Technic-by-mkibs-MOC-FACTORY-2.jpg\" alt=\"MOC-20094  Technic Arrested Development Stair Car Designer  mkibs MOC FACTORY\" width=\"800\" height=\"800\" title=\"-\"><figcaption id=\"caption-attachment-30669\" class=\"wp-caption-text\">MOC-20094 Technic Arrested Development Nh\u00e0 thi\u1ebft k\u1ebf \u00f4 t\u00f4 c\u1ea7u thang mkibs MOC FACTORY<\/figcaption><\/figure>\n<figure id=\"attachment_203574\" class=\"wp-caption aligncenter\" style=\"width: 800px\" aria-describedby=\"caption-attachment-203574\"><\/figure>","protected":false},"excerpt":{"rendered":"<ul>\n<li>Bao g\u1ed3m\u00a0<strong>580+<\/strong>\u00a0chi\u1ebfc<\/li>\n<li>H\u01b0\u1edbng d\u1eabn PDF tr\u1ef1c tuy\u1ebfn<\/li>\n<li>Kh\u1ed1i ABS ch\u1ea5t l\u01b0\u1ee3ng cao<\/li>\n<li>K\u00edch th\u01b0\u1edbc: 16 x 5 x 11 cm<\/li>\n<\/ul>","protected":false},"featured_media":23319,"comment_status":"open","ping_status":"closed","template":"","meta":{"_acf_changed":false},"product_cat":[364],"product_tag":[],"class_list":["product","first","outofstock","shipping-taxable","purchasable","product-type-simple"],"acf":[],"_links":{"self":[{"href":"https:\/\/mouldking.store\/vi\/wp-json\/wp\/v2\/product\/23321","targetHints":{"allow":["GET"]}}],"collection":[{"href":"https:\/\/mouldking.store\/vi\/wp-json\/wp\/v2\/product"}],"about":[{"href":"https:\/\/mouldking.store\/vi\/wp-json\/wp\/v2\/types\/product"}],"replies":[{"embeddable":true,"href":"https:\/\/mouldking.store\/vi\/wp-json\/wp\/v2\/comments?post=23321"}],"wp:featuredmedia":[{"embeddable":true,"href":"https:\/\/mouldking.store\/vi\/wp-json\/wp\/v2\/media\/23319"}],"wp:attachment":[{"href":"https:\/\/mouldking.store\/vi\/wp-json\/wp\/v2\/media?parent=23321"}],"wp:term":[{"taxonomy":"product_cat","embeddable":true,"href":"https:\/\/mouldking.store\/vi\/wp-json\/wp\/v2\/product_cat?post=23321"},{"taxonomy":"product_tag","embeddable":true,"href":"https:\/\/mouldking.store\/vi\/wp-json\/wp\/v2\/product_tag?post=23321"}],"curies":[{"name":"wp","href":"https:\/\/api.w.org\/{rel}","templated":true}]}}