{"id":23335,"date":"2021-10-10T04:54:27","date_gmt":"2021-10-09T21:54:27","guid":{"rendered":"https:\/\/mouldking.store\/shop\/moc-29065-cinderella-castle-movie-by-benbuildslego-moc-factory\/"},"modified":"2025-12-25T09:20:44","modified_gmt":"2025-12-25T02:20:44","slug":"moc-29065-cinderella-castle-movie-by-benbuildslego-moc-factory","status":"publish","type":"product","link":"https:\/\/mouldking.store\/vi\/shop\/moc-29065-cinderella-castle-movie-by-benbuildslego-moc-factory\/","title":{"rendered":"MOC-29065 Phim L\u00e2u \u0110\u00e0i L\u1ecd Lem c\u1ee7a benbuildslego MOC FACTORY"},"content":{"rendered":"<p>MOC-29065 Cinderella Castle Movie by benbuildslego MOC FACTORY is a set in Movie collection, designed by benbuildslego. This MOC 29065 comes with PDF instruction which is easy to build and find the missing pieces. The set contains 254 pieces, first released in 2021.<\/p>\n<figure id=\"attachment_203599\" aria-describedby=\"caption-attachment-203599\" style=\"width: 800px\" class=\"wp-caption aligncenter\"><a href=\"https:\/\/pay.lpwstore.com\/wp-content\/uploads\/2021\/03\/MOC-29065-Cinderella-Castle-Movie-by-benbuildslego-MOC-FACTORY.jpg\" target=\"_blank\" rel=\"noopener\"><img fetchpriority=\"high\" decoding=\"async\" class=\"wp-image-203599 size-full\" title=\"MOC-29065 Phim L\u00e2u \u0110\u00e0i L\u1ecd Lem c\u1ee7a benbuildslego MOC FACTORY\" src=\"https:\/\/pay.lpwstore.com\/wp-content\/uploads\/2021\/03\/MOC-29065-Cinderella-Castle-Movie-by-benbuildslego-MOC-FACTORY.jpg\" alt=\"MOC-29065 Cinderella Castle Movie by benbuildslego MOC FACTORY\" width=\"800\" height=\"800\" \/><\/a><figcaption id=\"caption-attachment-203599\" class=\"wp-caption-text\">MOC-29065 Phim L\u00e2u \u0110\u00e0i L\u1ecd Lem c\u1ee7a benbuildslego MOC FACTORY<\/figcaption><\/figure>","protected":false},"excerpt":{"rendered":"<ul>\n<li>Bao g\u1ed3m\u00a0<strong>254+<\/strong>\u00a0chi\u1ebfc<\/li>\n<li>H\u01b0\u1edbng d\u1eabn PDF tr\u1ef1c tuy\u1ebfn<\/li>\n<li>Kh\u1ed1i ABS ch\u1ea5t l\u01b0\u1ee3ng cao<\/li>\n<li>Dimensions: 10 x 10 x 12 cm<\/li>\n<\/ul>","protected":false},"featured_media":23334,"comment_status":"open","ping_status":"closed","template":"","meta":{"_acf_changed":false},"product_cat":[581],"product_tag":[],"class_list":["product","first","outofstock","shipping-taxable","purchasable","product-type-simple"],"acf":[],"_links":{"self":[{"href":"https:\/\/mouldking.store\/vi\/wp-json\/wp\/v2\/product\/23335","targetHints":{"allow":["GET"]}}],"collection":[{"href":"https:\/\/mouldking.store\/vi\/wp-json\/wp\/v2\/product"}],"about":[{"href":"https:\/\/mouldking.store\/vi\/wp-json\/wp\/v2\/types\/product"}],"replies":[{"embeddable":true,"href":"https:\/\/mouldking.store\/vi\/wp-json\/wp\/v2\/comments?post=23335"}],"wp:featuredmedia":[{"embeddable":true,"href":"https:\/\/mouldking.store\/vi\/wp-json\/wp\/v2\/media\/23334"}],"wp:attachment":[{"href":"https:\/\/mouldking.store\/vi\/wp-json\/wp\/v2\/media?parent=23335"}],"wp:term":[{"taxonomy":"product_cat","embeddable":true,"href":"https:\/\/mouldking.store\/vi\/wp-json\/wp\/v2\/product_cat?post=23335"},{"taxonomy":"product_tag","embeddable":true,"href":"https:\/\/mouldking.store\/vi\/wp-json\/wp\/v2\/product_tag?post=23335"}],"curies":[{"name":"wp","href":"https:\/\/api.w.org\/{rel}","templated":true}]}}