{"id":23362,"date":"2021-10-10T04:54:58","date_gmt":"2021-10-09T21:54:58","guid":{"rendered":"https:\/\/mouldking.store\/shop\/moc-53816-lava-bastion-modular-building-by-mocscout-moc-factory\/"},"modified":"2025-12-25T09:20:44","modified_gmt":"2025-12-25T02:20:44","slug":"moc-53816-lava-bastion-modular-building-by-mocscout-moc-factory","status":"publish","type":"product","link":"https:\/\/mouldking.store\/vi\/shop\/moc-53816-lava-bastion-modular-building-by-mocscout-moc-factory\/","title":{"rendered":"MOC-53816 T\u00f2a nh\u00e0 m\u00f4-\u0111un Lava Bastion c\u1ee7a mocscout MOC FACTORY"},"content":{"rendered":"<p style=\"text-align: left\">MOC-53816 T\u00f2a nh\u00e0 m\u00f4-\u0111un Lava Bastion c\u1ee7a mocscout MOC FACTORY l\u00e0 m\u1ed9t b\u1ed9 trong b\u1ed9 s\u01b0u t\u1eadp T\u00f2a nh\u00e0 m\u00f4-\u0111un, \u0111\u01b0\u1ee3c thi\u1ebft k\u1ebf b\u1edfi mocscout. MOC 53816 n\u00e0y \u0111i k\u00e8m v\u1edbi h\u01b0\u1edbng d\u1eabn PDF gi\u00fap d\u1ec5 d\u00e0ng t\u1ea1o v\u00e0 t\u00ecm c\u00e1c ph\u1ea7n c\u00f2n thi\u1ebfu. B\u1ed9 n\u00e0y g\u1ed3m 1753 mi\u1ebfng, ph\u00e1t h\u00e0nh l\u1ea7n \u0111\u1ea7u v\u00e0o n\u0103m 2021.<\/p>\n<p><img fetchpriority=\"high\" decoding=\"async\" class=\"alignnone size-full wp-image-30763\" src=\"https:\/\/mocfactory.com\/wp-content\/uploads\/2021\/03\/MOC-53816-Lava-Bastion-Modular-Building-by-mocscout-MOC-FACTORY.jpg\" alt=\"-\" width=\"800\" height=\"800\" title=\"-\"> <img decoding=\"async\" class=\"alignnone size-full wp-image-30762\" src=\"https:\/\/mocfactory.com\/wp-content\/uploads\/2021\/03\/MOC-53816-Lava-Bastion-Modular-Building-by-mocscout-MOC-FACTORY.2jpg.jpg\" alt=\"-\" width=\"800\" height=\"800\" title=\"-\"> <img decoding=\"async\" class=\"alignnone size-full wp-image-30761\" src=\"https:\/\/mocfactory.com\/wp-content\/uploads\/2021\/03\/MOC-53816-Lava-Bastion-Modular-Building-by-mocscout-MOC-FACTORY-2.jpg\" alt=\"-\" width=\"800\" height=\"800\" title=\"-\"> <img loading=\"lazy\" decoding=\"async\" class=\"alignnone size-full wp-image-30760\" src=\"https:\/\/mocfactory.com\/wp-content\/uploads\/2021\/03\/MOC-53816-Lava-Bastion-Modular-Building-by-mocscout-MOC-FACTORY-4.jpg\" alt=\"-\" width=\"800\" height=\"800\" title=\"-\"> <img loading=\"lazy\" decoding=\"async\" class=\"alignnone size-full wp-image-30759\" src=\"https:\/\/mocfactory.com\/wp-content\/uploads\/2021\/03\/MOC-53816-Lava-Bastion-Modular-Building-by-mocscout-MOC-FACTORY-5.jpg\" alt=\"-\" width=\"800\" height=\"800\" title=\"-\"><\/p>\n<p style=\"text-align: center\">","protected":false},"excerpt":{"rendered":"<ul>\n<li>Bao g\u1ed3m\u00a0<strong>1753+<\/strong>\u00a0chi\u1ebfc<\/li>\n<li>H\u01b0\u1edbng d\u1eabn PDF tr\u1ef1c tuy\u1ebfn<\/li>\n<li>Kh\u1ed1i ABS ch\u1ea5t l\u01b0\u1ee3ng cao<\/li>\n<li>K\u00edch th\u01b0\u1edbc: 26 x 21 x 30 cm<\/li>\n<li>Th\u1eddi gian s\u1eafp x\u1ebfp: 4-8 tu\u1ea7n<\/li>\n<\/ul>","protected":false},"author":83,"featured_media":23355,"comment_status":"open","ping_status":"closed","template":"","meta":{"_acf_changed":false},"product_cat":[390],"product_tag":[],"class_list":["product","first","instock","shipping-taxable","purchasable","product-type-simple"],"acf":[],"_links":{"self":[{"href":"https:\/\/mouldking.store\/vi\/wp-json\/wp\/v2\/product\/23362","targetHints":{"allow":["GET"]}}],"collection":[{"href":"https:\/\/mouldking.store\/vi\/wp-json\/wp\/v2\/product"}],"about":[{"href":"https:\/\/mouldking.store\/vi\/wp-json\/wp\/v2\/types\/product"}],"author":[{"embeddable":true,"href":"https:\/\/mouldking.store\/vi\/wp-json\/wp\/v2\/users\/83"}],"replies":[{"embeddable":true,"href":"https:\/\/mouldking.store\/vi\/wp-json\/wp\/v2\/comments?post=23362"}],"wp:featuredmedia":[{"embeddable":true,"href":"https:\/\/mouldking.store\/vi\/wp-json\/wp\/v2\/media\/23355"}],"wp:attachment":[{"href":"https:\/\/mouldking.store\/vi\/wp-json\/wp\/v2\/media?parent=23362"}],"wp:term":[{"taxonomy":"product_cat","embeddable":true,"href":"https:\/\/mouldking.store\/vi\/wp-json\/wp\/v2\/product_cat?post=23362"},{"taxonomy":"product_tag","embeddable":true,"href":"https:\/\/mouldking.store\/vi\/wp-json\/wp\/v2\/product_tag?post=23362"}],"curies":[{"name":"wp","href":"https:\/\/api.w.org\/{rel}","templated":true}]}}