{"id":23386,"date":"2021-10-10T04:55:23","date_gmt":"2021-10-09T21:55:23","guid":{"rendered":"https:\/\/mouldking.store\/shop\/moc-18149-walt-disney-world-cinderella-castle-movie-by-momatteo79-moc-factory\/"},"modified":"2025-12-25T09:20:44","modified_gmt":"2025-12-25T02:20:44","slug":"moc-18149-walt-disney-world-cinderella-castle-movie-by-momatteo79-moc-factory","status":"publish","type":"product","link":"https:\/\/mouldking.store\/vi\/shop\/moc-18149-walt-disney-world-cinderella-castle-movie-by-momatteo79-moc-factory\/","title":{"rendered":"MOC-18149 Phim L\u00e2u \u0110\u00e0i L\u1ecd Lem Th\u1ebf Gi\u1edbi Walt D\u00ecsney c\u1ee7a MOMAtteo79 MOC FACTORY"},"content":{"rendered":"<p>MOC-18149 Phim L\u00e2u \u0110\u00e0i L\u1ecd Lem Th\u1ebf Gi\u1edbi Walt D\u00ecsney c\u1ee7a MOMAtteo79 MOC FACTORY l\u00e0 m\u1ed9t b\u1ed9 trong Movie collection, \u0111\u01b0\u1ee3c thi\u1ebft k\u1ebf b\u1edfi MOMAtteo79. MOC 18149 n\u00e0y \u0111i k\u00e8m v\u1edbi h\u01b0\u1edbng d\u1eabn PDF gi\u00fap d\u1ec5 d\u00e0ng t\u1ea1o v\u00e0 t\u00ecm c\u00e1c ph\u1ea7n c\u00f2n thi\u1ebfu. B\u1ed9 g\u1ed3m 422 mi\u1ebfng, ph\u00e1t h\u00e0nh l\u1ea7n \u0111\u1ea7u v\u00e0o n\u0103m 2021.<\/p>\n<figure id=\"attachment_203664\" aria-describedby=\"caption-attachment-203664\" style=\"width: 800px\" class=\"wp-caption aligncenter\"><a href=\"https:\/\/pay.lpwstore.com\/wp-content\/uploads\/2021\/03\/MOC-18149-Walt-D\u00ecsney-World-Cinderella-Castle-Movie-by-MOMAtteo79-MOC-FACTORY.jpg\" target=\"_blank\" rel=\"noopener\"><img fetchpriority=\"high\" decoding=\"async\" class=\"wp-image-203664 size-full\" title=\"MOC-18149 Phim L\u00e2u \u0110\u00e0i L\u1ecd Lem Th\u1ebf Gi\u1edbi Walt D\u00ecsney c\u1ee7a MOMAtteo79 MOC FACTORY\" src=\"https:\/\/pay.lpwstore.com\/wp-content\/uploads\/2021\/03\/MOC-18149-Walt-D\u00ecsney-World-Cinderella-Castle-Movie-by-MOMAtteo79-MOC-FACTORY.jpg\" alt=\"MOC-18149 Walt D\u00ecsney World Cinderella Castle Movie by MOMAtteo79 MOC FACTORY\" width=\"800\" height=\"800\" \/><\/a><figcaption id=\"caption-attachment-203664\" class=\"wp-caption-text\">MOC-18149 Phim L\u00e2u \u0110\u00e0i L\u1ecd Lem Th\u1ebf Gi\u1edbi Walt D\u00ecsney c\u1ee7a MOMAtteo79 MOC FACTORY<\/figcaption><\/figure>","protected":false},"excerpt":{"rendered":"<ul>\n<li>Bao g\u1ed3m\u00a0<strong>422+<\/strong>\u00a0chi\u1ebfc<\/li>\n<li>H\u01b0\u1edbng d\u1eabn PDF tr\u1ef1c tuy\u1ebfn<\/li>\n<li>Kh\u1ed1i ABS ch\u1ea5t l\u01b0\u1ee3ng cao<\/li>\n<li>K\u00edch th\u01b0\u1edbc: 10 x 10 x 25 cm<\/li>\n<\/ul>","protected":false},"featured_media":23385,"comment_status":"open","ping_status":"closed","template":"","meta":{"_acf_changed":false},"product_cat":[581],"product_tag":[],"class_list":["product","first","outofstock","shipping-taxable","purchasable","product-type-simple"],"acf":[],"_links":{"self":[{"href":"https:\/\/mouldking.store\/vi\/wp-json\/wp\/v2\/product\/23386","targetHints":{"allow":["GET"]}}],"collection":[{"href":"https:\/\/mouldking.store\/vi\/wp-json\/wp\/v2\/product"}],"about":[{"href":"https:\/\/mouldking.store\/vi\/wp-json\/wp\/v2\/types\/product"}],"replies":[{"embeddable":true,"href":"https:\/\/mouldking.store\/vi\/wp-json\/wp\/v2\/comments?post=23386"}],"wp:featuredmedia":[{"embeddable":true,"href":"https:\/\/mouldking.store\/vi\/wp-json\/wp\/v2\/media\/23385"}],"wp:attachment":[{"href":"https:\/\/mouldking.store\/vi\/wp-json\/wp\/v2\/media?parent=23386"}],"wp:term":[{"taxonomy":"product_cat","embeddable":true,"href":"https:\/\/mouldking.store\/vi\/wp-json\/wp\/v2\/product_cat?post=23386"},{"taxonomy":"product_tag","embeddable":true,"href":"https:\/\/mouldking.store\/vi\/wp-json\/wp\/v2\/product_tag?post=23386"}],"curies":[{"name":"wp","href":"https:\/\/api.w.org\/{rel}","templated":true}]}}