{"id":23458,"date":"2021-10-10T04:56:35","date_gmt":"2021-10-09T21:56:35","guid":{"rendered":"https:\/\/mouldking.store\/shop\/moc-35273-the-modular-knights-castle-modular-building-by-klockizbroda-moc-factory\/"},"modified":"2025-12-25T09:20:40","modified_gmt":"2025-12-25T02:20:40","slug":"moc-35273-the-modular-knights-castle-modular-building-by-klockizbroda-moc-factory","status":"publish","type":"product","link":"https:\/\/mouldking.store\/vi\/shop\/moc-35273-the-modular-knights-castle-modular-building-by-klockizbroda-moc-factory\/","title":{"rendered":"MOC-35273 T\u00f2a nh\u00e0 m\u00f4-\u0111un L\u00e2u \u0111\u00e0i Hi\u1ec7p s\u0129 M\u00f4-\u0111un c\u1ee7a klockizbroda MOC FACTORY"},"content":{"rendered":"<p style=\"text-align: left\">MOC-35273 T\u00f2a nh\u00e0 M\u00f4-\u0111un L\u00e2u \u0111\u00e0i Hi\u1ec7p s\u0129 M\u00f4-\u0111un c\u1ee7a klockizbroda MOC FACTORY l\u00e0 m\u1ed9t b\u1ed9 trong b\u1ed9 s\u01b0u t\u1eadp T\u00f2a nh\u00e0 M\u00f4-\u0111un, \u0111\u01b0\u1ee3c thi\u1ebft k\u1ebf b\u1edfi klockizbroda. MOC 35273 n\u00e0y \u0111i k\u00e8m v\u1edbi h\u01b0\u1edbng d\u1eabn PDF gi\u00fap d\u1ec5 d\u00e0ng t\u1ea1o v\u00e0 t\u00ecm c\u00e1c ph\u1ea7n c\u00f2n thi\u1ebfu. B\u1ed9 n\u00e0y g\u1ed3m 1765 mi\u1ebfng, ph\u00e1t h\u00e0nh l\u1ea7n \u0111\u1ea7u v\u00e0o n\u0103m 2021.<\/p>\n<figure id=\"attachment_204044\" aria-describedby=\"caption-attachment-204044\" style=\"width: 800px\" class=\"wp-caption aligncenter\"><a href=\"https:\/\/pay.lpwstore.com\/wp-content\/uploads\/2021\/03\/MOC-35273-The-Modular-Knights-Castle-Modular-Building-by-klockizbroda-MOC-FACTORY.jpg\" target=\"_blank\" rel=\"noopener\"><img fetchpriority=\"high\" decoding=\"async\" class=\"wp-image-204044 size-full\" title=\"MOC-35273 T\u00f2a nh\u00e0 m\u00f4-\u0111un L\u00e2u \u0111\u00e0i Hi\u1ec7p s\u0129 M\u00f4-\u0111un c\u1ee7a klockizbroda MOC FACTORY\" src=\"https:\/\/pay.lpwstore.com\/wp-content\/uploads\/2021\/03\/MOC-35273-The-Modular-Knights-Castle-Modular-Building-by-klockizbroda-MOC-FACTORY.jpg\" alt=\"MOC-35273 The Modular Knight's Castle Modular Building by klockizbroda MOC FACTORY\" width=\"800\" height=\"800\" \/><\/a><figcaption id=\"caption-attachment-204044\" class=\"wp-caption-text\">MOC-35273 T\u00f2a nh\u00e0 m\u00f4-\u0111un L\u00e2u \u0111\u00e0i Hi\u1ec7p s\u0129 M\u00f4-\u0111un c\u1ee7a klockizbroda MOC FACTORY<\/figcaption><\/figure>\n<p><img decoding=\"async\" class=\"alignnone size-full wp-image-204045 aligncenter\" src=\"https:\/\/pay.lpwstore.com\/wp-content\/uploads\/2021\/03\/MOC-35273-The-Modular-Knights-Castle-Modular-Building-by-klockizbroda-MOC-FACTORY-2.jpg\" alt=\"MOC-35273-The-Modular-Knight&#039;s-Castle-Modular-Building-by-klockizbroda-MOC-FACTORY-2\" width=\"800\" height=\"800\" title=\"-\"><\/p>","protected":false},"excerpt":{"rendered":"<ul>\n<li>Bao g\u1ed3m <strong>1765+<\/strong> chi\u1ebfc<\/li>\n<li>H\u01b0\u1edbng d\u1eabn PDF tr\u1ef1c tuy\u1ebfn<\/li>\n<li>Kh\u1ed1i ABS ch\u1ea5t l\u01b0\u1ee3ng cao<\/li>\n<li>K\u00edch th\u01b0\u1edbc: 32 x 24 x 21 cm<\/li>\n<\/ul>","protected":false},"featured_media":23456,"comment_status":"open","ping_status":"closed","template":"","meta":{"_acf_changed":false},"product_cat":[390],"product_tag":[],"class_list":["product","first","instock","shipping-taxable","purchasable","product-type-simple"],"acf":[],"_links":{"self":[{"href":"https:\/\/mouldking.store\/vi\/wp-json\/wp\/v2\/product\/23458","targetHints":{"allow":["GET"]}}],"collection":[{"href":"https:\/\/mouldking.store\/vi\/wp-json\/wp\/v2\/product"}],"about":[{"href":"https:\/\/mouldking.store\/vi\/wp-json\/wp\/v2\/types\/product"}],"replies":[{"embeddable":true,"href":"https:\/\/mouldking.store\/vi\/wp-json\/wp\/v2\/comments?post=23458"}],"wp:featuredmedia":[{"embeddable":true,"href":"https:\/\/mouldking.store\/vi\/wp-json\/wp\/v2\/media\/23456"}],"wp:attachment":[{"href":"https:\/\/mouldking.store\/vi\/wp-json\/wp\/v2\/media?parent=23458"}],"wp:term":[{"taxonomy":"product_cat","embeddable":true,"href":"https:\/\/mouldking.store\/vi\/wp-json\/wp\/v2\/product_cat?post=23458"},{"taxonomy":"product_tag","embeddable":true,"href":"https:\/\/mouldking.store\/vi\/wp-json\/wp\/v2\/product_tag?post=23458"}],"curies":[{"name":"wp","href":"https:\/\/api.w.org\/{rel}","templated":true}]}}