{"id":23463,"date":"2021-10-10T04:56:38","date_gmt":"2021-10-09T21:56:38","guid":{"rendered":"https:\/\/mouldking.store\/shop\/moc-54840-10214-tower-bridge-alternative-modular-school-modular-building-by-alberto-vax-moc-factory\/"},"modified":"2025-12-25T09:20:40","modified_gmt":"2025-12-25T02:20:40","slug":"moc-54840-10214-tower-bridge-alternative-modular-school-modular-building-by-alberto-vax-moc-factory","status":"publish","type":"product","link":"https:\/\/mouldking.store\/vi\/shop\/moc-54840-10214-tower-bridge-alternative-modular-school-modular-building-by-alberto-vax-moc-factory\/","title":{"rendered":"MOC-54840 10214 Gi\u1ea3i ph\u00e1p thay th\u1ebf C\u1ea7u Th\u00e1p \u2013 T\u00f2a nh\u00e0 M\u00f4-\u0111un Tr\u01b0\u1eddng h\u1ecdc M\u00f4-\u0111un c\u1ee7a alberto.vax MOC FACTORY"},"content":{"rendered":"<p style=\"text-align: left\">MOC-54840 10214 Gi\u1ea3i ph\u00e1p thay th\u1ebf C\u1ea7u Th\u00e1p \u2013 T\u00f2a nh\u00e0 M\u00f4-\u0111un Tr\u01b0\u1eddng h\u1ecdc M\u00f4-\u0111un c\u1ee7a alberto.vax MOC FACTORY l\u00e0 m\u1ed9t t\u1eadp h\u1ee3p trong b\u1ed9 s\u01b0u t\u1eadp T\u00f2a nh\u00e0 M\u00f4-\u0111un, \u0111\u01b0\u1ee3c thi\u1ebft k\u1ebf b\u1edfi alberto.vax. MOC 54840 n\u00e0y \u0111i k\u00e8m v\u1edbi h\u01b0\u1edbng d\u1eabn PDF gi\u00fap d\u1ec5 d\u00e0ng t\u1ea1o v\u00e0 t\u00ecm c\u00e1c ph\u1ea7n c\u00f2n thi\u1ebfu. B\u1ed9 g\u1ed3m 2654 mi\u1ebfng, ph\u00e1t h\u00e0nh l\u1ea7n \u0111\u1ea7u v\u00e0o n\u0103m 2021.<\/p>\n<figure id=\"attachment_204049\" aria-describedby=\"caption-attachment-204049\" style=\"width: 800px\" class=\"wp-caption aligncenter\"><a href=\"https:\/\/pay.lpwstore.com\/wp-content\/uploads\/2021\/03\/MOC-54840-10214-Tower-Bridge-alternative-Modular-School-Modular-Building-by-alberto.vax-MOC-FACTORY.jpg\" target=\"_blank\" rel=\"noopener\"><img fetchpriority=\"high\" decoding=\"async\" class=\"wp-image-204049 size-full\" title=\"MOC-54840 10214 Gi\u1ea3i ph\u00e1p thay th\u1ebf C\u1ea7u Th\u00e1p - T\u00f2a nh\u00e0 M\u00f4-\u0111un Tr\u01b0\u1eddng h\u1ecdc M\u00f4-\u0111un c\u1ee7a alberto.vax MOC FACTORY\" src=\"https:\/\/pay.lpwstore.com\/wp-content\/uploads\/2021\/03\/MOC-54840-10214-Tower-Bridge-alternative-Modular-School-Modular-Building-by-alberto.vax-MOC-FACTORY.jpg\" alt=\"MOC-54840 10214 Tower Bridge alternative - Modular School Modular Building by alberto.vax MOC FACTORY\" width=\"800\" height=\"800\" \/><\/a><figcaption id=\"caption-attachment-204049\" class=\"wp-caption-text\">MOC-54840 10214 Gi\u1ea3i ph\u00e1p thay th\u1ebf C\u1ea7u Th\u00e1p \u2013 T\u00f2a nh\u00e0 M\u00f4-\u0111un Tr\u01b0\u1eddng h\u1ecdc M\u00f4-\u0111un c\u1ee7a alberto.vax MOC FACTORY<\/figcaption><\/figure>\n<p><img decoding=\"async\" class=\"alignnone size-full wp-image-204050 aligncenter\" src=\"https:\/\/pay.lpwstore.com\/wp-content\/uploads\/2021\/03\/MOC-54840-10214-Tower-Bridge-alternative-Modular-School-Modular-Building-by-alberto-2.jpg\" alt=\"MOC-54840-10214-Tower-Bridge-alternative---Modular-School-Modular-Building-by-alberto-2\" width=\"800\" height=\"800\" title=\"-\"><\/p>","protected":false},"excerpt":{"rendered":"<div class=\"product-short-description\">\n<ul>\n<li>Bao g\u1ed3m\u00a0<strong>2654+<\/strong>\u00a0chi\u1ebfc<\/li>\n<li>H\u01b0\u1edbng d\u1eabn PDF tr\u1ef1c tuy\u1ebfn<\/li>\n<li>Kh\u1ed1i ABS ch\u1ea5t l\u01b0\u1ee3ng cao<\/li>\n<li>K\u00edch th\u01b0\u1edbc: 26 x 26 x 26 cm<\/li>\n<\/ul>\n<\/div>","protected":false},"featured_media":23461,"comment_status":"open","ping_status":"closed","template":"","meta":{"_acf_changed":false},"product_cat":[390],"product_tag":[],"class_list":["product","first","instock","shipping-taxable","purchasable","product-type-simple"],"acf":[],"_links":{"self":[{"href":"https:\/\/mouldking.store\/vi\/wp-json\/wp\/v2\/product\/23463","targetHints":{"allow":["GET"]}}],"collection":[{"href":"https:\/\/mouldking.store\/vi\/wp-json\/wp\/v2\/product"}],"about":[{"href":"https:\/\/mouldking.store\/vi\/wp-json\/wp\/v2\/types\/product"}],"replies":[{"embeddable":true,"href":"https:\/\/mouldking.store\/vi\/wp-json\/wp\/v2\/comments?post=23463"}],"wp:featuredmedia":[{"embeddable":true,"href":"https:\/\/mouldking.store\/vi\/wp-json\/wp\/v2\/media\/23461"}],"wp:attachment":[{"href":"https:\/\/mouldking.store\/vi\/wp-json\/wp\/v2\/media?parent=23463"}],"wp:term":[{"taxonomy":"product_cat","embeddable":true,"href":"https:\/\/mouldking.store\/vi\/wp-json\/wp\/v2\/product_cat?post=23463"},{"taxonomy":"product_tag","embeddable":true,"href":"https:\/\/mouldking.store\/vi\/wp-json\/wp\/v2\/product_tag?post=23463"}],"curies":[{"name":"wp","href":"https:\/\/api.w.org\/{rel}","templated":true}]}}