{"id":23482,"date":"2021-10-10T04:56:57","date_gmt":"2021-10-09T21:56:57","guid":{"rendered":"https:\/\/mouldking.store\/shop\/moc-52859-rakotzbrucke-creator-by-chricki-moc-factory\/"},"modified":"2025-12-25T09:20:40","modified_gmt":"2025-12-25T02:20:40","slug":"moc-52859-rakotzbrucke-creator-by-chricki-moc-factory","status":"publish","type":"product","link":"https:\/\/mouldking.store\/vi\/shop\/moc-52859-rakotzbrucke-creator-by-chricki-moc-factory\/","title":{"rendered":"MOC-52859 Rakotzbr\u00fccke Creator b\u1edfi NH\u00c0 M\u00c1Y Chricki MOC"},"content":{"rendered":"<p>MOC-52859 Rakotzbr\u00fccke Creator by Chricki MOC FACTORY is a set in Creator collection, designed by Chricki. This MOC 52859 comes with PDF instruction which is easy to build and find the missing pieces. The set contains 1012 pieces, first released in 2021.<\/p>\n<figure id=\"attachment_204073\" aria-describedby=\"caption-attachment-204073\" style=\"width: 800px\" class=\"wp-caption aligncenter\"><a href=\"https:\/\/pay.lpwstore.com\/wp-content\/uploads\/2021\/03\/MOC-52859-Rakotzbr\u00fccke-Creator-by-Chricki-MOC-FACTORY.jpg\" target=\"_blank\" rel=\"noopener\"><img fetchpriority=\"high\" decoding=\"async\" class=\"wp-image-204073 size-full\" title=\"MOC-52859 Rakotzbr\u00fccke Creator b\u1edfi NH\u00c0 M\u00c1Y Chricki MOC\" src=\"https:\/\/pay.lpwstore.com\/wp-content\/uploads\/2021\/03\/MOC-52859-Rakotzbr\u00fccke-Creator-by-Chricki-MOC-FACTORY.jpg\" alt=\"MOC-52859 Rakotzbr\u00fccke Creator by Chricki MOC FACTORY\" width=\"800\" height=\"800\" \/><\/a><figcaption id=\"caption-attachment-204073\" class=\"wp-caption-text\">MOC-52859 Rakotzbr\u00fccke Creator b\u1edfi NH\u00c0 M\u00c1Y Chricki MOC<\/figcaption><\/figure>","protected":false},"excerpt":{"rendered":"<ul>\n<li>Bao g\u1ed3m\u00a0<strong>1012+<\/strong>\u00a0chi\u1ebfc<\/li>\n<li>H\u01b0\u1edbng d\u1eabn PDF tr\u1ef1c tuy\u1ebfn<\/li>\n<li>Kh\u1ed1i ABS ch\u1ea5t l\u01b0\u1ee3ng cao<\/li>\n<li>Dimensions: 50 x 12 x 10 cm<\/li>\n<\/ul>","protected":false},"featured_media":23481,"comment_status":"open","ping_status":"closed","template":"","meta":{"_acf_changed":false},"product_cat":[371],"product_tag":[],"class_list":["product","first","outofstock","shipping-taxable","purchasable","product-type-simple"],"acf":[],"_links":{"self":[{"href":"https:\/\/mouldking.store\/vi\/wp-json\/wp\/v2\/product\/23482","targetHints":{"allow":["GET"]}}],"collection":[{"href":"https:\/\/mouldking.store\/vi\/wp-json\/wp\/v2\/product"}],"about":[{"href":"https:\/\/mouldking.store\/vi\/wp-json\/wp\/v2\/types\/product"}],"replies":[{"embeddable":true,"href":"https:\/\/mouldking.store\/vi\/wp-json\/wp\/v2\/comments?post=23482"}],"wp:featuredmedia":[{"embeddable":true,"href":"https:\/\/mouldking.store\/vi\/wp-json\/wp\/v2\/media\/23481"}],"wp:attachment":[{"href":"https:\/\/mouldking.store\/vi\/wp-json\/wp\/v2\/media?parent=23482"}],"wp:term":[{"taxonomy":"product_cat","embeddable":true,"href":"https:\/\/mouldking.store\/vi\/wp-json\/wp\/v2\/product_cat?post=23482"},{"taxonomy":"product_tag","embeddable":true,"href":"https:\/\/mouldking.store\/vi\/wp-json\/wp\/v2\/product_tag?post=23482"}],"curies":[{"name":"wp","href":"https:\/\/api.w.org\/{rel}","templated":true}]}}