{"id":23484,"date":"2021-10-10T04:56:58","date_gmt":"2021-10-09T21:56:58","guid":{"rendered":"https:\/\/mouldking.store\/shop\/moc-35057-tantive-iv-midi-scale-star-wars-by-bas_solo_bricks1988-moc-factory\/"},"modified":"2025-12-25T09:20:40","modified_gmt":"2025-12-25T02:20:40","slug":"moc-35057-tantive-iv-midi-scale-star-wars-by-bas_solo_bricks1988-moc-factory","status":"publish","type":"product","link":"https:\/\/mouldking.store\/vi\/shop\/moc-35057-tantive-iv-midi-scale-star-wars-by-bas_solo_bricks1988-moc-factory\/","title":{"rendered":"MOC-35057 Tantive IV Midi scale Star Wars c\u1ee7a @Bas_Solo_Bricks1988 MOC FACTORY"},"content":{"rendered":"<p>MOC-35057 Tantive IV Midi scale Star Wars c\u1ee7a @Bas_Solo_Bricks1988 MOC FACTORY l\u00e0 m\u1ed9t b\u1ed1i c\u1ea3nh trong b\u1ed9 s\u01b0u t\u1eadp Star Wars, \u0111\u01b0\u1ee3c thi\u1ebft k\u1ebf b\u1edfi @Bas_Solo_Bricks1988. MOC 35057 n\u00e0y \u0111i k\u00e8m v\u1edbi h\u01b0\u1edbng d\u1eabn t\u1ec7p 3D gi\u00fap d\u1ec5 d\u00e0ng t\u1ea1o v\u00e0 t\u00ecm c\u00e1c ph\u1ea7n c\u00f2n thi\u1ebfu. B\u1ed9 g\u1ed3m 436 mi\u1ebfng, ph\u00e1t h\u00e0nh l\u1ea7n \u0111\u1ea7u v\u00e0o n\u0103m 2021.<\/p>\n<figure id=\"attachment_204075\" class=\"wp-caption aligncenter\" style=\"width: 800px;\" aria-describedby=\"caption-attachment-204075\"><a href=\"https:\/\/pay.lpwstore.com\/wp-content\/uploads\/2021\/03\/MOC-35057-Tantive-IV-Midi-scale-Star-Wars-by-@Bas_Solo_Bricks1988-MOC-FACTORY.jpg\" target=\"_blank\" rel=\"noopener\"><img fetchpriority=\"high\" decoding=\"async\" class=\"wp-image-204075 size-full\" title=\"MOC-35057 Tantive IV Midi scale Star Wars c\u1ee7a @Bas_Solo_Bricks1988 MOC FACTORY\" src=\"https:\/\/pay.lpwstore.com\/wp-content\/uploads\/2021\/03\/MOC-35057-Tantive-IV-Midi-scale-Star-Wars-by-@Bas_Solo_Bricks1988-MOC-FACTORY.jpg\" alt=\"MOC-35057 Tantive IV Midi scale Star Wars by @Bas_Solo_Bricks1988 MOC FACTORY\" width=\"800\" height=\"800\" \/><\/a><figcaption id=\"caption-attachment-204075\" class=\"wp-caption-text\">MOC-35057 Tantive IV Midi scale Star Wars c\u1ee7a @Bas_Solo_Bricks1988 MOC FACTORY<\/figcaption><\/figure>","protected":false},"excerpt":{"rendered":"<ul>\n<li>Bao g\u1ed3m\u00a0<strong>436+<\/strong>\u00a0chi\u1ebfc<\/li>\n<li>h\u01b0\u1edbng d\u1eabn t\u1eadp tin 3D<\/li>\n<li>Kh\u1ed1i ABS ch\u1ea5t l\u01b0\u1ee3ng cao<\/li>\n<li>K\u00edch th\u01b0\u1edbc: 41 x 10 x 7 cm<\/li>\n<li>S\u1eafp x\u1ebfp th\u1eddi gian: 3-7 tu\u1ea7n (m\u1ee5c t\u00f9y ch\u1ec9nh)<\/li>\n<\/ul>","protected":false},"featured_media":23483,"comment_status":"open","ping_status":"closed","template":"","meta":{"_acf_changed":false},"product_cat":[415],"product_tag":[],"class_list":["product","first","instock","shipping-taxable","purchasable","product-type-simple"],"acf":[],"_links":{"self":[{"href":"https:\/\/mouldking.store\/vi\/wp-json\/wp\/v2\/product\/23484","targetHints":{"allow":["GET"]}}],"collection":[{"href":"https:\/\/mouldking.store\/vi\/wp-json\/wp\/v2\/product"}],"about":[{"href":"https:\/\/mouldking.store\/vi\/wp-json\/wp\/v2\/types\/product"}],"replies":[{"embeddable":true,"href":"https:\/\/mouldking.store\/vi\/wp-json\/wp\/v2\/comments?post=23484"}],"wp:featuredmedia":[{"embeddable":true,"href":"https:\/\/mouldking.store\/vi\/wp-json\/wp\/v2\/media\/23483"}],"wp:attachment":[{"href":"https:\/\/mouldking.store\/vi\/wp-json\/wp\/v2\/media?parent=23484"}],"wp:term":[{"taxonomy":"product_cat","embeddable":true,"href":"https:\/\/mouldking.store\/vi\/wp-json\/wp\/v2\/product_cat?post=23484"},{"taxonomy":"product_tag","embeddable":true,"href":"https:\/\/mouldking.store\/vi\/wp-json\/wp\/v2\/product_tag?post=23484"}],"curies":[{"name":"wp","href":"https:\/\/api.w.org\/{rel}","templated":true}]}}