{"id":23520,"date":"2021-10-10T04:57:34","date_gmt":"2021-10-09T21:57:34","guid":{"rendered":"https:\/\/mouldking.store\/shop\/moc-61366-los-angeles-class-nuclear-submarine-military-by-veyniac-moc-factory\/"},"modified":"2025-12-25T09:20:39","modified_gmt":"2025-12-25T02:20:39","slug":"moc-61366-los-angeles-class-nuclear-submarine-military-by-veyniac-moc-factory","status":"publish","type":"product","link":"https:\/\/mouldking.store\/vi\/shop\/moc-61366-los-angeles-class-nuclear-submarine-military-by-veyniac-moc-factory\/","title":{"rendered":"MOC-61366 Qu\u00e2n \u0111\u1ed9i t\u00e0u ng\u1ea7m h\u1ea1t nh\u00e2n l\u1edbp Los Angeles c\u1ee7a veyniac MOC FACTORY"},"content":{"rendered":"<p style=\"text-align: left\">MOC-61366 Qu\u00e2n \u0111\u1ed9i t\u00e0u ng\u1ea7m h\u1ea1t nh\u00e2n l\u1edbp Los Angeles c\u1ee7a veyniac MOC FACTORY l\u00e0 m\u1ed9t b\u1ed9 trong b\u1ed9 s\u01b0u t\u1eadp Qu\u00e2n s\u1ef1, \u0111\u01b0\u1ee3c thi\u1ebft k\u1ebf b\u1edfi veyniac. MOC 61366 n\u00e0y \u0111i k\u00e8m v\u1edbi h\u01b0\u1edbng d\u1eabn PDF, d\u1ec5 x\u00e2y d\u1ef1ng v\u00e0 t\u00ecm c\u00e1c ph\u1ea7n c\u00f2n thi\u1ebfu. B\u1ed9 g\u1ed3m 563 mi\u1ebfng, ph\u00e1t h\u00e0nh l\u1ea7n \u0111\u1ea7u v\u00e0o n\u0103m 2021.<\/p>\n<figure id=\"attachment_204161\" class=\"wp-caption aligncenter\" style=\"width: 800px\" aria-describedby=\"caption-attachment-204161\"><a href=\"https:\/\/pay.lpwstore.com\/wp-content\/uploads\/2021\/03\/MOC-61366-Los-Angeles-Class-Nuclear-Submarine-Military-by-veyniac-MOC-FACTORY.jpg\" target=\"_blank\" rel=\"noopener\"><img fetchpriority=\"high\" decoding=\"async\" class=\"wp-image-204161 size-full\" title=\"MOC-61366 Qu\u00e2n \u0111\u1ed9i t\u00e0u ng\u1ea7m h\u1ea1t nh\u00e2n l\u1edbp Los Angeles c\u1ee7a veyniac MOC FACTORY\" src=\"https:\/\/pay.lpwstore.com\/wp-content\/uploads\/2021\/03\/MOC-61366-Los-Angeles-Class-Nuclear-Submarine-Military-by-veyniac-MOC-FACTORY.jpg\" alt=\"MOC-61366 Los Angeles-Class Nuclear Submarine Military by veyniac MOC FACTORY\" width=\"800\" height=\"800\" \/><\/a><figcaption id=\"caption-attachment-204161\" class=\"wp-caption-text\">MOC-61366 Qu\u00e2n \u0111\u1ed9i t\u00e0u ng\u1ea7m h\u1ea1t nh\u00e2n l\u1edbp Los Angeles c\u1ee7a veyniac MOC FACTORY<\/figcaption><\/figure>\n<p><img decoding=\"async\" class=\"alignnone size-full wp-image-204162 aligncenter\" src=\"https:\/\/pay.lpwstore.com\/wp-content\/uploads\/2021\/03\/MOC-61366-Los-Angeles-Class-Nuclear-Submarine-Military-by-veyniac-MOC-FACTORY-2.jpg\" alt=\"-\" width=\"800\" height=\"800\" title=\"-\"> <img decoding=\"async\" class=\"alignnone size-full wp-image-204163 aligncenter\" src=\"https:\/\/pay.lpwstore.com\/wp-content\/uploads\/2021\/03\/MOC-61366-Los-Angeles-Class-Nuclear-Submarine-Military-by-veyniac-MOC-FACTORY-3.jpg\" alt=\"-\" width=\"800\" height=\"800\" title=\"-\"> <img loading=\"lazy\" decoding=\"async\" class=\"alignnone size-full wp-image-204164 aligncenter\" src=\"https:\/\/pay.lpwstore.com\/wp-content\/uploads\/2021\/03\/MOC-61366-Los-Angeles-Class-Nuclear-Submarine-Military-by-veyniac-MOC-FACTORY-4.jpg\" alt=\"-\" width=\"800\" height=\"800\" title=\"-\"><\/p>","protected":false},"excerpt":{"rendered":"<ul>\n<li>Bao g\u1ed3m\u00a0<strong>563+<\/strong>\u00a0chi\u1ebfc<\/li>\n<li>H\u01b0\u1edbng d\u1eabn PDF tr\u1ef1c tuy\u1ebfn<\/li>\n<li>Kh\u1ed1i ABS ch\u1ea5t l\u01b0\u1ee3ng cao<\/li>\n<li>K\u00edch th\u01b0\u1edbc: 45 x 8 x 14 cm<\/li>\n<\/ul>","protected":false},"featured_media":23516,"comment_status":"open","ping_status":"closed","template":"","meta":{"_acf_changed":false},"product_cat":[372],"product_tag":[],"class_list":["product","first","outofstock","shipping-taxable","purchasable","product-type-simple"],"acf":[],"_links":{"self":[{"href":"https:\/\/mouldking.store\/vi\/wp-json\/wp\/v2\/product\/23520","targetHints":{"allow":["GET"]}}],"collection":[{"href":"https:\/\/mouldking.store\/vi\/wp-json\/wp\/v2\/product"}],"about":[{"href":"https:\/\/mouldking.store\/vi\/wp-json\/wp\/v2\/types\/product"}],"replies":[{"embeddable":true,"href":"https:\/\/mouldking.store\/vi\/wp-json\/wp\/v2\/comments?post=23520"}],"wp:featuredmedia":[{"embeddable":true,"href":"https:\/\/mouldking.store\/vi\/wp-json\/wp\/v2\/media\/23516"}],"wp:attachment":[{"href":"https:\/\/mouldking.store\/vi\/wp-json\/wp\/v2\/media?parent=23520"}],"wp:term":[{"taxonomy":"product_cat","embeddable":true,"href":"https:\/\/mouldking.store\/vi\/wp-json\/wp\/v2\/product_cat?post=23520"},{"taxonomy":"product_tag","embeddable":true,"href":"https:\/\/mouldking.store\/vi\/wp-json\/wp\/v2\/product_tag?post=23520"}],"curies":[{"name":"wp","href":"https:\/\/api.w.org\/{rel}","templated":true}]}}