{"id":23606,"date":"2021-10-10T04:59:10","date_gmt":"2021-10-09T21:59:10","guid":{"rendered":"https:\/\/mouldking.store\/shop\/moc-51458-rocinante-season-4-space-by-brickgloria-moc-factory\/"},"modified":"2025-12-25T09:20:31","modified_gmt":"2025-12-25T02:20:31","slug":"moc-51458-rocinante-season-4-space-by-brickgloria-moc-factory","status":"publish","type":"product","link":"https:\/\/mouldking.store\/vi\/shop\/moc-51458-rocinante-season-4-space-by-brickgloria-moc-factory\/","title":{"rendered":"MOC-51458 Rocinante (Ph\u1ea7n 4) Space by brickgloria MOC FACTORY"},"content":{"rendered":"<p style=\"text-align: left\">MOC-51458 Rocinante (Season 4) Space by brickgloria MOC FACTORY is a set in Space collection, designed by brickgloria. This MOC 51458 comes with PDF instruction which is easy to build and find the missing pieces. The set contains 5822 pieces, first released in 2021.<\/p>\n<p style=\"text-align: left\"><strong>GHI CH\u00da:<\/strong><\/p>\n<ul style=\"text-align: center\">\n<li style=\"text-align: left\"><strong>M\u00e0u c\u1ee7a c\u00e1c b\u1ed9 ph\u1eadn ri\u00eang l\u1ebb kh\u00f4ng t\u01b0\u01a1ng \u1ee9ng v\u1edbi m\u00e0u c\u1ee7a c\u00e1c b\u1ed9 ph\u1eadn v\u1ebd, \u0111i\u1ec1u n\u00e0y kh\u00f4ng \u1ea3nh h\u01b0\u1edfng \u0111\u1ebfn h\u00ecnh th\u1ee9c.<\/strong><\/li>\n<li style=\"text-align: left\"><strong>Vui l\u00f2ng mua c\u1ea9n th\u1eadn \u0111\u1ed1i v\u1edbi nh\u1eefng ng\u01b0\u1eddi kh\u00f4ng quan t\u00e2m \u0111\u1ebfn \u0111\u1ed9 ch\u00ednh x\u00e1c, s\u1ef1 kh\u00e1c bi\u1ec7t v\u1ec1 m\u00e0u s\u1eafc c\u1ee7a c\u00e1c b\u1ed9 ph\u1eadn trong n\u01b0\u1edbc.<\/strong><\/li>\n<\/ul>\n<figure id=\"attachment_204476\" aria-describedby=\"caption-attachment-204476\" style=\"width: 800px\" class=\"wp-caption aligncenter\"><a href=\"https:\/\/pay.lpwstore.com\/wp-content\/uploads\/2021\/03\/MOC-51458-Rocinante-Season-4-Space-by-brickgloria-MOC-FACTORY.jpg\" target=\"_blank\" rel=\"noopener\"><img fetchpriority=\"high\" decoding=\"async\" class=\"wp-image-204476 size-full\" title=\"MOC-51458 Rocinante (Ph\u1ea7n 4) Space by brickgloria MOC FACTORY\" src=\"https:\/\/pay.lpwstore.com\/wp-content\/uploads\/2021\/03\/MOC-51458-Rocinante-Season-4-Space-by-brickgloria-MOC-FACTORY.jpg\" alt=\"MOC-51458 Rocinante (Season 4) Space by brickgloria MOC FACTORY\" width=\"800\" height=\"800\" \/><\/a><figcaption id=\"caption-attachment-204476\" class=\"wp-caption-text\">MOC-51458 Rocinante (Ph\u1ea7n 4) Space by brickgloria MOC FACTORY<\/figcaption><\/figure>\n<p><img decoding=\"async\" class=\"alignnone size-full wp-image-204477 aligncenter\" src=\"https:\/\/pay.lpwstore.com\/wp-content\/uploads\/2021\/03\/MOC-51458-Rocinante-Season-4-Space-by-brickgloria-MOC-FACTORY-2.jpg\" alt=\"-\" width=\"800\" height=\"800\" title=\"-\"> <img decoding=\"async\" class=\"alignnone size-full wp-image-204478 aligncenter\" src=\"https:\/\/pay.lpwstore.com\/wp-content\/uploads\/2021\/03\/MOC-51458-Rocinante-Season-4-Space-by-brickgloria-MOC-FACTORY-3.jpg\" alt=\"-\" width=\"800\" height=\"800\" title=\"-\"> <img loading=\"lazy\" decoding=\"async\" class=\"alignnone size-full wp-image-204479 aligncenter\" src=\"https:\/\/pay.lpwstore.com\/wp-content\/uploads\/2021\/03\/MOC-51458-Rocinante-Season-4-Space-by-brickgloria-MOC-FACTORY-4.jpg\" alt=\"-\" width=\"800\" height=\"800\" title=\"-\"> <img loading=\"lazy\" decoding=\"async\" class=\"alignnone size-full wp-image-204480 aligncenter\" src=\"https:\/\/pay.lpwstore.com\/wp-content\/uploads\/2021\/03\/MOC-51458-Rocinante-Season-4-Space-by-brickgloria-MOC-FACTORY-5.jpg\" alt=\"-\" width=\"800\" height=\"800\" title=\"-\"> <img loading=\"lazy\" decoding=\"async\" class=\"alignnone size-full wp-image-204481 aligncenter\" src=\"https:\/\/pay.lpwstore.com\/wp-content\/uploads\/2021\/03\/MOC-51458-Rocinante-Season-4-Space-by-brickgloria-MOC-FACTORY-6.jpg\" alt=\"-\" width=\"800\" height=\"800\" title=\"-\"><\/p>","protected":false},"excerpt":{"rendered":"<ul>\n<li>Bao g\u1ed3m <strong>5822+<\/strong> chi\u1ebfc<\/li>\n<li>H\u01b0\u1edbng d\u1eabn PDF tr\u1ef1c tuy\u1ebfn<\/li>\n<li>Kh\u1ed1i ABS ch\u1ea5t l\u01b0\u1ee3ng cao<\/li>\n<\/ul>","protected":false},"featured_media":23601,"comment_status":"open","ping_status":"closed","template":"","meta":{"_acf_changed":false},"product_cat":[371],"product_tag":[],"class_list":["product","first","instock","shipping-taxable","purchasable","product-type-simple"],"acf":[],"_links":{"self":[{"href":"https:\/\/mouldking.store\/vi\/wp-json\/wp\/v2\/product\/23606","targetHints":{"allow":["GET"]}}],"collection":[{"href":"https:\/\/mouldking.store\/vi\/wp-json\/wp\/v2\/product"}],"about":[{"href":"https:\/\/mouldking.store\/vi\/wp-json\/wp\/v2\/types\/product"}],"replies":[{"embeddable":true,"href":"https:\/\/mouldking.store\/vi\/wp-json\/wp\/v2\/comments?post=23606"}],"wp:featuredmedia":[{"embeddable":true,"href":"https:\/\/mouldking.store\/vi\/wp-json\/wp\/v2\/media\/23601"}],"wp:attachment":[{"href":"https:\/\/mouldking.store\/vi\/wp-json\/wp\/v2\/media?parent=23606"}],"wp:term":[{"taxonomy":"product_cat","embeddable":true,"href":"https:\/\/mouldking.store\/vi\/wp-json\/wp\/v2\/product_cat?post=23606"},{"taxonomy":"product_tag","embeddable":true,"href":"https:\/\/mouldking.store\/vi\/wp-json\/wp\/v2\/product_tag?post=23606"}],"curies":[{"name":"wp","href":"https:\/\/api.w.org\/{rel}","templated":true}]}}