{"id":23620,"date":"2021-10-10T04:59:24","date_gmt":"2021-10-10T04:59:24","guid":{"rendered":"https:\/\/mouldking.store\/shop\/moc-60193-mercedes-benz-c63-amg-technic-by-loxlego-moc-factory\/"},"modified":"2025-12-25T09:20:31","modified_gmt":"2025-12-25T02:20:31","slug":"moc-60193-mercedes-benz-c63-amg-technic-by-loxlego-moc-factory","status":"publish","type":"product","link":"https:\/\/mouldking.store\/vi\/shop\/moc-60193-mercedes-benz-c63-amg-technic-by-loxlego-moc-factory\/","title":{"rendered":"MOC-60193 Mercedes Benz C63 AMG Technic c\u1ee7a Loxlego MOC FACTORY"},"content":{"rendered":"<p style=\"text-align: left\">MOC-60193 Mercedes Benz C63 AMG Technic c\u1ee7a Loxlego MOC FACTORY l\u00e0 m\u1ed9t b\u1ed9 trong b\u1ed9 s\u01b0u t\u1eadp Technic, \u0111\u01b0\u1ee3c thi\u1ebft k\u1ebf b\u1edfi Loxlego. MOC 60193 n\u00e0y \u0111i k\u00e8m v\u1edbi h\u01b0\u1edbng d\u1eabn PDF, d\u1ec5 x\u00e2y d\u1ef1ng v\u00e0 t\u00ecm c\u00e1c ph\u1ea7n c\u00f2n thi\u1ebfu. B\u1ed9 g\u1ed3m 3896 mi\u1ebfng, ph\u00e1t h\u00e0nh l\u1ea7n \u0111\u1ea7u v\u00e0o n\u0103m 2021.<\/p>\n<p style=\"text-align: left\"><strong>GHI CH\u00da:<\/strong><\/p>\n<ul style=\"text-align: center\">\n<li style=\"text-align: left\"><strong>M\u00e0u c\u1ee7a c\u00e1c b\u1ed9 ph\u1eadn ri\u00eang l\u1ebb kh\u00f4ng t\u01b0\u01a1ng \u1ee9ng v\u1edbi m\u00e0u c\u1ee7a c\u00e1c b\u1ed9 ph\u1eadn v\u1ebd, \u0111i\u1ec1u n\u00e0y kh\u00f4ng \u1ea3nh h\u01b0\u1edfng \u0111\u1ebfn h\u00ecnh th\u1ee9c.<\/strong><\/li>\n<li style=\"text-align: left\"><strong>Vui l\u00f2ng mua c\u1ea9n th\u1eadn \u0111\u1ed1i v\u1edbi nh\u1eefng ng\u01b0\u1eddi kh\u00f4ng quan t\u00e2m \u0111\u1ebfn \u0111\u1ed9 ch\u00ednh x\u00e1c, s\u1ef1 kh\u00e1c bi\u1ec7t v\u1ec1 m\u00e0u s\u1eafc c\u1ee7a c\u00e1c b\u1ed9 ph\u1eadn trong n\u01b0\u1edbc.<\/strong><\/li>\n<\/ul>\n<figure id=\"attachment_204490\" aria-describedby=\"caption-attachment-204490\" style=\"width: 800px\" class=\"wp-caption aligncenter\"><a href=\"https:\/\/pay.lpwstore.com\/wp-content\/uploads\/2021\/03\/MOC-60193-Mercedes-Benz-C63-AMG-Technic-by-Loxlego-MOC-FACTORY.jpg\" target=\"_blank\" rel=\"noopener\"><img fetchpriority=\"high\" decoding=\"async\" class=\"wp-image-204490 size-full\" title=\"MOC-60193 Mercedes Benz C63 AMG Technic c\u1ee7a Loxlego MOC FACTORY\" src=\"https:\/\/pay.lpwstore.com\/wp-content\/uploads\/2021\/03\/MOC-60193-Mercedes-Benz-C63-AMG-Technic-by-Loxlego-MOC-FACTORY.jpg\" alt=\"MOC-60193 Mercedes Benz C63 AMG Technic by Loxlego MOC FACTORY\" width=\"800\" height=\"800\" \/><\/a><figcaption id=\"caption-attachment-204490\" class=\"wp-caption-text\">MOC-60193 Mercedes Benz C63 AMG Technic c\u1ee7a Loxlego MOC FACTORY<\/figcaption><\/figure>\n<p><img decoding=\"async\" class=\"alignnone size-full wp-image-204491 aligncenter\" src=\"https:\/\/pay.lpwstore.com\/wp-content\/uploads\/2021\/03\/MOC-60193-Mercedes-Benz-C63-AMG-Technic-by-Loxlego-MOC-FACTORY-2.jpg\" alt=\"-\" width=\"800\" height=\"800\" title=\"-\"> <img decoding=\"async\" class=\"alignnone size-full wp-image-204492 aligncenter\" src=\"https:\/\/pay.lpwstore.com\/wp-content\/uploads\/2021\/03\/MOC-60193-Mercedes-Benz-C63-AMG-Technic-by-Loxlego-MOC-FACTORY-3.jpg\" alt=\"-\" width=\"800\" height=\"800\" title=\"-\"> <img loading=\"lazy\" decoding=\"async\" class=\"alignnone size-full wp-image-204493 aligncenter\" src=\"https:\/\/pay.lpwstore.com\/wp-content\/uploads\/2021\/03\/MOC-60193-Mercedes-Benz-C63-AMG-Technic-by-Loxlego-MOC-FACTORY-4.jpg\" alt=\"-\" width=\"800\" height=\"800\" title=\"-\"> <img loading=\"lazy\" decoding=\"async\" class=\"alignnone size-full wp-image-204494 aligncenter\" src=\"https:\/\/pay.lpwstore.com\/wp-content\/uploads\/2021\/03\/MOC-60193-Mercedes-Benz-C63-AMG-Technic-by-Loxlego-MOC-FACTORY-5.jpg\" alt=\"-\" width=\"800\" height=\"800\" title=\"-\"> <img loading=\"lazy\" decoding=\"async\" class=\"alignnone size-full wp-image-204495 aligncenter\" src=\"https:\/\/pay.lpwstore.com\/wp-content\/uploads\/2021\/03\/MOC-60193-Mercedes-Benz-C63-AMG-Technic-by-Loxlego-MOC-FACTORY-6.jpg\" alt=\"-\" width=\"800\" height=\"800\" title=\"-\"><\/p>","protected":false},"excerpt":{"rendered":"<ul>\n<li>Bao g\u1ed3m\u00a0<strong>3896+<\/strong>\u00a0chi\u1ebfc<\/li>\n<li>H\u01b0\u1edbng d\u1eabn PDF tr\u1ef1c tuy\u1ebfn<\/li>\n<li>Kh\u1ed1i ABS ch\u1ea5t l\u01b0\u1ee3ng cao<\/li>\n<li>kh\u00f4ng c\u00f3 \u0111\u1ed9ng c\u01a1<\/li>\n<\/ul>","protected":false},"featured_media":23614,"comment_status":"open","ping_status":"closed","template":"","meta":{"_acf_changed":false},"product_cat":[364],"product_tag":[],"class_list":["product","first","outofstock","shipping-taxable","purchasable","product-type-simple"],"acf":[],"_links":{"self":[{"href":"https:\/\/mouldking.store\/vi\/wp-json\/wp\/v2\/product\/23620","targetHints":{"allow":["GET"]}}],"collection":[{"href":"https:\/\/mouldking.store\/vi\/wp-json\/wp\/v2\/product"}],"about":[{"href":"https:\/\/mouldking.store\/vi\/wp-json\/wp\/v2\/types\/product"}],"replies":[{"embeddable":true,"href":"https:\/\/mouldking.store\/vi\/wp-json\/wp\/v2\/comments?post=23620"}],"wp:featuredmedia":[{"embeddable":true,"href":"https:\/\/mouldking.store\/vi\/wp-json\/wp\/v2\/media\/23614"}],"wp:attachment":[{"href":"https:\/\/mouldking.store\/vi\/wp-json\/wp\/v2\/media?parent=23620"}],"wp:term":[{"taxonomy":"product_cat","embeddable":true,"href":"https:\/\/mouldking.store\/vi\/wp-json\/wp\/v2\/product_cat?post=23620"},{"taxonomy":"product_tag","embeddable":true,"href":"https:\/\/mouldking.store\/vi\/wp-json\/wp\/v2\/product_tag?post=23620"}],"curies":[{"name":"wp","href":"https:\/\/api.w.org\/{rel}","templated":true}]}}