{"id":23660,"date":"2021-10-10T05:00:20","date_gmt":"2021-10-09T22:00:20","guid":{"rendered":"https:\/\/mouldking.store\/shop\/moc-36359-razor-crest-mini-scale-star-wars-by-2bricksofficial-moc-factory\/"},"modified":"2025-12-25T09:20:31","modified_gmt":"2025-12-25T02:20:31","slug":"moc-36359-razor-crest-mini-scale-star-wars-by-2bricksofficial-moc-factory","status":"publish","type":"product","link":"https:\/\/mouldking.store\/vi\/shop\/moc-36359-razor-crest-mini-scale-star-wars-by-2bricksofficial-moc-factory\/","title":{"rendered":"MOC-36359 Razor Crest Chi\u1ebfn tranh gi\u1eefa c\u00e1c v\u00ec sao quy m\u00f4 nh\u1ecf c\u1ee7a 2bricksofficial MOC FACTORY"},"content":{"rendered":"<p style=\"text-align: left\">MOC-36359 Razor Crest Chi\u1ebfn tranh gi\u1eefa c\u00e1c v\u00ec sao quy m\u00f4 nh\u1ecf c\u1ee7a 2bricksofficial MOC FACTORY l\u00e0 m\u1ed9t b\u1ed9 trong b\u1ed9 s\u01b0u t\u1eadp Chi\u1ebfn tranh gi\u1eefa c\u00e1c v\u00ec sao, \u0111\u01b0\u1ee3c thi\u1ebft k\u1ebf b\u1edfi 2bricksofficial. MOC 36359 n\u00e0y \u0111i k\u00e8m v\u1edbi h\u01b0\u1edbng d\u1eabn PDF gi\u00fap d\u1ec5 d\u00e0ng t\u1ea1o v\u00e0 t\u00ecm c\u00e1c ph\u1ea7n c\u00f2n thi\u1ebfu. B\u1ed9 g\u1ed3m 69 mi\u1ebfng, ph\u00e1t h\u00e0nh l\u1ea7n \u0111\u1ea7u v\u00e0o n\u0103m 2021.<\/p>\n<figure id=\"attachment_204557\" aria-describedby=\"caption-attachment-204557\" style=\"width: 800px\" class=\"wp-caption aligncenter\"><a href=\"https:\/\/pay.lpwstore.com\/wp-content\/uploads\/2021\/03\/MOC-36359-Razor-Crest-Mini-scale-Star-Wars-by-2bricksofficial-MOC-FACTORY.jpg\" target=\"_blank\" rel=\"noopener\"><img fetchpriority=\"high\" decoding=\"async\" class=\"wp-image-204557 size-full\" title=\"MOC-36359 Razor Crest Chi\u1ebfn tranh gi\u1eefa c\u00e1c v\u00ec sao quy m\u00f4 nh\u1ecf c\u1ee7a 2bricksofficial MOC FACTORY\" src=\"https:\/\/pay.lpwstore.com\/wp-content\/uploads\/2021\/03\/MOC-36359-Razor-Crest-Mini-scale-Star-Wars-by-2bricksofficial-MOC-FACTORY.jpg\" alt=\"MOC-36359 Razor Crest Mini-scale Star Wars by 2bricksofficial MOC FACTORY\" width=\"800\" height=\"800\" \/><\/a><figcaption id=\"caption-attachment-204557\" class=\"wp-caption-text\">MOC-36359 Razor Crest Chi\u1ebfn tranh gi\u1eefa c\u00e1c v\u00ec sao quy m\u00f4 nh\u1ecf c\u1ee7a 2bricksofficial MOC FACTORY<\/figcaption><\/figure>\n<p><img decoding=\"async\" class=\"alignnone size-full wp-image-204558 aligncenter\" src=\"https:\/\/pay.lpwstore.com\/wp-content\/uploads\/2021\/03\/MOC-36359-Razor-Crest-Mini-scale-Star-Wars-by-2bricksofficial-MOC-FACTORY-2.jpg\" alt=\"MOC-36359-Razor-Crest-Mini-scale-Star-Wars-by-2bricksofficial-MOC-FACTORY-2\" width=\"800\" height=\"800\" title=\"-\"><\/p>","protected":false},"excerpt":{"rendered":"<ul>\n<li>Bao g\u1ed3m\u00a0<strong>69+<\/strong>\u00a0chi\u1ebfc<\/li>\n<li>H\u01b0\u1edbng d\u1eabn PDF tr\u1ef1c tuy\u1ebfn<\/li>\n<li>Kh\u1ed1i ABS ch\u1ea5t l\u01b0\u1ee3ng cao<\/li>\n<li>K\u00edch th\u01b0\u1edbc: 8 x 6 x 6 cm<\/li>\n<\/ul>","protected":false},"featured_media":23658,"comment_status":"open","ping_status":"closed","template":"","meta":{"_acf_changed":false},"product_cat":[415],"product_tag":[],"class_list":["product","first","outofstock","shipping-taxable","purchasable","product-type-simple"],"acf":[],"_links":{"self":[{"href":"https:\/\/mouldking.store\/vi\/wp-json\/wp\/v2\/product\/23660","targetHints":{"allow":["GET"]}}],"collection":[{"href":"https:\/\/mouldking.store\/vi\/wp-json\/wp\/v2\/product"}],"about":[{"href":"https:\/\/mouldking.store\/vi\/wp-json\/wp\/v2\/types\/product"}],"replies":[{"embeddable":true,"href":"https:\/\/mouldking.store\/vi\/wp-json\/wp\/v2\/comments?post=23660"}],"wp:featuredmedia":[{"embeddable":true,"href":"https:\/\/mouldking.store\/vi\/wp-json\/wp\/v2\/media\/23658"}],"wp:attachment":[{"href":"https:\/\/mouldking.store\/vi\/wp-json\/wp\/v2\/media?parent=23660"}],"wp:term":[{"taxonomy":"product_cat","embeddable":true,"href":"https:\/\/mouldking.store\/vi\/wp-json\/wp\/v2\/product_cat?post=23660"},{"taxonomy":"product_tag","embeddable":true,"href":"https:\/\/mouldking.store\/vi\/wp-json\/wp\/v2\/product_tag?post=23660"}],"curies":[{"name":"wp","href":"https:\/\/api.w.org\/{rel}","templated":true}]}}