{"id":23727,"date":"2021-10-10T05:01:54","date_gmt":"2021-10-10T05:01:54","guid":{"rendered":"https:\/\/mouldking.store\/shop\/moc-2475-tractor-truck-technic-by-lucioswitch81-moc-factory\/"},"modified":"2025-12-25T09:20:29","modified_gmt":"2025-12-25T02:20:29","slug":"moc-2475-tractor-truck-technic-by-lucioswitch81-moc-factory","status":"publish","type":"product","link":"https:\/\/mouldking.store\/vi\/shop\/moc-2475-tractor-truck-technic-by-lucioswitch81-moc-factory\/","title":{"rendered":"K\u1ef9 thu\u1eadt xe \u0111\u1ea7u k\u00e9o MOC-2475 c\u1ee7a Lucioswitch81 MOC FACTORY"},"content":{"rendered":"<p style=\"text-align: left\">MOC-2475 Tractor Truck Technic c\u1ee7a Lucioswitch81 MOC FACTORY l\u00e0 m\u1ed9t b\u1ed9 trong b\u1ed9 s\u01b0u t\u1eadp Technic, \u0111\u01b0\u1ee3c thi\u1ebft k\u1ebf b\u1edfi Lucioswitch81. MOC 2475 n\u00e0y \u0111i k\u00e8m v\u1edbi h\u01b0\u1edbng d\u1eabn PDF gi\u00fap d\u1ec5 d\u00e0ng t\u1ea1o v\u00e0 t\u00ecm c\u00e1c ph\u1ea7n c\u00f2n thi\u1ebfu. B\u1ed9 g\u1ed3m 4511 mi\u1ebfng, ph\u00e1t h\u00e0nh l\u1ea7n \u0111\u1ea7u v\u00e0o n\u0103m 2021.<\/p>\n<figure id=\"attachment_204645\" aria-describedby=\"caption-attachment-204645\" style=\"width: 800px\" class=\"wp-caption aligncenter\"><a href=\"https:\/\/pay.lpwstore.com\/wp-content\/uploads\/2021\/03\/MOC-2475-Tractor-Truck-Technic-by-Lucioswitch81-MOC-FACTORY.jpg\" target=\"_blank\" rel=\"noopener\"><img fetchpriority=\"high\" decoding=\"async\" class=\"wp-image-204645 size-full\" title=\"K\u1ef9 thu\u1eadt xe \u0111\u1ea7u k\u00e9o MOC-2475 c\u1ee7a Lucioswitch81 MOC FACTORY\" src=\"https:\/\/pay.lpwstore.com\/wp-content\/uploads\/2021\/03\/MOC-2475-Tractor-Truck-Technic-by-Lucioswitch81-MOC-FACTORY.jpg\" alt=\"MOC-2475 Tractor Truck Technic by Lucioswitch81 MOC FACTORY\" width=\"800\" height=\"800\" \/><\/a><figcaption id=\"caption-attachment-204645\" class=\"wp-caption-text\">K\u1ef9 thu\u1eadt xe \u0111\u1ea7u k\u00e9o MOC-2475 c\u1ee7a Lucioswitch81 MOC FACTORY<\/figcaption><\/figure>\n<p><img decoding=\"async\" class=\"alignnone size-full wp-image-204646 aligncenter\" src=\"https:\/\/pay.lpwstore.com\/wp-content\/uploads\/2021\/03\/MOC-2475-Tractor-Truck-Technic-by-Lucioswitch81-MOC-FACTORY-2.jpg\" alt=\"-\" width=\"800\" height=\"800\" title=\"-\"> <img decoding=\"async\" class=\"alignnone size-full wp-image-204647 aligncenter\" src=\"https:\/\/pay.lpwstore.com\/wp-content\/uploads\/2021\/03\/MOC-2475-Tractor-Truck-Technic-by-Lucioswitch81-MOC-FACTORY-3.jpg\" alt=\"-\" width=\"800\" height=\"800\" title=\"-\"><\/p>","protected":false},"excerpt":{"rendered":"<ul>\n<li>Bao g\u1ed3m\u00a0<strong>4511+<\/strong>\u00a0chi\u1ebfc<\/li>\n<li>H\u01b0\u1edbng d\u1eabn PDF tr\u1ef1c tuy\u1ebfn<\/li>\n<li>Kh\u1ed1i ABS ch\u1ea5t l\u01b0\u1ee3ng cao<\/li>\n<li>kh\u00f4ng c\u00f3 \u0111\u1ed9ng c\u01a1<\/li>\n<\/ul>","protected":false},"featured_media":23724,"comment_status":"open","ping_status":"closed","template":"","meta":{"_acf_changed":false},"product_cat":[364],"product_tag":[],"class_list":["product","first","outofstock","shipping-taxable","purchasable","product-type-simple"],"acf":[],"_links":{"self":[{"href":"https:\/\/mouldking.store\/vi\/wp-json\/wp\/v2\/product\/23727","targetHints":{"allow":["GET"]}}],"collection":[{"href":"https:\/\/mouldking.store\/vi\/wp-json\/wp\/v2\/product"}],"about":[{"href":"https:\/\/mouldking.store\/vi\/wp-json\/wp\/v2\/types\/product"}],"replies":[{"embeddable":true,"href":"https:\/\/mouldking.store\/vi\/wp-json\/wp\/v2\/comments?post=23727"}],"wp:featuredmedia":[{"embeddable":true,"href":"https:\/\/mouldking.store\/vi\/wp-json\/wp\/v2\/media\/23724"}],"wp:attachment":[{"href":"https:\/\/mouldking.store\/vi\/wp-json\/wp\/v2\/media?parent=23727"}],"wp:term":[{"taxonomy":"product_cat","embeddable":true,"href":"https:\/\/mouldking.store\/vi\/wp-json\/wp\/v2\/product_cat?post=23727"},{"taxonomy":"product_tag","embeddable":true,"href":"https:\/\/mouldking.store\/vi\/wp-json\/wp\/v2\/product_tag?post=23727"}],"curies":[{"name":"wp","href":"https:\/\/api.w.org\/{rel}","templated":true}]}}