{"id":23755,"date":"2021-10-10T05:02:30","date_gmt":"2021-10-10T05:02:30","guid":{"rendered":"https:\/\/mouldking.store\/shop\/moc-38557-corvette-c7-z06-42056-b-model-technic-by-geyserbricks-moc-factory\/"},"modified":"2025-12-25T09:20:21","modified_gmt":"2025-12-25T02:20:21","slug":"moc-38557-corvette-c7-z06-42056-b-model-technic-by-geyserbricks-moc-factory","status":"publish","type":"product","link":"https:\/\/mouldking.store\/vi\/shop\/moc-38557-corvette-c7-z06-42056-b-model-technic-by-geyserbricks-moc-factory\/","title":{"rendered":"MOC-38557 T\u00e0u h\u1ed9 t\u1ed1ng C7 Z06 | 42056 B-model Technic c\u1ee7a GeyserBricks MOC FACTORY"},"content":{"rendered":"<p style=\"text-align: left\">MOC-38557 Corvette C7 Z06 | 42056 B-model Technic by GeyserBricks MOC FACTORY is a set in Technic collection, designed by GeyserBricks. This MOC 38557 comes with PDF instruction which is easy to build and find the missing pieces. The set contains 1908 pieces, first released in 2021.<\/p>\n<figure id=\"attachment_204676\" aria-describedby=\"caption-attachment-204676\" style=\"width: 800px\" class=\"wp-caption alignnone\"><a href=\"https:\/\/pay.lpwstore.com\/wp-content\/uploads\/2021\/03\/MOC-38557-Corvette-C7-Z06-42056-B-model-Technic-by-GeyserBricks-MOC-FACTORY.jpg\" target=\"_blank\" rel=\"noopener\"><img fetchpriority=\"high\" decoding=\"async\" class=\"wp-image-204676 size-full\" title=\"MOC-38557 T\u00e0u h\u1ed9 t\u1ed1ng C7 Z06 | 42056 B-model Technic c\u1ee7a GeyserBricks MOC FACTORY\" src=\"https:\/\/pay.lpwstore.com\/wp-content\/uploads\/2021\/03\/MOC-38557-Corvette-C7-Z06-42056-B-model-Technic-by-GeyserBricks-MOC-FACTORY.jpg\" alt=\"MOC-38557 Corvette C7 Z06 | 42056 B-model Technic by GeyserBricks MOC FACTORY\" width=\"800\" height=\"800\" \/><\/a><figcaption id=\"caption-attachment-204676\" class=\"wp-caption-text\">MOC-38557 T\u00e0u h\u1ed9 t\u1ed1ng C7 Z06 | 42056 B-model Technic c\u1ee7a GeyserBricks MOC FACTORY<\/figcaption><\/figure>\n<p style=\"text-align: center\"><img decoding=\"async\" class=\"alignnone size-full wp-image-204677\" src=\"https:\/\/pay.lpwstore.com\/wp-content\/uploads\/2021\/03\/MOC-38557-Corvette-C7-Z06-42056-B-model-Technic-by-GeyserBricks-MOC-FACTORY-2.jpg\" alt=\"-\" width=\"800\" height=\"800\" title=\"-\"> <img decoding=\"async\" class=\"alignnone size-full wp-image-204678\" src=\"https:\/\/pay.lpwstore.com\/wp-content\/uploads\/2021\/03\/MOC-38557-Corvette-C7-Z06-42056-B-model-Technic-by-GeyserBricks-MOC-FACTORY-3.jpg\" alt=\"-\" width=\"800\" height=\"800\" title=\"-\"> <img loading=\"lazy\" decoding=\"async\" class=\"alignnone size-full wp-image-204679\" src=\"https:\/\/pay.lpwstore.com\/wp-content\/uploads\/2021\/03\/MOC-38557-Corvette-C7-Z06-42056-B-model-Technic-by-GeyserBricks-MOC-FACTORY-4.jpg\" alt=\"-\" width=\"800\" height=\"800\" title=\"-\"> <img loading=\"lazy\" decoding=\"async\" class=\"alignnone size-full wp-image-204680\" src=\"https:\/\/pay.lpwstore.com\/wp-content\/uploads\/2021\/03\/MOC-38557-Corvette-C7-Z06-42056-B-model-Technic-by-GeyserBricks-MOC-FACTORY-5.jpg\" alt=\"-\" width=\"800\" height=\"800\" title=\"-\"><\/p>\n<p style=\"text-align: center\">","protected":false},"excerpt":{"rendered":"<ul>\n<li>Bao g\u1ed3m\u00a0<strong>1908+<\/strong>\u00a0chi\u1ebfc<\/li>\n<li>H\u01b0\u1edbng d\u1eabn PDF tr\u1ef1c tuy\u1ebfn<\/li>\n<li>Kh\u1ed1i ABS ch\u1ea5t l\u01b0\u1ee3ng cao<\/li>\n<li>kh\u00f4ng c\u00f3 \u0111\u1ed9ng c\u01a1<\/li>\n<\/ul>","protected":false},"featured_media":23750,"comment_status":"open","ping_status":"closed","template":"","meta":{"_acf_changed":false},"product_cat":[364],"product_tag":[],"class_list":["product","first","outofstock","shipping-taxable","purchasable","product-type-simple"],"acf":[],"_links":{"self":[{"href":"https:\/\/mouldking.store\/vi\/wp-json\/wp\/v2\/product\/23755","targetHints":{"allow":["GET"]}}],"collection":[{"href":"https:\/\/mouldking.store\/vi\/wp-json\/wp\/v2\/product"}],"about":[{"href":"https:\/\/mouldking.store\/vi\/wp-json\/wp\/v2\/types\/product"}],"replies":[{"embeddable":true,"href":"https:\/\/mouldking.store\/vi\/wp-json\/wp\/v2\/comments?post=23755"}],"wp:featuredmedia":[{"embeddable":true,"href":"https:\/\/mouldking.store\/vi\/wp-json\/wp\/v2\/media\/23750"}],"wp:attachment":[{"href":"https:\/\/mouldking.store\/vi\/wp-json\/wp\/v2\/media?parent=23755"}],"wp:term":[{"taxonomy":"product_cat","embeddable":true,"href":"https:\/\/mouldking.store\/vi\/wp-json\/wp\/v2\/product_cat?post=23755"},{"taxonomy":"product_tag","embeddable":true,"href":"https:\/\/mouldking.store\/vi\/wp-json\/wp\/v2\/product_tag?post=23755"}],"curies":[{"name":"wp","href":"https:\/\/api.w.org\/{rel}","templated":true}]}}