{"id":23986,"date":"2021-10-10T05:06:01","date_gmt":"2021-10-10T05:06:01","guid":{"rendered":"https:\/\/mouldking.store\/shop\/moc-factory-10803-rose-flower-bouquet-compatible-40460\/"},"modified":"2025-12-25T09:20:07","modified_gmt":"2025-12-25T02:20:07","slug":"moc-factory-10803-rose-flower-bouquet-compatible-40460","status":"publish","type":"product","link":"https:\/\/mouldking.store\/vi\/shop\/moc-factory-10803-rose-flower-bouquet-compatible-40460\/","title":{"rendered":"MOC FACTORY 10803 B\u00f3 hoa h\u1ed3ng T\u01b0\u01a1ng th\u00edch 40460"},"content":{"rendered":"<p style=\"text-align: left\">MOC FACTORY 10803 Rose Flower Bouquet T\u01b0\u01a1ng th\u00edch 40460 thu\u1ed9c b\u1ed9 kh\u1ed1i x\u00e2y d\u1ef1ng Creative Variety series, tr\u1ecdn b\u1ed9 ch\u1ee9a 568 h\u1ea1t kh\u1ed1i x\u00e2y d\u1ef1ng. L\u1ea7n \u0111\u1ea7u ti\u00ean \u0111\u01b0\u1ee3c ph\u00e1t h\u00e0nh v\u00e0o n\u0103m 2021.<\/p>\n<figure id=\"attachment_205244\" aria-describedby=\"caption-attachment-205244\" style=\"width: 800px\" class=\"wp-caption aligncenter\"><a href=\"https:\/\/pay.lpwstore.com\/wp-content\/uploads\/2021\/04\/MOC-FACTORY-10803-Rose-Flower-Bouquet-Compatible-40460-v4.jpg\" target=\"_blank\" rel=\"noopener\"><img fetchpriority=\"high\" decoding=\"async\" class=\"wp-image-205244 size-full\" title=\"MOC FACTORY 10803 B\u00f3 hoa h\u1ed3ng T\u01b0\u01a1ng th\u00edch 40460 \" src=\"https:\/\/pay.lpwstore.com\/wp-content\/uploads\/2021\/04\/MOC-FACTORY-10803-Rose-Flower-Bouquet-Compatible-40460-v4.jpg\" alt=\"MOC FACTORY 10803 Rose Flower Bouquet Compatible 40460 \" width=\"800\" height=\"800\" \/><\/a><figcaption id=\"caption-attachment-205244\" class=\"wp-caption-text\">MOC FACTORY 10803 B\u00f3 hoa h\u1ed3ng T\u01b0\u01a1ng th\u00edch 40460<\/figcaption><\/figure>\n<p><img decoding=\"async\" class=\"alignnone size-full wp-image-205243 aligncenter\" src=\"https:\/\/pay.lpwstore.com\/wp-content\/uploads\/2021\/04\/MOC-FACTORY-10803-Rose-Flower-Bouquet-Compatible-40460-v3.jpg\" alt=\"-\" width=\"800\" height=\"800\" title=\"-\"> <img decoding=\"async\" class=\"alignnone size-full wp-image-205242 aligncenter\" src=\"https:\/\/pay.lpwstore.com\/wp-content\/uploads\/2021\/04\/MOC-FACTORY-10803-Rose-Flower-Bouquet-Compatible-40460-v2.jpg\" alt=\"-\" width=\"800\" height=\"800\" title=\"-\"> <img loading=\"lazy\" decoding=\"async\" class=\"alignnone size-full wp-image-205241 aligncenter\" src=\"https:\/\/pay.lpwstore.com\/wp-content\/uploads\/2021\/04\/MOC-FACTORY-10803-Rose-Flower-Bouquet-Compatible-40460.jpg\" alt=\"-\" width=\"800\" height=\"800\" title=\"-\"><\/p>","protected":false},"excerpt":{"rendered":"<ul>\n<li>Bao g\u1ed3m<strong> 568+<\/strong> chi\u1ebfc<\/li>\n<li>S\u00e1ch h\u01b0\u1edbng d\u1eabn s\u1eed d\u1ee5ng<\/li>\n<li>Kh\u1ed1i ABS ch\u1ea5t l\u01b0\u1ee3ng cao<\/li>\n<li>Kh\u00f4ng c\u00f3 h\u1ed9p ban \u0111\u1ea7u<\/li>\n<\/ul>","protected":false},"featured_media":23982,"comment_status":"open","ping_status":"closed","template":"","meta":{"_acf_changed":false},"product_cat":[371],"product_tag":[],"class_list":["product","first","instock","shipping-taxable","purchasable","product-type-simple"],"acf":[],"_links":{"self":[{"href":"https:\/\/mouldking.store\/vi\/wp-json\/wp\/v2\/product\/23986","targetHints":{"allow":["GET"]}}],"collection":[{"href":"https:\/\/mouldking.store\/vi\/wp-json\/wp\/v2\/product"}],"about":[{"href":"https:\/\/mouldking.store\/vi\/wp-json\/wp\/v2\/types\/product"}],"replies":[{"embeddable":true,"href":"https:\/\/mouldking.store\/vi\/wp-json\/wp\/v2\/comments?post=23986"}],"wp:featuredmedia":[{"embeddable":true,"href":"https:\/\/mouldking.store\/vi\/wp-json\/wp\/v2\/media\/23982"}],"wp:attachment":[{"href":"https:\/\/mouldking.store\/vi\/wp-json\/wp\/v2\/media?parent=23986"}],"wp:term":[{"taxonomy":"product_cat","embeddable":true,"href":"https:\/\/mouldking.store\/vi\/wp-json\/wp\/v2\/product_cat?post=23986"},{"taxonomy":"product_tag","embeddable":true,"href":"https:\/\/mouldking.store\/vi\/wp-json\/wp\/v2\/product_tag?post=23986"}],"curies":[{"name":"wp","href":"https:\/\/api.w.org\/{rel}","templated":true}]}}