{"id":24121,"date":"2021-10-10T05:08:46","date_gmt":"2021-10-09T22:08:46","guid":{"rendered":"https:\/\/mouldking.store\/shop\/moc-65633-single-trooper-aerial-platform-star-wars-by-veryblocky-moc-factory\/"},"modified":"2025-12-25T09:20:00","modified_gmt":"2025-12-25T02:20:00","slug":"moc-65633-single-trooper-aerial-platform-star-wars-by-veryblocky-moc-factory","status":"publish","type":"product","link":"https:\/\/mouldking.store\/vi\/shop\/moc-65633-single-trooper-aerial-platform-star-wars-by-veryblocky-moc-factory\/","title":{"rendered":"MOC-65633 Single Trooper Aerial Platform Star Wars b\u1edfi veryblocky MOC FACTORY"},"content":{"rendered":"<p style=\"text-align: left;\">MOC-65633 Single Trooper Aerial Platform Star Wars c\u1ee7a veryblocky MOC FACTORY l\u00e0 m\u1ed9t b\u1ed1i c\u1ea3nh trong b\u1ed9 s\u01b0u t\u1eadp Chi\u1ebfn tranh gi\u1eefa c\u00e1c v\u00ec sao, \u0111\u01b0\u1ee3c thi\u1ebft k\u1ebf b\u1edfi veryblocky. MOC 65633 n\u00e0y \u0111i k\u00e8m v\u1edbi h\u01b0\u1edbng d\u1eabn PDF gi\u00fap d\u1ec5 d\u00e0ng t\u1ea1o v\u00e0 t\u00ecm c\u00e1c ph\u1ea7n c\u00f2n thi\u1ebfu. B\u1ed9 g\u1ed3m 188 mi\u1ebfng, ph\u00e1t h\u00e0nh l\u1ea7n \u0111\u1ea7u v\u00e0o n\u0103m 2021.<\/p>\n<figure id=\"attachment_205602\" class=\"wp-caption aligncenter\" style=\"width: 800px;\" aria-describedby=\"caption-attachment-205602\"><a href=\"https:\/\/pay.lpwstore.com\/wp-content\/uploads\/2021\/04\/MOC-65633-Single-Trooper-Aerial-Platform-Star-Wars-by-veryblocky-MOC-FACTORY.jpg\" target=\"_blank\" rel=\"noopener\"><img fetchpriority=\"high\" decoding=\"async\" class=\"wp-image-205602 size-full\" title=\"MOC-65633 Single Trooper Aerial Platform Star Wars b\u1edfi veryblocky MOC FACTORY\" src=\"https:\/\/pay.lpwstore.com\/wp-content\/uploads\/2021\/04\/MOC-65633-Single-Trooper-Aerial-Platform-Star-Wars-by-veryblocky-MOC-FACTORY.jpg\" alt=\"MOC-65633 Single Trooper Aerial Platform Star Wars by veryblocky MOC FACTORY\" width=\"800\" height=\"800\" \/><\/a><figcaption id=\"caption-attachment-205602\" class=\"wp-caption-text\">MOC-65633 Single Trooper Aerial Platform Star Wars b\u1edfi veryblocky MOC FACTORY<\/figcaption><\/figure>\n<p><img decoding=\"async\" class=\"alignnone size-full wp-image-205603 aligncenter\" src=\"https:\/\/pay.lpwstore.com\/wp-content\/uploads\/2021\/04\/MOC-65633-Single-Trooper-Aerial-Platform-Star-Wars-by-veryblocky-MOC-FACTORY-2.jpg\" alt=\"-\" width=\"800\" height=\"800\" title=\"-\"> <img decoding=\"async\" class=\"alignnone size-full wp-image-205604 aligncenter\" src=\"https:\/\/pay.lpwstore.com\/wp-content\/uploads\/2021\/04\/MOC-65633-Single-Trooper-Aerial-Platform-Star-Wars-by-veryblocky-MOC-FACTORY-3.jpg\" alt=\"-\" width=\"800\" height=\"800\" title=\"-\"> <img loading=\"lazy\" decoding=\"async\" class=\"alignnone size-full wp-image-205605 aligncenter\" src=\"https:\/\/pay.lpwstore.com\/wp-content\/uploads\/2021\/04\/MOC-65633-Single-Trooper-Aerial-Platform-Star-Wars-by-veryblocky-MOC-FACTORY-4.jpg\" alt=\"-\" width=\"800\" height=\"800\" title=\"-\"><\/p>","protected":false},"excerpt":{"rendered":"<ul>\n<li>Bao g\u1ed3m\u00a0<strong>188+<\/strong>\u00a0chi\u1ebfc<\/li>\n<li>H\u01b0\u1edbng d\u1eabn PDF tr\u1ef1c tuy\u1ebfn<\/li>\n<li>Kh\u1ed1i ABS ch\u1ea5t l\u01b0\u1ee3ng cao<\/li>\n<li>K\u00edch th\u01b0\u1edbc: 12 x 8 x 23 cm<\/li>\n<li>NOT includes battle droid<\/li>\n<\/ul>","protected":false},"author":83,"featured_media":24117,"comment_status":"open","ping_status":"closed","template":"","meta":{"_acf_changed":false},"product_cat":[415],"product_tag":[],"class_list":["product","first","instock","shipping-taxable","purchasable","product-type-simple"],"acf":[],"_links":{"self":[{"href":"https:\/\/mouldking.store\/vi\/wp-json\/wp\/v2\/product\/24121","targetHints":{"allow":["GET"]}}],"collection":[{"href":"https:\/\/mouldking.store\/vi\/wp-json\/wp\/v2\/product"}],"about":[{"href":"https:\/\/mouldking.store\/vi\/wp-json\/wp\/v2\/types\/product"}],"author":[{"embeddable":true,"href":"https:\/\/mouldking.store\/vi\/wp-json\/wp\/v2\/users\/83"}],"replies":[{"embeddable":true,"href":"https:\/\/mouldking.store\/vi\/wp-json\/wp\/v2\/comments?post=24121"}],"wp:featuredmedia":[{"embeddable":true,"href":"https:\/\/mouldking.store\/vi\/wp-json\/wp\/v2\/media\/24117"}],"wp:attachment":[{"href":"https:\/\/mouldking.store\/vi\/wp-json\/wp\/v2\/media?parent=24121"}],"wp:term":[{"taxonomy":"product_cat","embeddable":true,"href":"https:\/\/mouldking.store\/vi\/wp-json\/wp\/v2\/product_cat?post=24121"},{"taxonomy":"product_tag","embeddable":true,"href":"https:\/\/mouldking.store\/vi\/wp-json\/wp\/v2\/product_tag?post=24121"}],"curies":[{"name":"wp","href":"https:\/\/api.w.org\/{rel}","templated":true}]}}