{"id":24163,"date":"2021-10-10T05:08:58","date_gmt":"2021-10-09T22:08:58","guid":{"rendered":"https:\/\/mouldking.store\/shop\/moc-69562-74-z-speeder-bike-white-star-wars-by-johndierocks-moc-factory\/"},"modified":"2025-12-25T09:20:00","modified_gmt":"2025-12-25T02:20:00","slug":"moc-69562-74-z-speeder-bike-white-star-wars-by-johndierocks-moc-factory","status":"publish","type":"product","link":"https:\/\/mouldking.store\/vi\/shop\/moc-69562-74-z-speeder-bike-white-star-wars-by-johndierocks-moc-factory\/","title":{"rendered":"MOC-69562 Xe \u0111\u1ea1p t\u1ed1c \u0111\u1ed9 74-Z Chi\u1ebfn tranh gi\u1eefa c\u00e1c v\u00ec sao m\u00e0u tr\u1eafng c\u1ee7a JohndieRocks MOC FACTORY"},"content":{"rendered":"<p style=\"text-align: center\">MOC-69562 74-Z Speeder Bike White Star Wars by JohndieRocks MOC FACTORY is a set in Star Wars collection, designed by JohndieRocks. This MOC 69562 comes with PDF instruction which is easy to build and find the missing pieces. The set contains 61 pieces, first released in 2021.<\/p>\n<figure id=\"attachment_205810\" aria-describedby=\"caption-attachment-205810\" style=\"width: 800px\" class=\"wp-caption alignnone\"><a href=\"https:\/\/pay.lpwstore.com\/wp-content\/uploads\/2021\/04\/MOC-69562-74-Z-Speeder-Bike-White-Star-Wars-by-JohndieRocks-MOC-FACTORY.jpg\" target=\"_blank\" rel=\"noopener\"><img fetchpriority=\"high\" decoding=\"async\" class=\"wp-image-205810 size-full\" title=\"MOC-69562 Xe \u0111\u1ea1p t\u1ed1c \u0111\u1ed9 74-Z Chi\u1ebfn tranh gi\u1eefa c\u00e1c v\u00ec sao m\u00e0u tr\u1eafng c\u1ee7a JohndieRocks MOC FACTORY \" src=\"https:\/\/pay.lpwstore.com\/wp-content\/uploads\/2021\/04\/MOC-69562-74-Z-Speeder-Bike-White-Star-Wars-by-JohndieRocks-MOC-FACTORY.jpg\" alt=\"MOC-69562 74-Z Speeder Bike White Star Wars by JohndieRocks MOC FACTORY \" width=\"800\" height=\"800\" \/><\/a><figcaption id=\"caption-attachment-205810\" class=\"wp-caption-text\">MOC-69562 Xe \u0111\u1ea1p t\u1ed1c \u0111\u1ed9 74-Z Chi\u1ebfn tranh gi\u1eefa c\u00e1c v\u00ec sao m\u00e0u tr\u1eafng c\u1ee7a JohndieRocks MOC FACTORY<\/figcaption><\/figure>\n<p style=\"text-align: center\"><img decoding=\"async\" class=\"alignnone size-full wp-image-205811\" src=\"https:\/\/pay.lpwstore.com\/wp-content\/uploads\/2021\/04\/MOC-69562-74-Z-Speeder-Bike-White-Star-Wars-by-JohndieRocks-MOC-FACTORY-2.jpg\" alt=\"-\" width=\"800\" height=\"800\" title=\"-\"> <img decoding=\"async\" class=\"alignnone size-full wp-image-205812\" src=\"https:\/\/pay.lpwstore.com\/wp-content\/uploads\/2021\/04\/MOC-69562-74-Z-Speeder-Bike-White-Star-Wars-by-JohndieRocks-MOC-FACTORY-3.jpg\" alt=\"-\" width=\"800\" height=\"800\" title=\"-\"> <img loading=\"lazy\" decoding=\"async\" class=\"alignnone size-full wp-image-205813\" src=\"https:\/\/pay.lpwstore.com\/wp-content\/uploads\/2021\/04\/MOC-69562-74-Z-Speeder-Bike-White-Star-Wars-by-JohndieRocks-MOC-FACTORY-4.jpg\" alt=\"-\" width=\"800\" height=\"800\" title=\"-\"><\/p>\n<p style=\"text-align: center\">","protected":false},"excerpt":{"rendered":"<ul>\n<li>Bao g\u1ed3m\u00a0<strong>61+<\/strong>\u00a0chi\u1ebfc<\/li>\n<li>H\u01b0\u1edbng d\u1eabn PDF tr\u1ef1c tuy\u1ebfn<\/li>\n<li>Kh\u1ed1i ABS ch\u1ea5t l\u01b0\u1ee3ng cao<\/li>\n<li>Dimensions: 13 x 3 x 3 cm<\/li>\n<\/ul>","protected":false},"featured_media":24159,"comment_status":"open","ping_status":"closed","template":"","meta":{"_acf_changed":false},"product_cat":[415],"product_tag":[],"class_list":["product","first","instock","shipping-taxable","purchasable","product-type-simple"],"acf":[],"_links":{"self":[{"href":"https:\/\/mouldking.store\/vi\/wp-json\/wp\/v2\/product\/24163","targetHints":{"allow":["GET"]}}],"collection":[{"href":"https:\/\/mouldking.store\/vi\/wp-json\/wp\/v2\/product"}],"about":[{"href":"https:\/\/mouldking.store\/vi\/wp-json\/wp\/v2\/types\/product"}],"replies":[{"embeddable":true,"href":"https:\/\/mouldking.store\/vi\/wp-json\/wp\/v2\/comments?post=24163"}],"wp:featuredmedia":[{"embeddable":true,"href":"https:\/\/mouldking.store\/vi\/wp-json\/wp\/v2\/media\/24159"}],"wp:attachment":[{"href":"https:\/\/mouldking.store\/vi\/wp-json\/wp\/v2\/media?parent=24163"}],"wp:term":[{"taxonomy":"product_cat","embeddable":true,"href":"https:\/\/mouldking.store\/vi\/wp-json\/wp\/v2\/product_cat?post=24163"},{"taxonomy":"product_tag","embeddable":true,"href":"https:\/\/mouldking.store\/vi\/wp-json\/wp\/v2\/product_tag?post=24163"}],"curies":[{"name":"wp","href":"https:\/\/api.w.org\/{rel}","templated":true}]}}