{"id":24167,"date":"2021-10-10T05:08:59","date_gmt":"2021-10-09T22:08:59","guid":{"rendered":"https:\/\/mouldking.store\/shop\/moc-55090-desert-house-2-for-a-modular-tatooine-star-wars-by-gabizon-moc-factory\/"},"modified":"2025-12-25T09:19:59","modified_gmt":"2025-12-25T02:19:59","slug":"moc-55090-desert-house-2-for-a-modular-tatooine-star-wars-by-gabizon-moc-factory","status":"publish","type":"product","link":"https:\/\/mouldking.store\/vi\/shop\/moc-55090-desert-house-2-for-a-modular-tatooine-star-wars-by-gabizon-moc-factory\/","title":{"rendered":"MOC-55090 Ng\u00f4i nh\u00e0 sa m\u1ea1c #2 cho Chi\u1ebfn tranh gi\u1eefa c\u00e1c v\u00ec sao Tatooine d\u1ea1ng m\u00f4-\u0111un c\u1ee7a gabizon MOC FACTORY"},"content":{"rendered":"<p>MOC-55090 Ng\u00f4i nh\u00e0 sa m\u1ea1c #2 cho Chi\u1ebfn tranh gi\u1eefa c\u00e1c v\u00ec sao Tatooine m\u00f4-\u0111un c\u1ee7a gabizon MOC FACTORY l\u00e0 m\u1ed9t b\u1ed9 trong b\u1ed9 s\u01b0u t\u1eadp Chi\u1ebfn tranh gi\u1eefa c\u00e1c v\u00ec sao, \u0111\u01b0\u1ee3c thi\u1ebft k\u1ebf b\u1edfi gabizon. MOC 55090 n\u00e0y \u0111i k\u00e8m v\u1edbi h\u01b0\u1edbng d\u1eabn PDF gi\u00fap d\u1ec5 d\u00e0ng t\u1ea1o v\u00e0 t\u00ecm c\u00e1c ph\u1ea7n c\u00f2n thi\u1ebfu. B\u1ed9 g\u1ed3m 374 mi\u1ebfng, ph\u00e1t h\u00e0nh l\u1ea7n \u0111\u1ea7u v\u00e0o n\u0103m 2021.<\/p>\n<figure id=\"attachment_205833\" aria-describedby=\"caption-attachment-205833\" style=\"width: 800px\" class=\"wp-caption aligncenter\"><a href=\"https:\/\/pay.lpwstore.com\/wp-content\/uploads\/2021\/04\/MOC-55090-Desert-House-2-for-a-Modular-Tatooine-Star-Wars-by-gabizon-MOC-FACTORY.jpg\" target=\"_blank\" rel=\"noopener\"><img fetchpriority=\"high\" decoding=\"async\" class=\"wp-image-205833 size-full\" title=\"MOC-55090 Ng\u00f4i nh\u00e0 sa m\u1ea1c #2 cho Chi\u1ebfn tranh gi\u1eefa c\u00e1c v\u00ec sao Tatooine d\u1ea1ng m\u00f4-\u0111un c\u1ee7a gabizon MOC FACTORY\" src=\"https:\/\/pay.lpwstore.com\/wp-content\/uploads\/2021\/04\/MOC-55090-Desert-House-2-for-a-Modular-Tatooine-Star-Wars-by-gabizon-MOC-FACTORY.jpg\" alt=\"MOC-55090 Desert House #2 for a Modular Tatooine Star Wars by gabizon MOC FACTORY\" width=\"800\" height=\"800\" \/><\/a><figcaption id=\"caption-attachment-205833\" class=\"wp-caption-text\">MOC-55090 Ng\u00f4i nh\u00e0 sa m\u1ea1c #2 cho Chi\u1ebfn tranh gi\u1eefa c\u00e1c v\u00ec sao Tatooine d\u1ea1ng m\u00f4-\u0111un c\u1ee7a gabizon MOC FACTORY<\/figcaption><\/figure>","protected":false},"excerpt":{"rendered":"<ul>\n<li>Bao g\u1ed3m <strong>374+<\/strong> chi\u1ebfc<\/li>\n<li>H\u01b0\u1edbng d\u1eabn PDF tr\u1ef1c tuy\u1ebfn<\/li>\n<li>Kh\u1ed1i ABS ch\u1ea5t l\u01b0\u1ee3ng cao<\/li>\n<li>K\u00edch th\u01b0\u1edbc: 25,6 x 13 x 10 cm<\/li>\n<\/ul>","protected":false},"featured_media":24166,"comment_status":"open","ping_status":"closed","template":"","meta":{"_acf_changed":false},"product_cat":[415],"product_tag":[],"class_list":["product","first","outofstock","shipping-taxable","purchasable","product-type-simple"],"acf":[],"_links":{"self":[{"href":"https:\/\/mouldking.store\/vi\/wp-json\/wp\/v2\/product\/24167","targetHints":{"allow":["GET"]}}],"collection":[{"href":"https:\/\/mouldking.store\/vi\/wp-json\/wp\/v2\/product"}],"about":[{"href":"https:\/\/mouldking.store\/vi\/wp-json\/wp\/v2\/types\/product"}],"replies":[{"embeddable":true,"href":"https:\/\/mouldking.store\/vi\/wp-json\/wp\/v2\/comments?post=24167"}],"wp:featuredmedia":[{"embeddable":true,"href":"https:\/\/mouldking.store\/vi\/wp-json\/wp\/v2\/media\/24166"}],"wp:attachment":[{"href":"https:\/\/mouldking.store\/vi\/wp-json\/wp\/v2\/media?parent=24167"}],"wp:term":[{"taxonomy":"product_cat","embeddable":true,"href":"https:\/\/mouldking.store\/vi\/wp-json\/wp\/v2\/product_cat?post=24167"},{"taxonomy":"product_tag","embeddable":true,"href":"https:\/\/mouldking.store\/vi\/wp-json\/wp\/v2\/product_tag?post=24167"}],"curies":[{"name":"wp","href":"https:\/\/api.w.org\/{rel}","templated":true}]}}