{"id":24179,"date":"2021-10-10T05:09:06","date_gmt":"2021-10-10T05:09:06","guid":{"rendered":"https:\/\/mouldking.store\/shop\/mocfactory-x19004-greeting-pine-flower-bonsai-guest\/"},"modified":"2025-12-25T09:19:52","modified_gmt":"2025-12-25T02:19:52","slug":"mocfactory-x19004-greeting-pine-flower-bonsai-guest","status":"publish","type":"product","link":"https:\/\/mouldking.store\/vi\/shop\/mocfactory-x19004-greeting-pine-flower-bonsai-guest\/","title":{"rendered":"MOCFACTORY X19004 Hoa Th\u00f4ng Bonsai Ch\u00e0o Kh\u00e1ch"},"content":{"rendered":"<p style=\"text-align: left\">MOCFACTORY X19004 Hoa th\u00f4ng ch\u00fac m\u1eebng Kh\u00e1ch Bonsai thu\u1ed9c b\u1ed9 kh\u1ed1i x\u00e2y d\u1ef1ng s\u00ea-ri Creator, to\u00e0n b\u1ed9 b\u1ed9 ch\u1ee9a 878 h\u1ea1t kh\u1ed1i x\u00e2y d\u1ef1ng. L\u1ea7n \u0111\u1ea7u ti\u00ean \u0111\u01b0\u1ee3c ph\u00e1t h\u00e0nh v\u00e0o n\u0103m 2021.<\/p>\n<figure id=\"attachment_206063\" aria-describedby=\"caption-attachment-206063\" style=\"width: 800px\" class=\"wp-caption aligncenter\"><a href=\"https:\/\/pay.lpwstore.com\/wp-content\/uploads\/2021\/04\/MOCFACTORY-X19004-Greeting-Pine-Flower-Bonsai-Guest.jpg\" target=\"_blank\" rel=\"noopener\"><img fetchpriority=\"high\" decoding=\"async\" class=\"wp-image-206063 size-full\" title=\"MOCFACTORY X19004 Hoa Th\u00f4ng Bonsai Ch\u00e0o Kh\u00e1ch\" src=\"https:\/\/pay.lpwstore.com\/wp-content\/uploads\/2021\/04\/MOCFACTORY-X19004-Greeting-Pine-Flower-Bonsai-Guest.jpg\" alt=\"MOCFACTORY X19004 Greeting Pine Flower Bonsai Guest\" width=\"800\" height=\"800\" \/><\/a><figcaption id=\"caption-attachment-206063\" class=\"wp-caption-text\">MOCFACTORY X19004 Hoa Th\u00f4ng Bonsai Ch\u00e0o Kh\u00e1ch<\/figcaption><\/figure>\n<p><img decoding=\"async\" class=\"alignnone size-full wp-image-206064 aligncenter\" src=\"https:\/\/pay.lpwstore.com\/wp-content\/uploads\/2021\/04\/MOCFACTORY-X19004-Greeting-Pine-Flower-Bonsai-Guest-2.jpg\" alt=\"-\" width=\"800\" height=\"800\" title=\"-\"> <img decoding=\"async\" class=\"alignnone size-full wp-image-206065 aligncenter\" src=\"https:\/\/pay.lpwstore.com\/wp-content\/uploads\/2021\/04\/MOCFACTORY-X19004-Greeting-Pine-Flower-Bonsai-Guest-3.jpg\" alt=\"-\" width=\"800\" height=\"800\" title=\"-\"> <img loading=\"lazy\" decoding=\"async\" class=\"alignnone size-full wp-image-206066 aligncenter\" src=\"https:\/\/pay.lpwstore.com\/wp-content\/uploads\/2021\/04\/MOCFACTORY-X19004-Greeting-Pine-Flower-Bonsai-Guest-4.jpg\" alt=\"-\" width=\"800\" height=\"800\" title=\"-\"><\/p>","protected":false},"excerpt":{"rendered":"<ul>\n<li>Bao g\u1ed3m <strong>878+<\/strong> chi\u1ebfc<\/li>\n<li>S\u00e1ch h\u01b0\u1edbng d\u1eabn s\u1eed d\u1ee5ng<\/li>\n<li>Kh\u1ed1i ABS ch\u1ea5t l\u01b0\u1ee3ng cao<\/li>\n<li>Kh\u00f4ng c\u00f3 h\u1ed9p ban \u0111\u1ea7u<\/li>\n<\/ul>","protected":false},"featured_media":24175,"comment_status":"open","ping_status":"closed","template":"","meta":{"_acf_changed":false},"product_cat":[371],"product_tag":[],"class_list":["product","first","instock","shipping-taxable","purchasable","product-type-simple"],"acf":[],"_links":{"self":[{"href":"https:\/\/mouldking.store\/vi\/wp-json\/wp\/v2\/product\/24179","targetHints":{"allow":["GET"]}}],"collection":[{"href":"https:\/\/mouldking.store\/vi\/wp-json\/wp\/v2\/product"}],"about":[{"href":"https:\/\/mouldking.store\/vi\/wp-json\/wp\/v2\/types\/product"}],"replies":[{"embeddable":true,"href":"https:\/\/mouldking.store\/vi\/wp-json\/wp\/v2\/comments?post=24179"}],"wp:featuredmedia":[{"embeddable":true,"href":"https:\/\/mouldking.store\/vi\/wp-json\/wp\/v2\/media\/24175"}],"wp:attachment":[{"href":"https:\/\/mouldking.store\/vi\/wp-json\/wp\/v2\/media?parent=24179"}],"wp:term":[{"taxonomy":"product_cat","embeddable":true,"href":"https:\/\/mouldking.store\/vi\/wp-json\/wp\/v2\/product_cat?post=24179"},{"taxonomy":"product_tag","embeddable":true,"href":"https:\/\/mouldking.store\/vi\/wp-json\/wp\/v2\/product_tag?post=24179"}],"curies":[{"name":"wp","href":"https:\/\/api.w.org\/{rel}","templated":true}]}}