{"id":24269,"date":"2021-10-10T05:09:37","date_gmt":"2021-10-09T22:09:37","guid":{"rendered":"https:\/\/mouldking.store\/shop\/moc-69565-74-z-speeder-bike-brown-star-wars-by-johndierocks-moc-factory\/"},"modified":"2025-12-25T09:19:51","modified_gmt":"2025-12-25T02:19:51","slug":"moc-69565-74-z-speeder-bike-brown-star-wars-by-johndierocks-moc-factory","status":"publish","type":"product","link":"https:\/\/mouldking.store\/vi\/shop\/moc-69565-74-z-speeder-bike-brown-star-wars-by-johndierocks-moc-factory\/","title":{"rendered":"MOC-69565 Xe \u0111\u1ea1p t\u1ed1c \u0111\u1ed9 74-Z Brown Star Wars c\u1ee7a JohndieRocks MOC FACTORY"},"content":{"rendered":"<p>MOC-69565 74-Z Speeder Bike Brown Star Wars c\u1ee7a JohndieRocks MOC FACTORY l\u00e0 m\u1ed9t b\u1ed1i c\u1ea3nh trong b\u1ed9 s\u01b0u t\u1eadp Star Wars, \u0111\u01b0\u1ee3c thi\u1ebft k\u1ebf b\u1edfi JohndieRocks. MOC 69565 n\u00e0y \u0111i k\u00e8m v\u1edbi h\u01b0\u1edbng d\u1eabn PDF gi\u00fap d\u1ec5 d\u00e0ng t\u1ea1o v\u00e0 t\u00ecm c\u00e1c ph\u1ea7n c\u00f2n thi\u1ebfu. B\u1ed9 g\u1ed3m 61 mi\u1ebfng, ph\u00e1t h\u00e0nh l\u1ea7n \u0111\u1ea7u v\u00e0o n\u0103m 2021.<\/p>\n<p><a href=\"https:\/\/pay.lpwstore.com\/wp-content\/uploads\/2021\/05\/MOC-69565-74-Z-Speeder-Bike-Brown-Star-Wars-by-JohndieRocks-MOC-FACTORY.jpg\" target=\"_blank\" rel=\"noopener\"><img fetchpriority=\"high\" decoding=\"async\" class=\"aligncenter wp-image-206731 size-full\" title=\"MOC-69565-74-Z-Speeder-Bike-Brown-Star-Wars-by-JohndieRocks-MOC-FACTORY\" src=\"https:\/\/pay.lpwstore.com\/wp-content\/uploads\/2021\/05\/MOC-69565-74-Z-Speeder-Bike-Brown-Star-Wars-by-JohndieRocks-MOC-FACTORY.jpg\" alt=\"MOC-69565-74-Z-Speeder-Bike-Brown-Star-Wars-by-JohndieRocks-MOC-FACTORY\" width=\"800\" height=\"800\" \/><\/a><\/p>\n<p>&nbsp;<\/p>\n<figure id=\"attachment_206726\" aria-describedby=\"caption-attachment-206726\" style=\"width: 800px\" class=\"wp-caption aligncenter\"><img decoding=\"async\" class=\"wp-image-206726\" title=\"MOC-69565 Xe \u0111\u1ea1p t\u1ed1c \u0111\u1ed9 74-Z Brown Star Wars c\u1ee7a JohndieRocks MOC FACTORY\" src=\"https:\/\/pay.lpwstore.com\/wp-content\/uploads\/2021\/05\/moc-69565-74-z-speeder-bike-brown-star-wars-by-johndierocks-moc-factory-234645.jpg\" alt=\"MOC-69565 74-Z Speeder Bike Brown Star Wars by JohndieRocks MOC FACTORY\" width=\"800\" height=\"800\" \/><figcaption id=\"caption-attachment-206726\" class=\"wp-caption-text\">MOC-69565 Xe \u0111\u1ea1p t\u1ed1c \u0111\u1ed9 74-Z Brown Star Wars c\u1ee7a JohndieRocks MOC FACTORY<\/figcaption><\/figure>\n<figure id=\"attachment_206727\" aria-describedby=\"caption-attachment-206727\" style=\"width: 800px\" class=\"wp-caption aligncenter\"><img decoding=\"async\" class=\"wp-image-206727\" title=\"MOC-69565 Xe \u0111\u1ea1p t\u1ed1c \u0111\u1ed9 74-Z Brown Star Wars c\u1ee7a JohndieRocks MOC FACTORY\" src=\"https:\/\/pay.lpwstore.com\/wp-content\/uploads\/2021\/05\/moc-69565-74-z-speeder-bike-brown-star-wars-by-johndierocks-moc-factory-234648.jpg\" alt=\"MOC-69565 74-Z Speeder Bike Brown Star Wars by JohndieRocks MOC FACTORY\" width=\"800\" height=\"800\" \/><figcaption id=\"caption-attachment-206727\" class=\"wp-caption-text\">MOC-69565 Xe \u0111\u1ea1p t\u1ed1c \u0111\u1ed9 74-Z Brown Star Wars c\u1ee7a JohndieRocks MOC FACTORY<\/figcaption><\/figure>\n<figure id=\"attachment_206728\" aria-describedby=\"caption-attachment-206728\" style=\"width: 800px\" class=\"wp-caption aligncenter\"><img loading=\"lazy\" decoding=\"async\" class=\"wp-image-206728\" title=\"MOC-69565 Xe \u0111\u1ea1p t\u1ed1c \u0111\u1ed9 74-Z Brown Star Wars c\u1ee7a JohndieRocks MOC FACTORY\" src=\"https:\/\/pay.lpwstore.com\/wp-content\/uploads\/2021\/05\/moc-69565-74-z-speeder-bike-brown-star-wars-by-johndierocks-moc-factory-234652.jpg\" alt=\"MOC-69565 74-Z Speeder Bike Brown Star Wars by JohndieRocks MOC FACTORY\" width=\"800\" height=\"800\" \/><figcaption id=\"caption-attachment-206728\" class=\"wp-caption-text\">MOC-69565 Xe \u0111\u1ea1p t\u1ed1c \u0111\u1ed9 74-Z Brown Star Wars c\u1ee7a JohndieRocks MOC FACTORY<\/figcaption><\/figure>\n<figure id=\"attachment_206729\" aria-describedby=\"caption-attachment-206729\" style=\"width: 800px\" class=\"wp-caption aligncenter\"><img loading=\"lazy\" decoding=\"async\" class=\"wp-image-206729\" title=\"MOC-69565 Xe \u0111\u1ea1p t\u1ed1c \u0111\u1ed9 74-Z Brown Star Wars c\u1ee7a JohndieRocks MOC FACTORY\" src=\"https:\/\/pay.lpwstore.com\/wp-content\/uploads\/2021\/05\/moc-69565-74-z-speeder-bike-brown-star-wars-by-johndierocks-moc-factory-234655.jpg\" alt=\"MOC-69565 74-Z Speeder Bike Brown Star Wars by JohndieRocks MOC FACTORY\" width=\"800\" height=\"800\" \/><figcaption id=\"caption-attachment-206729\" class=\"wp-caption-text\">MOC-69565 Xe \u0111\u1ea1p t\u1ed1c \u0111\u1ed9 74-Z Brown Star Wars c\u1ee7a JohndieRocks MOC FACTORY<\/figcaption><\/figure>\n<figure id=\"attachment_206730\" aria-describedby=\"caption-attachment-206730\" style=\"width: 800px\" class=\"wp-caption aligncenter\"><img loading=\"lazy\" decoding=\"async\" class=\"wp-image-206730\" title=\"MOC-69565 Xe \u0111\u1ea1p t\u1ed1c \u0111\u1ed9 74-Z Brown Star Wars c\u1ee7a JohndieRocks MOC FACTORY\" src=\"https:\/\/pay.lpwstore.com\/wp-content\/uploads\/2021\/05\/moc-69565-74-z-speeder-bike-brown-star-wars-by-johndierocks-moc-factory-234658.jpg\" alt=\"MOC-69565 74-Z Speeder Bike Brown Star Wars by JohndieRocks MOC FACTORY\" width=\"800\" height=\"800\" \/><figcaption id=\"caption-attachment-206730\" class=\"wp-caption-text\">MOC-69565 Xe \u0111\u1ea1p t\u1ed1c \u0111\u1ed9 74-Z Brown Star Wars c\u1ee7a JohndieRocks MOC FACTORY<\/figcaption><\/figure>","protected":false},"excerpt":{"rendered":"<ul>\n<li>Bao g\u1ed3m\u00a0<strong>61+<\/strong>\u00a0chi\u1ebfc<\/li>\n<li>H\u01b0\u1edbng d\u1eabn PDF tr\u1ef1c tuy\u1ebfn<\/li>\n<li>Kh\u1ed1i ABS ch\u1ea5t l\u01b0\u1ee3ng cao<\/li>\n<li>K\u00edch th\u01b0\u1edbc: 12 x 3 x 4 cm<\/li>\n<\/ul>","protected":false},"featured_media":24263,"comment_status":"open","ping_status":"closed","template":"","meta":{"_acf_changed":false},"product_cat":[415],"product_tag":[],"class_list":["product","first","instock","shipping-taxable","purchasable","product-type-simple"],"acf":[],"_links":{"self":[{"href":"https:\/\/mouldking.store\/vi\/wp-json\/wp\/v2\/product\/24269","targetHints":{"allow":["GET"]}}],"collection":[{"href":"https:\/\/mouldking.store\/vi\/wp-json\/wp\/v2\/product"}],"about":[{"href":"https:\/\/mouldking.store\/vi\/wp-json\/wp\/v2\/types\/product"}],"replies":[{"embeddable":true,"href":"https:\/\/mouldking.store\/vi\/wp-json\/wp\/v2\/comments?post=24269"}],"wp:featuredmedia":[{"embeddable":true,"href":"https:\/\/mouldking.store\/vi\/wp-json\/wp\/v2\/media\/24263"}],"wp:attachment":[{"href":"https:\/\/mouldking.store\/vi\/wp-json\/wp\/v2\/media?parent=24269"}],"wp:term":[{"taxonomy":"product_cat","embeddable":true,"href":"https:\/\/mouldking.store\/vi\/wp-json\/wp\/v2\/product_cat?post=24269"},{"taxonomy":"product_tag","embeddable":true,"href":"https:\/\/mouldking.store\/vi\/wp-json\/wp\/v2\/product_tag?post=24269"}],"curies":[{"name":"wp","href":"https:\/\/api.w.org\/{rel}","templated":true}]}}