{"id":24275,"date":"2021-10-10T05:09:38","date_gmt":"2021-10-10T05:09:38","guid":{"rendered":"https:\/\/mouldking.store\/shop\/moc-47817-small-fishing-trawler-creator-by-fidi70-moc-factory\/"},"modified":"2025-12-25T09:19:51","modified_gmt":"2025-12-25T02:19:51","slug":"moc-47817-small-fishing-trawler-creator-by-fidi70-moc-factory","status":"publish","type":"product","link":"https:\/\/mouldking.store\/vi\/shop\/moc-47817-small-fishing-trawler-creator-by-fidi70-moc-factory\/","title":{"rendered":"MOC-47817 Nh\u00e0 s\u1ea3n xu\u1ea5t t\u00e0u \u0111\u00e1nh c\u00e1 nh\u1ecf fidi70 MOC FACTORY"},"content":{"rendered":"<p>MOC-47817 Small Fishing Trawler Creator by fidi70 MOC FACTORY is a set in Creator collection, designed by fidi70. This MOC 47817 comes with PDF instruction which is easy to build and find the missing pieces. The set contains 282 pieces, first released in 2021.<\/p>\n<p>Th\u1eddi gian s\u1eafp x\u1ebfp: 4-8 tu\u1ea7n<\/p>\n<figure id=\"attachment_31625\" aria-describedby=\"caption-attachment-31625\" style=\"width: 800px\" class=\"wp-caption aligncenter\"><img fetchpriority=\"high\" decoding=\"async\" class=\"wp-image-31625 size-full\" src=\"https:\/\/mocfactory.com\/wp-content\/uploads\/2021\/05\/MOC-47817-Small-Fishing-Trawler-Creator-by-fidi70-MOC-FACTORY.jpg\" alt=\"MOC-47817 Creator  Small Fishing Trawler Designer  fidi70 MOC FACTORY\" width=\"800\" height=\"800\" title=\"-\"><figcaption id=\"caption-attachment-31625\" class=\"wp-caption-text\">MOC-47817 Creator Small Fishing Trawler Designer fidi70 MOC FACTORY<\/figcaption><\/figure>\n<p>&nbsp;<\/p>\n<p>&nbsp;<\/p>","protected":false},"excerpt":{"rendered":"<ul>\n<li>Bao g\u1ed3m\u00a0<strong>282+<\/strong>\u00a0chi\u1ebfc<\/li>\n<li>H\u01b0\u1edbng d\u1eabn PDF tr\u1ef1c tuy\u1ebfn<\/li>\n<li>Kh\u1ed1i ABS ch\u1ea5t l\u01b0\u1ee3ng cao<\/li>\n<li>Dimensions: 26 x 10 x 16 cm<\/li>\n<\/ul>","protected":false},"featured_media":24274,"comment_status":"open","ping_status":"closed","template":"","meta":{"_acf_changed":false},"product_cat":[371],"product_tag":[8452,7697,8450,461,8448,8453,8447,8451,8449],"class_list":["product","first","instock","shipping-taxable","purchasable","product-type-simple"],"acf":[],"_links":{"self":[{"href":"https:\/\/mouldking.store\/vi\/wp-json\/wp\/v2\/product\/24275","targetHints":{"allow":["GET"]}}],"collection":[{"href":"https:\/\/mouldking.store\/vi\/wp-json\/wp\/v2\/product"}],"about":[{"href":"https:\/\/mouldking.store\/vi\/wp-json\/wp\/v2\/types\/product"}],"replies":[{"embeddable":true,"href":"https:\/\/mouldking.store\/vi\/wp-json\/wp\/v2\/comments?post=24275"}],"wp:featuredmedia":[{"embeddable":true,"href":"https:\/\/mouldking.store\/vi\/wp-json\/wp\/v2\/media\/24274"}],"wp:attachment":[{"href":"https:\/\/mouldking.store\/vi\/wp-json\/wp\/v2\/media?parent=24275"}],"wp:term":[{"taxonomy":"product_cat","embeddable":true,"href":"https:\/\/mouldking.store\/vi\/wp-json\/wp\/v2\/product_cat?post=24275"},{"taxonomy":"product_tag","embeddable":true,"href":"https:\/\/mouldking.store\/vi\/wp-json\/wp\/v2\/product_tag?post=24275"}],"curies":[{"name":"wp","href":"https:\/\/api.w.org\/{rel}","templated":true}]}}