{"id":24290,"date":"2021-10-10T05:10:12","date_gmt":"2021-10-09T22:10:12","guid":{"rendered":"https:\/\/mouldking.store\/shop\/moc-24017-james-bond-lotus-esprit-s1-wet-nellie-movie-by-onebrickpony-moc-factory\/"},"modified":"2025-12-25T09:19:51","modified_gmt":"2025-12-25T02:19:51","slug":"moc-24017-james-bond-lotus-esprit-s1-wet-nellie-movie-by-onebrickpony-moc-factory","status":"publish","type":"product","link":"https:\/\/mouldking.store\/vi\/shop\/moc-24017-james-bond-lotus-esprit-s1-wet-nellie-movie-by-onebrickpony-moc-factory\/","title":{"rendered":"MOC-24017 James Bond | Phim &#039;Wet Nellie&#039; c\u1ee7a Lotus Esprit S1 c\u1ee7a OneBrickPony MOC FACTORY"},"content":{"rendered":"<p>MOC-24017 James Bond | Phim &#039;Wet Nellie&#039; c\u1ee7a Lotus Esprit S1 c\u1ee7a OneBrickPony MOC FACTORY l\u00e0 m\u1ed9t b\u1ed9 trong b\u1ed9 s\u01b0u t\u1eadp Phim, \u0111\u01b0\u1ee3c thi\u1ebft k\u1ebf b\u1edfi OneBrickPony. MOC 24017 n\u00e0y \u0111i k\u00e8m v\u1edbi h\u01b0\u1edbng d\u1eabn PDF gi\u00fap d\u1ec5 d\u00e0ng t\u1ea1o v\u00e0 t\u00ecm c\u00e1c ph\u1ea7n c\u00f2n thi\u1ebfu. B\u1ed9 g\u1ed3m 339 mi\u1ebfng, ph\u00e1t h\u00e0nh l\u1ea7n \u0111\u1ea7u v\u00e0o n\u0103m 2021.<\/p>\n<figure id=\"attachment_206767\" aria-describedby=\"caption-attachment-206767\" style=\"width: 800px\" class=\"wp-caption aligncenter\"><a href=\"https:\/\/pay.lpwstore.com\/wp-content\/uploads\/2021\/05\/MOC-24017-James-Bond-Lotus-Esprit-S1-Wet-Nellie-Movie-by-OneBrickPony-MOC-FACTORY.jpg\" target=\"_blank\" rel=\"noopener\"><img fetchpriority=\"high\" decoding=\"async\" class=\"wp-image-206767 size-full\" title=\"MOC-24017 James Bond | Phim &#039;Wet Nellie&#039; c\u1ee7a Lotus Esprit S1 c\u1ee7a OneBrickPony MOC FACTORY\" src=\"https:\/\/pay.lpwstore.com\/wp-content\/uploads\/2021\/05\/MOC-24017-James-Bond-Lotus-Esprit-S1-Wet-Nellie-Movie-by-OneBrickPony-MOC-FACTORY.jpg\" alt=\"MOC-24017 James Bond | Lotus Esprit S1 'Wet Nellie' Movie by OneBrickPony MOC FACTORY\" width=\"800\" height=\"800\" \/><\/a><figcaption id=\"caption-attachment-206767\" class=\"wp-caption-text\">MOC-24017 James Bond | Phim &#039;Wet Nellie&#039; c\u1ee7a Lotus Esprit S1 c\u1ee7a OneBrickPony MOC FACTORY<\/figcaption><\/figure>\n<figure id=\"attachment_206763\" aria-describedby=\"caption-attachment-206763\" style=\"width: 1000px\" class=\"wp-caption aligncenter\"><img decoding=\"async\" class=\"size-full wp-image-206763\" title=\"MOC-24017 James Bond | Phim &#039;Wet Nellie&#039; c\u1ee7a Lotus Esprit S1 c\u1ee7a OneBrickPony MOC FACTORY\" src=\"https:\/\/pay.lpwstore.com\/wp-content\/uploads\/2021\/05\/moc-24017-james-bond-lotus-esprit-s1-wet-nellie-movie-by-onebrickpony-moc-factory-221113.jpg\" alt=\"MOC-24017 James Bond | Lotus Esprit S1 'Wet Nellie' Movie by OneBrickPony MOC FACTORY\" width=\"1000\" height=\"1000\" \/><figcaption id=\"caption-attachment-206763\" class=\"wp-caption-text\">MOC-24017 James Bond | Phim &#039;Wet Nellie&#039; c\u1ee7a Lotus Esprit S1 c\u1ee7a OneBrickPony MOC FACTORY<\/figcaption><\/figure>\n<figure id=\"attachment_206764\" aria-describedby=\"caption-attachment-206764\" style=\"width: 1000px\" class=\"wp-caption aligncenter\"><img decoding=\"async\" class=\"size-full wp-image-206764\" title=\"MOC-24017 James Bond | Phim &#039;Wet Nellie&#039; c\u1ee7a Lotus Esprit S1 c\u1ee7a OneBrickPony MOC FACTORY\" src=\"https:\/\/pay.lpwstore.com\/wp-content\/uploads\/2021\/05\/moc-24017-james-bond-lotus-esprit-s1-wet-nellie-movie-by-onebrickpony-moc-factory-221116.jpg\" alt=\"MOC-24017 James Bond | Lotus Esprit S1 'Wet Nellie' Movie by OneBrickPony MOC FACTORY\" width=\"1000\" height=\"1000\" \/><figcaption id=\"caption-attachment-206764\" class=\"wp-caption-text\">MOC-24017 James Bond | Phim &#039;Wet Nellie&#039; c\u1ee7a Lotus Esprit S1 c\u1ee7a OneBrickPony MOC FACTORY<\/figcaption><\/figure>\n<figure id=\"attachment_206765\" aria-describedby=\"caption-attachment-206765\" style=\"width: 1000px\" class=\"wp-caption aligncenter\"><img loading=\"lazy\" decoding=\"async\" class=\"size-full wp-image-206765\" title=\"MOC-24017 James Bond | Phim &#039;Wet Nellie&#039; c\u1ee7a Lotus Esprit S1 c\u1ee7a OneBrickPony MOC FACTORY\" src=\"https:\/\/pay.lpwstore.com\/wp-content\/uploads\/2021\/05\/moc-24017-james-bond-lotus-esprit-s1-wet-nellie-movie-by-onebrickpony-moc-factory-221119.jpg\" alt=\"MOC-24017 James Bond | Lotus Esprit S1 'Wet Nellie' Movie by OneBrickPony MOC FACTORY\" width=\"1000\" height=\"1000\" \/><figcaption id=\"caption-attachment-206765\" class=\"wp-caption-text\">MOC-24017 James Bond | Phim &#039;Wet Nellie&#039; c\u1ee7a Lotus Esprit S1 c\u1ee7a OneBrickPony MOC FACTORY<\/figcaption><\/figure>\n<figure id=\"attachment_206766\" aria-describedby=\"caption-attachment-206766\" style=\"width: 1000px\" class=\"wp-caption aligncenter\"><img loading=\"lazy\" decoding=\"async\" class=\"size-full wp-image-206766\" title=\"MOC-24017 James Bond | Phim &#039;Wet Nellie&#039; c\u1ee7a Lotus Esprit S1 c\u1ee7a OneBrickPony MOC FACTORY\" src=\"https:\/\/pay.lpwstore.com\/wp-content\/uploads\/2021\/05\/moc-24017-james-bond-lotus-esprit-s1-wet-nellie-movie-by-onebrickpony-moc-factory-221123.jpg\" alt=\"MOC-24017 James Bond | Lotus Esprit S1 'Wet Nellie' Movie by OneBrickPony MOC FACTORY\" width=\"1000\" height=\"1000\" \/><figcaption id=\"caption-attachment-206766\" class=\"wp-caption-text\">MOC-24017 James Bond | Phim &#039;Wet Nellie&#039; c\u1ee7a Lotus Esprit S1 c\u1ee7a OneBrickPony MOC FACTORY<\/figcaption><\/figure>","protected":false},"excerpt":{"rendered":"<ul>\n<li>Bao g\u1ed3m\u00a0<strong>339+<\/strong>\u00a0chi\u1ebfc<\/li>\n<li>H\u01b0\u1edbng d\u1eabn PDF tr\u1ef1c tuy\u1ebfn<\/li>\n<li>Kh\u1ed1i ABS ch\u1ea5t l\u01b0\u1ee3ng cao<\/li>\n<li>K\u00edch th\u01b0\u1edbc: 20 x 8 x 5 cm<\/li>\n<\/ul>","protected":false},"featured_media":24285,"comment_status":"open","ping_status":"closed","template":"","meta":{"_acf_changed":false},"product_cat":[581],"product_tag":[],"class_list":["product","first","instock","shipping-taxable","purchasable","product-type-simple"],"acf":[],"_links":{"self":[{"href":"https:\/\/mouldking.store\/vi\/wp-json\/wp\/v2\/product\/24290","targetHints":{"allow":["GET"]}}],"collection":[{"href":"https:\/\/mouldking.store\/vi\/wp-json\/wp\/v2\/product"}],"about":[{"href":"https:\/\/mouldking.store\/vi\/wp-json\/wp\/v2\/types\/product"}],"replies":[{"embeddable":true,"href":"https:\/\/mouldking.store\/vi\/wp-json\/wp\/v2\/comments?post=24290"}],"wp:featuredmedia":[{"embeddable":true,"href":"https:\/\/mouldking.store\/vi\/wp-json\/wp\/v2\/media\/24285"}],"wp:attachment":[{"href":"https:\/\/mouldking.store\/vi\/wp-json\/wp\/v2\/media?parent=24290"}],"wp:term":[{"taxonomy":"product_cat","embeddable":true,"href":"https:\/\/mouldking.store\/vi\/wp-json\/wp\/v2\/product_cat?post=24290"},{"taxonomy":"product_tag","embeddable":true,"href":"https:\/\/mouldking.store\/vi\/wp-json\/wp\/v2\/product_tag?post=24290"}],"curies":[{"name":"wp","href":"https:\/\/api.w.org\/{rel}","templated":true}]}}