{"id":24321,"date":"2021-10-10T05:11:32","date_gmt":"2021-10-10T05:11:32","guid":{"rendered":"https:\/\/mouldking.store\/shop\/moc-90136-darth-moore-pixel-art-star-wars-moc-factory\/"},"modified":"2025-12-25T09:19:50","modified_gmt":"2025-12-25T02:19:50","slug":"moc-90136-darth-moore-pixel-art-star-wars-moc-factory","status":"publish","type":"product","link":"https:\/\/mouldking.store\/vi\/shop\/moc-90136-darth-moore-pixel-art-star-wars-moc-factory\/","title":{"rendered":"MOC-90136 Darth Moore Pixel Art Star Wars MOC FACTORY"},"content":{"rendered":"<p>MOC-90136 Darth Moore Pixel Art Star Wars MOC FACTORY l\u00e0 m\u1ed9t b\u1ed9 trong b\u1ed9 s\u01b0u t\u1eadp Star Wars. MOC 90136 n\u00e0y \u0111i k\u00e8m v\u1edbi h\u01b0\u1edbng d\u1eabn PDF gi\u00fap d\u1ec5 d\u00e0ng t\u1ea1o v\u00e0 t\u00ecm c\u00e1c ph\u1ea7n c\u00f2n thi\u1ebfu. B\u1ed9 g\u1ed3m 2304 mi\u1ebfng, ph\u00e1t h\u00e0nh l\u1ea7n \u0111\u1ea7u v\u00e0o n\u0103m 2021.<\/p>\n<p><a href=\"https:\/\/pay.lpwstore.com\/wp-content\/uploads\/2021\/05\/MOC-90136-Darth-Moore-Pixel-Art-Star-Wars-MOC-FACTORY.jpg\" target=\"_blank\" rel=\"noopener\"><img fetchpriority=\"high\" decoding=\"async\" class=\"wp-image-206888 size-full\" title=\"MOC-90136 Darth Moore Pixel Art Star Wars MOC FACTORY\" src=\"https:\/\/pay.lpwstore.com\/wp-content\/uploads\/2021\/05\/MOC-90136-Darth-Moore-Pixel-Art-Star-Wars-MOC-FACTORY.jpg\" alt=\"MOC-90136 Darth Moore Pixel Art Star Wars MOC FACTORY\" width=\"800\" height=\"800\" \/><\/a><\/p>\n<figure id=\"attachment_206886\" aria-describedby=\"caption-attachment-206886\" style=\"width: 800px\" class=\"wp-caption aligncenter\"><img decoding=\"async\" class=\"wp-image-206886\" title=\"MOC-90136 Darth Moore Pixel Art Star Wars MOC FACTORY\" src=\"https:\/\/pay.lpwstore.com\/wp-content\/uploads\/2021\/05\/moc-90136-darth-moore-pixel-art-star-wars-moc-factory-230543.jpg\" alt=\"MOC-90136 Darth Moore Pixel Art Star Wars MOC FACTORY\" width=\"800\" height=\"800\" \/><figcaption id=\"caption-attachment-206886\" class=\"wp-caption-text\">MOC-90136 Darth Moore Pixel Art Star Wars MOC FACTORY<\/figcaption><\/figure>\n<figure id=\"attachment_206887\" aria-describedby=\"caption-attachment-206887\" style=\"width: 800px\" class=\"wp-caption aligncenter\"><img decoding=\"async\" class=\"wp-image-206887\" title=\"MOC-90136 Darth Moore Pixel Art Star Wars MOC FACTORY\" src=\"https:\/\/pay.lpwstore.com\/wp-content\/uploads\/2021\/05\/moc-90136-darth-moore-pixel-art-star-wars-moc-factory-230546.jpg\" alt=\"MOC-90136 Darth Moore Pixel Art Star Wars MOC FACTORY\" width=\"800\" height=\"800\" \/><figcaption id=\"caption-attachment-206887\" class=\"wp-caption-text\">MOC-90136 Darth Moore Pixel Art Star Wars MOC FACTORY<\/figcaption><\/figure>","protected":false},"excerpt":{"rendered":"<ul>\n<li>Bao g\u1ed3m\u00a0<strong>2304+<\/strong>\u00a0chi\u1ebfc<\/li>\n<li>H\u01b0\u1edbng d\u1eabn PDF tr\u1ef1c tuy\u1ebfn<\/li>\n<li>Kh\u1ed1i ABS ch\u1ea5t l\u01b0\u1ee3ng cao<\/li>\n<li>K\u00edch th\u01b0\u1edbc: 38,4 x 38,4 x 0,67 cm<\/li>\n<\/ul>","protected":false},"featured_media":24318,"comment_status":"open","ping_status":"closed","template":"","meta":{"_acf_changed":false},"product_cat":[415],"product_tag":[],"class_list":["product","first","outofstock","shipping-taxable","purchasable","product-type-simple"],"acf":[],"_links":{"self":[{"href":"https:\/\/mouldking.store\/vi\/wp-json\/wp\/v2\/product\/24321","targetHints":{"allow":["GET"]}}],"collection":[{"href":"https:\/\/mouldking.store\/vi\/wp-json\/wp\/v2\/product"}],"about":[{"href":"https:\/\/mouldking.store\/vi\/wp-json\/wp\/v2\/types\/product"}],"replies":[{"embeddable":true,"href":"https:\/\/mouldking.store\/vi\/wp-json\/wp\/v2\/comments?post=24321"}],"wp:featuredmedia":[{"embeddable":true,"href":"https:\/\/mouldking.store\/vi\/wp-json\/wp\/v2\/media\/24318"}],"wp:attachment":[{"href":"https:\/\/mouldking.store\/vi\/wp-json\/wp\/v2\/media?parent=24321"}],"wp:term":[{"taxonomy":"product_cat","embeddable":true,"href":"https:\/\/mouldking.store\/vi\/wp-json\/wp\/v2\/product_cat?post=24321"},{"taxonomy":"product_tag","embeddable":true,"href":"https:\/\/mouldking.store\/vi\/wp-json\/wp\/v2\/product_tag?post=24321"}],"curies":[{"name":"wp","href":"https:\/\/api.w.org\/{rel}","templated":true}]}}