{"id":24408,"date":"2021-10-10T05:12:52","date_gmt":"2021-10-09T22:12:52","guid":{"rendered":"https:\/\/mouldking.store\/shop\/moc-69068-walter-whites-pontiac-aztek-technic-by-onebrickpony-moc-factory\/"},"modified":"2025-12-25T09:17:27","modified_gmt":"2025-12-25T02:17:27","slug":"moc-69068-walter-whites-pontiac-aztek-technic-by-onebrickpony-moc-factory","status":"publish","type":"product","link":"https:\/\/mouldking.store\/vi\/shop\/moc-69068-walter-whites-pontiac-aztek-technic-by-onebrickpony-moc-factory\/","title":{"rendered":"MOC-69068 K\u1ef9 thu\u1eadt Pontiac Aztek c\u1ee7a Walter White c\u1ee7a OneBrickPony MOC FACTORY"},"content":{"rendered":"<p>MOC-69068 Walter White&#039;s Pontiac Aztek Technic c\u1ee7a OneBrickPony MOC FACTORY l\u00e0 m\u1ed9t b\u1ed9 trong b\u1ed9 s\u01b0u t\u1eadp Technic, \u0111\u01b0\u1ee3c thi\u1ebft k\u1ebf b\u1edfi OneBrickPony. MOC 69068 n\u00e0y \u0111i k\u00e8m v\u1edbi h\u01b0\u1edbng d\u1eabn PDF gi\u00fap d\u1ec5 d\u00e0ng t\u1ea1o v\u00e0 t\u00ecm c\u00e1c ph\u1ea7n c\u00f2n thi\u1ebfu. B\u1ed9 g\u1ed3m 355 mi\u1ebfng, ph\u00e1t h\u00e0nh l\u1ea7n \u0111\u1ea7u v\u00e0o n\u0103m 2021.<\/p>\n<p><img fetchpriority=\"high\" decoding=\"async\" class=\"alignnone size-full wp-image-207101\" src=\"https:\/\/pay.lpwstore.com\/wp-content\/uploads\/2021\/05\/MOC-69068-Walter-Whites-Pontiac-Aztek-Technic-by-OneBrickPony-MOC-FACTORY.jpg\" alt=\"MOC-69068-Walter-White&#039;s-Pontiac-Aztek-Technic-by-OneBrickPony-MOC-FACTORY\" width=\"800\" height=\"800\" title=\"-\"><\/p>\n<figure id=\"attachment_207098\" aria-describedby=\"caption-attachment-207098\" style=\"width: 1000px\" class=\"wp-caption aligncenter\"><img decoding=\"async\" class=\"size-full wp-image-207098\" title=\"MOC-69068 K\u1ef9 thu\u1eadt Pontiac Aztek c\u1ee7a Walter White c\u1ee7a OneBrickPony MOC FACTORY\" src=\"https:\/\/pay.lpwstore.com\/wp-content\/uploads\/2021\/05\/moc-69068-walter-whites-pontiac-aztek-technic-by-onebrickpony-moc-factory-001502.jpg\" alt=\"MOC-69068 Walter White's Pontiac Aztek Technic by OneBrickPony MOC FACTORY\" width=\"1000\" height=\"1000\" \/><figcaption id=\"caption-attachment-207098\" class=\"wp-caption-text\">MOC-69068 K\u1ef9 thu\u1eadt Pontiac Aztek c\u1ee7a Walter White c\u1ee7a OneBrickPony MOC FACTORY<\/figcaption><\/figure>\n<figure id=\"attachment_207099\" aria-describedby=\"caption-attachment-207099\" style=\"width: 1000px\" class=\"wp-caption aligncenter\"><img decoding=\"async\" class=\"size-full wp-image-207099\" title=\"MOC-69068 K\u1ef9 thu\u1eadt Pontiac Aztek c\u1ee7a Walter White c\u1ee7a OneBrickPony MOC FACTORY\" src=\"https:\/\/pay.lpwstore.com\/wp-content\/uploads\/2021\/05\/moc-69068-walter-whites-pontiac-aztek-technic-by-onebrickpony-moc-factory-001505.jpg\" alt=\"MOC-69068 Walter White's Pontiac Aztek Technic by OneBrickPony MOC FACTORY\" width=\"1000\" height=\"1000\" \/><figcaption id=\"caption-attachment-207099\" class=\"wp-caption-text\">MOC-69068 K\u1ef9 thu\u1eadt Pontiac Aztek c\u1ee7a Walter White c\u1ee7a OneBrickPony MOC FACTORY<\/figcaption><\/figure>\n<figure id=\"attachment_207100\" aria-describedby=\"caption-attachment-207100\" style=\"width: 1000px\" class=\"wp-caption aligncenter\"><img loading=\"lazy\" decoding=\"async\" class=\"size-full wp-image-207100\" title=\"MOC-69068 K\u1ef9 thu\u1eadt Pontiac Aztek c\u1ee7a Walter White c\u1ee7a OneBrickPony MOC FACTORY\" src=\"https:\/\/pay.lpwstore.com\/wp-content\/uploads\/2021\/05\/moc-69068-walter-whites-pontiac-aztek-technic-by-onebrickpony-moc-factory-001508.jpg\" alt=\"MOC-69068 Walter White's Pontiac Aztek Technic by OneBrickPony MOC FACTORY\" width=\"1000\" height=\"1000\" \/><figcaption id=\"caption-attachment-207100\" class=\"wp-caption-text\">MOC-69068 K\u1ef9 thu\u1eadt Pontiac Aztek c\u1ee7a Walter White c\u1ee7a OneBrickPony MOC FACTORY<\/figcaption><\/figure>\n<p>&nbsp;<\/p>\n<p>&nbsp;<\/p>","protected":false},"excerpt":{"rendered":"<ul>\n<li>Bao g\u1ed3m\u00a0<strong>355+<\/strong>\u00a0chi\u1ebfc<\/li>\n<li>H\u01b0\u1edbng d\u1eabn PDF tr\u1ef1c tuy\u1ebfn<\/li>\n<li>Kh\u1ed1i ABS ch\u1ea5t l\u01b0\u1ee3ng cao<\/li>\n<li>K\u00edch th\u01b0\u1edbc: 16 x 7 x 6 cm<\/li>\n<\/ul>","protected":false},"featured_media":24404,"comment_status":"open","ping_status":"closed","template":"","meta":{"_acf_changed":false},"product_cat":[364],"product_tag":[],"class_list":["product","first","instock","shipping-taxable","purchasable","product-type-simple"],"acf":[],"_links":{"self":[{"href":"https:\/\/mouldking.store\/vi\/wp-json\/wp\/v2\/product\/24408","targetHints":{"allow":["GET"]}}],"collection":[{"href":"https:\/\/mouldking.store\/vi\/wp-json\/wp\/v2\/product"}],"about":[{"href":"https:\/\/mouldking.store\/vi\/wp-json\/wp\/v2\/types\/product"}],"replies":[{"embeddable":true,"href":"https:\/\/mouldking.store\/vi\/wp-json\/wp\/v2\/comments?post=24408"}],"wp:featuredmedia":[{"embeddable":true,"href":"https:\/\/mouldking.store\/vi\/wp-json\/wp\/v2\/media\/24404"}],"wp:attachment":[{"href":"https:\/\/mouldking.store\/vi\/wp-json\/wp\/v2\/media?parent=24408"}],"wp:term":[{"taxonomy":"product_cat","embeddable":true,"href":"https:\/\/mouldking.store\/vi\/wp-json\/wp\/v2\/product_cat?post=24408"},{"taxonomy":"product_tag","embeddable":true,"href":"https:\/\/mouldking.store\/vi\/wp-json\/wp\/v2\/product_tag?post=24408"}],"curies":[{"name":"wp","href":"https:\/\/api.w.org\/{rel}","templated":true}]}}