{"id":24413,"date":"2021-10-10T05:12:54","date_gmt":"2021-10-10T05:12:54","guid":{"rendered":"https:\/\/mouldking.store\/shop\/moc-38229-bonsai-creator-by-rollingbricks-moc-factory\/"},"modified":"2025-12-25T09:17:27","modified_gmt":"2025-12-25T02:17:27","slug":"moc-38229-bonsai-creator-by-rollingbricks-moc-factory","status":"publish","type":"product","link":"https:\/\/mouldking.store\/vi\/shop\/moc-38229-bonsai-creator-by-rollingbricks-moc-factory\/","title":{"rendered":"MOC-38229 Ng\u01b0\u1eddi t\u1ea1o c\u00e2y c\u1ea3nh c\u1ee7a RollingBricks MOC FACTORY"},"content":{"rendered":"<p>MOC-38229 Bonsai Creator by RollingBricks MOC FACTORY l\u00e0 m\u1ed9t b\u1ed9 trong b\u1ed9 s\u01b0u t\u1eadp Creator, \u0111\u01b0\u1ee3c thi\u1ebft k\u1ebf b\u1edfi RollingBricks. MOC 38229 n\u00e0y \u0111i k\u00e8m v\u1edbi h\u01b0\u1edbng d\u1eabn PDF gi\u00fap d\u1ec5 d\u00e0ng t\u1ea1o v\u00e0 t\u00ecm c\u00e1c ph\u1ea7n c\u00f2n thi\u1ebfu. B\u1ed9 g\u1ed3m 401 mi\u1ebfng, ph\u00e1t h\u00e0nh l\u1ea7n \u0111\u1ea7u v\u00e0o n\u0103m 2021.<\/p>\n<figure id=\"attachment_207138\" aria-describedby=\"caption-attachment-207138\" style=\"width: 800px\" class=\"wp-caption aligncenter\"><a href=\"https:\/\/pay.lpwstore.com\/wp-content\/uploads\/2021\/05\/MOC-38229-Bonsai-Creator-by-RollingBricks-MOC-FACTORY.jpg\" target=\"_blank\" rel=\"noopener\"><img fetchpriority=\"high\" decoding=\"async\" class=\"wp-image-207138 size-full\" title=\"MOC-38229 Ng\u01b0\u1eddi t\u1ea1o c\u00e2y c\u1ea3nh c\u1ee7a RollingBricks MOC FACTORY\" src=\"https:\/\/pay.lpwstore.com\/wp-content\/uploads\/2021\/05\/MOC-38229-Bonsai-Creator-by-RollingBricks-MOC-FACTORY.jpg\" alt=\"MOC-38229 Bonsai Creator by RollingBricks MOC FACTORY\" width=\"800\" height=\"800\" \/><\/a><figcaption id=\"caption-attachment-207138\" class=\"wp-caption-text\">MOC-38229 Ng\u01b0\u1eddi t\u1ea1o c\u00e2y c\u1ea3nh c\u1ee7a RollingBricks MOC FACTORY<\/figcaption><\/figure>\n<figure id=\"attachment_207135\" aria-describedby=\"caption-attachment-207135\" style=\"width: 1000px\" class=\"wp-caption aligncenter\"><img decoding=\"async\" class=\"size-full wp-image-207135\" title=\"MOC-38229 Ng\u01b0\u1eddi t\u1ea1o c\u00e2y c\u1ea3nh c\u1ee7a RollingBricks MOC FACTORY\" src=\"https:\/\/pay.lpwstore.com\/wp-content\/uploads\/2021\/05\/moc-38229-bonsai-creator-by-rollingbricks-moc-factory-103759.jpg\" alt=\"MOC-38229 Bonsai Creator by RollingBricks MOC FACTORY\" width=\"1000\" height=\"1000\" \/><figcaption id=\"caption-attachment-207135\" class=\"wp-caption-text\">MOC-38229 Ng\u01b0\u1eddi t\u1ea1o c\u00e2y c\u1ea3nh c\u1ee7a RollingBricks MOC FACTORY<\/figcaption><\/figure>\n<figure id=\"attachment_207136\" aria-describedby=\"caption-attachment-207136\" style=\"width: 1000px\" class=\"wp-caption aligncenter\"><img decoding=\"async\" class=\"size-full wp-image-207136\" title=\"MOC-38229 Ng\u01b0\u1eddi t\u1ea1o c\u00e2y c\u1ea3nh c\u1ee7a RollingBricks MOC FACTORY\" src=\"https:\/\/pay.lpwstore.com\/wp-content\/uploads\/2021\/05\/moc-38229-bonsai-creator-by-rollingbricks-moc-factory-103802.jpg\" alt=\"MOC-38229 Bonsai Creator by RollingBricks MOC FACTORY\" width=\"1000\" height=\"1000\" \/><figcaption id=\"caption-attachment-207136\" class=\"wp-caption-text\">MOC-38229 Ng\u01b0\u1eddi t\u1ea1o c\u00e2y c\u1ea3nh c\u1ee7a RollingBricks MOC FACTORY<\/figcaption><\/figure>\n<figure id=\"attachment_207137\" aria-describedby=\"caption-attachment-207137\" style=\"width: 1000px\" class=\"wp-caption aligncenter\"><img loading=\"lazy\" decoding=\"async\" class=\"size-full wp-image-207137\" title=\"MOC-38229 Ng\u01b0\u1eddi t\u1ea1o c\u00e2y c\u1ea3nh c\u1ee7a RollingBricks MOC FACTORY\" src=\"https:\/\/pay.lpwstore.com\/wp-content\/uploads\/2021\/05\/moc-38229-bonsai-creator-by-rollingbricks-moc-factory-103807.jpg\" alt=\"MOC-38229 Bonsai Creator by RollingBricks MOC FACTORY\" width=\"1000\" height=\"1000\" \/><figcaption id=\"caption-attachment-207137\" class=\"wp-caption-text\">MOC-38229 Ng\u01b0\u1eddi t\u1ea1o c\u00e2y c\u1ea3nh c\u1ee7a RollingBricks MOC FACTORY<\/figcaption><\/figure>\n<p>&nbsp;<\/p>\n<p>&nbsp;<\/p>","protected":false},"excerpt":{"rendered":"<ul>\n<li>Bao g\u1ed3m <strong>401+<\/strong>\u00a0chi\u1ebfc<\/li>\n<li>H\u01b0\u1edbng d\u1eabn PDF tr\u1ef1c tuy\u1ebfn<\/li>\n<li>Kh\u1ed1i ABS ch\u1ea5t l\u01b0\u1ee3ng cao<\/li>\n<li>K\u00edch th\u01b0\u1edbc: 13 x 10 x 10 cm<\/li>\n<\/ul>","protected":false},"featured_media":24409,"comment_status":"open","ping_status":"closed","template":"","meta":{"_acf_changed":false},"product_cat":[371],"product_tag":[],"class_list":["product","first","instock","shipping-taxable","purchasable","product-type-simple"],"acf":[],"_links":{"self":[{"href":"https:\/\/mouldking.store\/vi\/wp-json\/wp\/v2\/product\/24413","targetHints":{"allow":["GET"]}}],"collection":[{"href":"https:\/\/mouldking.store\/vi\/wp-json\/wp\/v2\/product"}],"about":[{"href":"https:\/\/mouldking.store\/vi\/wp-json\/wp\/v2\/types\/product"}],"replies":[{"embeddable":true,"href":"https:\/\/mouldking.store\/vi\/wp-json\/wp\/v2\/comments?post=24413"}],"wp:featuredmedia":[{"embeddable":true,"href":"https:\/\/mouldking.store\/vi\/wp-json\/wp\/v2\/media\/24409"}],"wp:attachment":[{"href":"https:\/\/mouldking.store\/vi\/wp-json\/wp\/v2\/media?parent=24413"}],"wp:term":[{"taxonomy":"product_cat","embeddable":true,"href":"https:\/\/mouldking.store\/vi\/wp-json\/wp\/v2\/product_cat?post=24413"},{"taxonomy":"product_tag","embeddable":true,"href":"https:\/\/mouldking.store\/vi\/wp-json\/wp\/v2\/product_tag?post=24413"}],"curies":[{"name":"wp","href":"https:\/\/api.w.org\/{rel}","templated":true}]}}