{"id":24427,"date":"2021-10-10T05:13:16","date_gmt":"2021-10-10T05:13:16","guid":{"rendered":"https:\/\/mouldking.store\/shop\/moc-90148-spiderman-pixel-art-movie-moc-factory\/"},"modified":"2025-12-25T09:17:27","modified_gmt":"2025-12-25T02:17:27","slug":"moc-90148-spiderman-pixel-art-movie-moc-factory","status":"publish","type":"product","link":"https:\/\/mouldking.store\/vi\/shop\/moc-90148-spiderman-pixel-art-movie-moc-factory\/","title":{"rendered":"MOC-90148 Phim ngh\u1ec7 thu\u1eadt Pixel Ng\u01b0\u1eddi nh\u1ec7n MOC FACTORY"},"content":{"rendered":"<p>MOC-90148 Spiderman Pixel Art Movie MOC FACTORY l\u00e0 m\u1ed9t b\u1ed9 trong b\u1ed9 s\u01b0u t\u1eadp Phim. MOC 90148 n\u00e0y \u0111i k\u00e8m v\u1edbi h\u01b0\u1edbng d\u1eabn PDF gi\u00fap d\u1ec5 d\u00e0ng t\u1ea1o v\u00e0 t\u00ecm c\u00e1c ph\u1ea7n c\u00f2n thi\u1ebfu. B\u1ed9 g\u1ed3m 2304 mi\u1ebfng, ph\u00e1t h\u00e0nh l\u1ea7n \u0111\u1ea7u v\u00e0o n\u0103m 2021.<\/p>\n<figure id=\"attachment_207157\" aria-describedby=\"caption-attachment-207157\" style=\"width: 800px\" class=\"wp-caption aligncenter\"><a href=\"https:\/\/pay.lpwstore.com\/wp-content\/uploads\/2021\/05\/MOC-90148-Spiderman-Pixel-Art-Movie-MOC-FACTORY.jpg\" target=\"_blank\" rel=\"noopener\"><img fetchpriority=\"high\" decoding=\"async\" class=\"wp-image-207157 size-full\" title=\"MOC-90148 Phim ngh\u1ec7 thu\u1eadt Pixel Ng\u01b0\u1eddi nh\u1ec7n MOC FACTORY\" src=\"https:\/\/pay.lpwstore.com\/wp-content\/uploads\/2021\/05\/MOC-90148-Spiderman-Pixel-Art-Movie-MOC-FACTORY.jpg\" alt=\"MOC-90148 Spiderman Pixel Art Movie MOC FACTORY\" width=\"800\" height=\"800\" \/><\/a><figcaption id=\"caption-attachment-207157\" class=\"wp-caption-text\">MOC-90148 Phim ngh\u1ec7 thu\u1eadt Pixel Ng\u01b0\u1eddi nh\u1ec7n MOC FACTORY<\/figcaption><\/figure>\n<figure id=\"attachment_207153\" aria-describedby=\"caption-attachment-207153\" style=\"width: 800px\" class=\"wp-caption aligncenter\"><img decoding=\"async\" class=\"wp-image-207153\" title=\"MOC-90148 Phim ngh\u1ec7 thu\u1eadt Pixel Ng\u01b0\u1eddi nh\u1ec7n MOC FACTORY\" src=\"https:\/\/pay.lpwstore.com\/wp-content\/uploads\/2021\/05\/moc-90148-spiderman-pixel-art-movie-moc-factory-033638.jpg\" alt=\"MOC-90148 Spiderman Pixel Art Movie MOC FACTORY\" width=\"800\" height=\"800\" \/><figcaption id=\"caption-attachment-207153\" class=\"wp-caption-text\">MOC-90148 Phim ngh\u1ec7 thu\u1eadt Pixel Ng\u01b0\u1eddi nh\u1ec7n MOC FACTORY<\/figcaption><\/figure>\n<figure id=\"attachment_207154\" aria-describedby=\"caption-attachment-207154\" style=\"width: 800px\" class=\"wp-caption aligncenter\"><img decoding=\"async\" class=\"wp-image-207154\" title=\"MOC-90148 Phim ngh\u1ec7 thu\u1eadt Pixel Ng\u01b0\u1eddi nh\u1ec7n MOC FACTORY\" src=\"https:\/\/pay.lpwstore.com\/wp-content\/uploads\/2021\/05\/moc-90148-spiderman-pixel-art-movie-moc-factory-033641.jpg\" alt=\"MOC-90148 Spiderman Pixel Art Movie MOC FACTORY\" width=\"800\" height=\"800\" \/><figcaption id=\"caption-attachment-207154\" class=\"wp-caption-text\">MOC-90148 Phim ngh\u1ec7 thu\u1eadt Pixel Ng\u01b0\u1eddi nh\u1ec7n MOC FACTORY<\/figcaption><\/figure>\n<p>&nbsp;<\/p>\n<figure id=\"attachment_207155\" aria-describedby=\"caption-attachment-207155\" style=\"width: 800px\" class=\"wp-caption aligncenter\"><img loading=\"lazy\" decoding=\"async\" class=\"wp-image-207155\" title=\"MOC-90148 Phim ngh\u1ec7 thu\u1eadt Pixel Ng\u01b0\u1eddi nh\u1ec7n MOC FACTORY\" src=\"https:\/\/pay.lpwstore.com\/wp-content\/uploads\/2021\/05\/moc-90148-spiderman-pixel-art-movie-moc-factory-033645.jpg\" alt=\"MOC-90148 Spiderman Pixel Art Movie MOC FACTORY\" width=\"800\" height=\"800\" \/><figcaption id=\"caption-attachment-207155\" class=\"wp-caption-text\">MOC-90148 Phim ngh\u1ec7 thu\u1eadt Pixel Ng\u01b0\u1eddi nh\u1ec7n MOC FACTORY<\/figcaption><\/figure>\n<figure id=\"attachment_207156\" aria-describedby=\"caption-attachment-207156\" style=\"width: 800px\" class=\"wp-caption aligncenter\"><img loading=\"lazy\" decoding=\"async\" class=\"wp-image-207156\" title=\"MOC-90148 Phim ngh\u1ec7 thu\u1eadt Pixel Ng\u01b0\u1eddi nh\u1ec7n MOC FACTORY\" src=\"https:\/\/pay.lpwstore.com\/wp-content\/uploads\/2021\/05\/moc-90148-spiderman-pixel-art-movie-moc-factory-033648.jpg\" alt=\"MOC-90148 Spiderman Pixel Art Movie MOC FACTORY\" width=\"800\" height=\"800\" \/><figcaption id=\"caption-attachment-207156\" class=\"wp-caption-text\">MOC-90148 Phim ngh\u1ec7 thu\u1eadt Pixel Ng\u01b0\u1eddi nh\u1ec7n MOC FACTORY<\/figcaption><\/figure>","protected":false},"excerpt":{"rendered":"<ul>\n<li>Bao g\u1ed3m\u00a0<strong>2304+<\/strong>\u00a0chi\u1ebfc<\/li>\n<li>H\u01b0\u1edbng d\u1eabn PDF tr\u1ef1c tuy\u1ebfn<\/li>\n<li>Kh\u1ed1i ABS ch\u1ea5t l\u01b0\u1ee3ng cao<\/li>\n<li>K\u00edch th\u01b0\u1edbc: 38,4 x 38,4 x 0,67 cm<\/li>\n<\/ul>","protected":false},"featured_media":24422,"comment_status":"open","ping_status":"closed","template":"","meta":{"_acf_changed":false},"product_cat":[581],"product_tag":[],"class_list":["product","first","outofstock","shipping-taxable","purchasable","product-type-simple"],"acf":[],"_links":{"self":[{"href":"https:\/\/mouldking.store\/vi\/wp-json\/wp\/v2\/product\/24427","targetHints":{"allow":["GET"]}}],"collection":[{"href":"https:\/\/mouldking.store\/vi\/wp-json\/wp\/v2\/product"}],"about":[{"href":"https:\/\/mouldking.store\/vi\/wp-json\/wp\/v2\/types\/product"}],"replies":[{"embeddable":true,"href":"https:\/\/mouldking.store\/vi\/wp-json\/wp\/v2\/comments?post=24427"}],"wp:featuredmedia":[{"embeddable":true,"href":"https:\/\/mouldking.store\/vi\/wp-json\/wp\/v2\/media\/24422"}],"wp:attachment":[{"href":"https:\/\/mouldking.store\/vi\/wp-json\/wp\/v2\/media?parent=24427"}],"wp:term":[{"taxonomy":"product_cat","embeddable":true,"href":"https:\/\/mouldking.store\/vi\/wp-json\/wp\/v2\/product_cat?post=24427"},{"taxonomy":"product_tag","embeddable":true,"href":"https:\/\/mouldking.store\/vi\/wp-json\/wp\/v2\/product_tag?post=24427"}],"curies":[{"name":"wp","href":"https:\/\/api.w.org\/{rel}","templated":true}]}}