{"id":24489,"date":"2021-10-10T05:15:16","date_gmt":"2021-10-10T05:15:16","guid":{"rendered":"https:\/\/mouldking.store\/shop\/moc-28248-mickey-mouse-movie-by-buildbetterbricks-moc-factory\/"},"modified":"2025-12-25T09:17:25","modified_gmt":"2025-12-25T02:17:25","slug":"moc-28248-mickey-mouse-movie-by-buildbetterbricks-moc-factory","status":"publish","type":"product","link":"https:\/\/mouldking.store\/vi\/shop\/moc-28248-mickey-mouse-movie-by-buildbetterbricks-moc-factory\/","title":{"rendered":"MOC-28248 Phim chu\u1ed9t Mickey c\u1ee7a buildbetterbricks MOC FACTORY"},"content":{"rendered":"<p>MOC-28248 Phim v\u1ec1 chu\u1ed9t Mickey c\u1ee7a buildbetterbricks MOC FACTORY l\u00e0 m\u1ed9t b\u1ed9 trong b\u1ed9 s\u01b0u t\u1eadp Phim, \u0111\u01b0\u1ee3c thi\u1ebft k\u1ebf b\u1edfi buildbetterbricks. MOC 28248 n\u00e0y \u0111i k\u00e8m v\u1edbi h\u01b0\u1edbng d\u1eabn PDF gi\u00fap d\u1ec5 d\u00e0ng t\u1ea1o v\u00e0 t\u00ecm c\u00e1c ph\u1ea7n c\u00f2n thi\u1ebfu. B\u1ed9 g\u1ed3m 256 mi\u1ebfng, ph\u00e1t h\u00e0nh l\u1ea7n \u0111\u1ea7u v\u00e0o n\u0103m 2021.<\/p>\n<figure id=\"attachment_207335\" aria-describedby=\"caption-attachment-207335\" style=\"width: 800px\" class=\"wp-caption aligncenter\"><a href=\"https:\/\/pay.lpwstore.com\/wp-content\/uploads\/2021\/05\/MOC-28248-Mickey-Mouse-Movie-by-buildbetterbricks-MOC-FACTORY.jpg\" target=\"_blank\" rel=\"noopener\"><img fetchpriority=\"high\" decoding=\"async\" class=\"wp-image-207335 size-full\" title=\"MOC-28248 Phim chu\u1ed9t Mickey c\u1ee7a buildbetterbricks MOC FACTORY\" src=\"https:\/\/pay.lpwstore.com\/wp-content\/uploads\/2021\/05\/MOC-28248-Mickey-Mouse-Movie-by-buildbetterbricks-MOC-FACTORY.jpg\" alt=\"MOC-28248 Mickey Mouse Movie by buildbetterbricks MOC FACTORY\" width=\"800\" height=\"800\" \/><\/a><figcaption id=\"caption-attachment-207335\" class=\"wp-caption-text\">MOC-28248 Phim chu\u1ed9t Mickey c\u1ee7a buildbetterbricks MOC FACTORY<\/figcaption><\/figure>\n<figure id=\"attachment_207333\" aria-describedby=\"caption-attachment-207333\" style=\"width: 1000px\" class=\"wp-caption aligncenter\"><img decoding=\"async\" class=\"size-full wp-image-207333\" title=\"MOC-28248 Phim chu\u1ed9t Mickey c\u1ee7a buildbetterbricks MOC FACTORY\" src=\"https:\/\/pay.lpwstore.com\/wp-content\/uploads\/2021\/05\/moc-28248-mickey-mouse-movie-by-buildbetterbricks-moc-factory-223317.jpg\" alt=\"MOC-28248 Mickey Mouse Movie by buildbetterbricks MOC FACTORY\" width=\"1000\" height=\"1000\" \/><figcaption id=\"caption-attachment-207333\" class=\"wp-caption-text\">MOC-28248 Phim chu\u1ed9t Mickey c\u1ee7a buildbetterbricks MOC FACTORY<\/figcaption><\/figure>\n<figure id=\"attachment_207334\" aria-describedby=\"caption-attachment-207334\" style=\"width: 1000px\" class=\"wp-caption aligncenter\"><img decoding=\"async\" class=\"size-full wp-image-207334\" title=\"MOC-28248 Phim chu\u1ed9t Mickey c\u1ee7a buildbetterbricks MOC FACTORY\" src=\"https:\/\/pay.lpwstore.com\/wp-content\/uploads\/2021\/05\/moc-28248-mickey-mouse-movie-by-buildbetterbricks-moc-factory-223320.jpg\" alt=\"MOC-28248 Mickey Mouse Movie by buildbetterbricks MOC FACTORY\" width=\"1000\" height=\"1000\" \/><figcaption id=\"caption-attachment-207334\" class=\"wp-caption-text\">MOC-28248 Phim chu\u1ed9t Mickey c\u1ee7a buildbetterbricks MOC FACTORY<\/figcaption><\/figure>\n<p>&nbsp;<\/p>\n<p>&nbsp;<\/p>","protected":false},"excerpt":{"rendered":"<ul>\n<li>Bao g\u1ed3m\u00a0<strong>256+<\/strong>\u00a0chi\u1ebfc<\/li>\n<li>H\u01b0\u1edbng d\u1eabn PDF tr\u1ef1c tuy\u1ebfn<\/li>\n<li>Kh\u1ed1i ABS ch\u1ea5t l\u01b0\u1ee3ng cao<\/li>\n<\/ul>","protected":false},"featured_media":24486,"comment_status":"open","ping_status":"closed","template":"","meta":{"_acf_changed":false},"product_cat":[581],"product_tag":[],"class_list":["product","first","instock","shipping-taxable","purchasable","product-type-simple"],"acf":[],"_links":{"self":[{"href":"https:\/\/mouldking.store\/vi\/wp-json\/wp\/v2\/product\/24489","targetHints":{"allow":["GET"]}}],"collection":[{"href":"https:\/\/mouldking.store\/vi\/wp-json\/wp\/v2\/product"}],"about":[{"href":"https:\/\/mouldking.store\/vi\/wp-json\/wp\/v2\/types\/product"}],"replies":[{"embeddable":true,"href":"https:\/\/mouldking.store\/vi\/wp-json\/wp\/v2\/comments?post=24489"}],"wp:featuredmedia":[{"embeddable":true,"href":"https:\/\/mouldking.store\/vi\/wp-json\/wp\/v2\/media\/24486"}],"wp:attachment":[{"href":"https:\/\/mouldking.store\/vi\/wp-json\/wp\/v2\/media?parent=24489"}],"wp:term":[{"taxonomy":"product_cat","embeddable":true,"href":"https:\/\/mouldking.store\/vi\/wp-json\/wp\/v2\/product_cat?post=24489"},{"taxonomy":"product_tag","embeddable":true,"href":"https:\/\/mouldking.store\/vi\/wp-json\/wp\/v2\/product_tag?post=24489"}],"curies":[{"name":"wp","href":"https:\/\/api.w.org\/{rel}","templated":true}]}}