{"id":24535,"date":"2021-10-10T05:15:34","date_gmt":"2021-10-10T05:15:34","guid":{"rendered":"https:\/\/mouldking.store\/shop\/moc-90159-macross-battleship-space-moc-factory\/"},"modified":"2025-12-25T09:17:25","modified_gmt":"2025-12-25T02:17:25","slug":"moc-90159-macross-battleship-space-moc-factory","status":"publish","type":"product","link":"https:\/\/mouldking.store\/vi\/shop\/moc-90159-macross-battleship-space-moc-factory\/","title":{"rendered":"MOC-90159 Macross Battleship Space MOC FACTORY"},"content":{"rendered":"<p>MOC-90159 Battleship Space MOC FACTORY l\u00e0 m\u1ed9t b\u1ed9 trong b\u1ed9 s\u01b0u t\u1eadp Space. MOC 90159 n\u00e0y \u0111i k\u00e8m v\u1edbi h\u01b0\u1edbng d\u1eabn PDF gi\u00fap d\u1ec5 d\u00e0ng t\u1ea1o v\u00e0 t\u00ecm c\u00e1c ph\u1ea7n c\u00f2n thi\u1ebfu. B\u1ed9 g\u1ed3m 5800 mi\u1ebfng, ph\u00e1t h\u00e0nh l\u1ea7n \u0111\u1ea7u v\u00e0o n\u0103m 2021.<\/p>\n<p><strong>GHI CH\u00da:<\/strong><\/p>\n<ul>\n<li><strong>M\u00e0u c\u1ee7a c\u00e1c b\u1ed9 ph\u1eadn ri\u00eang l\u1ebb kh\u00f4ng t\u01b0\u01a1ng \u1ee9ng v\u1edbi m\u00e0u c\u1ee7a c\u00e1c b\u1ed9 ph\u1eadn v\u1ebd, \u0111i\u1ec1u n\u00e0y kh\u00f4ng \u1ea3nh h\u01b0\u1edfng \u0111\u1ebfn h\u00ecnh th\u1ee9c.<\/strong><\/li>\n<li><strong>Vui l\u00f2ng mua c\u1ea9n th\u1eadn \u0111\u1ed1i v\u1edbi nh\u1eefng ng\u01b0\u1eddi kh\u00f4ng quan t\u00e2m \u0111\u1ebfn \u0111\u1ed9 ch\u00ednh x\u00e1c, s\u1ef1 kh\u00e1c bi\u1ec7t v\u1ec1 m\u00e0u s\u1eafc c\u1ee7a c\u00e1c b\u1ed9 ph\u1eadn trong n\u01b0\u1edbc.<\/strong><\/li>\n<li><strong>Kh\u00e1ch h\u00e0ng c\u00f3 th\u1ec3 ph\u1ea3i tr\u1ea3 th\u00eam ph\u00ed h\u1ea3i quan khi nh\u1eadn h\u00e0ng (t\u00f9y theo ch\u00ednh s\u00e1ch c\u1ee7a t\u1eebng qu\u1ed1c gia)<\/strong><\/li>\n<\/ul>\n<figure id=\"attachment_207428\" aria-describedby=\"caption-attachment-207428\" style=\"width: 800px\" class=\"wp-caption aligncenter\"><a href=\"https:\/\/pay.lpwstore.com\/wp-content\/uploads\/2021\/05\/MOC-90159-Macross-Battleship-Space-MOC-FACTORY.jpg\" target=\"_blank\" rel=\"noopener\"><img fetchpriority=\"high\" decoding=\"async\" class=\"wp-image-207428 size-full\" title=\"MOC-90159 Macross Battleship Space MOC FACTORY \" src=\"https:\/\/pay.lpwstore.com\/wp-content\/uploads\/2021\/05\/MOC-90159-Macross-Battleship-Space-MOC-FACTORY.jpg\" alt=\"MOC-90159 Macross Battleship Space MOC FACTORY \" width=\"800\" height=\"800\" \/><\/a><figcaption id=\"caption-attachment-207428\" class=\"wp-caption-text\">MOC-90159 Macross Battleship Space MOC FACTORY<\/figcaption><\/figure>\n<figure id=\"attachment_207425\" aria-describedby=\"caption-attachment-207425\" style=\"width: 1100px\" class=\"wp-caption aligncenter\"><img decoding=\"async\" class=\"size-full wp-image-207425\" title=\"MOC-90159 Battleship Space MOC FACTORY\" src=\"https:\/\/pay.lpwstore.com\/wp-content\/uploads\/2021\/05\/moc-90159-battleship-space-moc-factory-001808.jpg\" alt=\"MOC-90159 Battleship Space MOC FACTORY\" width=\"1100\" height=\"1100\" \/><figcaption id=\"caption-attachment-207425\" class=\"wp-caption-text\">MOC-90159 Battleship Space MOC FACTORY<\/figcaption><\/figure>\n<figure id=\"attachment_207426\" aria-describedby=\"caption-attachment-207426\" style=\"width: 1100px\" class=\"wp-caption aligncenter\"><img decoding=\"async\" class=\"size-full wp-image-207426\" title=\"MOC-90159 Battleship Space MOC FACTORY\" src=\"https:\/\/pay.lpwstore.com\/wp-content\/uploads\/2021\/05\/moc-90159-battleship-space-moc-factory-001812.jpg\" alt=\"MOC-90159 Battleship Space MOC FACTORY\" width=\"1100\" height=\"1100\" \/><figcaption id=\"caption-attachment-207426\" class=\"wp-caption-text\">MOC-90159 Battleship Space MOC FACTORY<\/figcaption><\/figure>\n<p>&nbsp;<\/p>\n<p>&nbsp;<\/p>","protected":false},"excerpt":{"rendered":"<ul>\n<li>Bao g\u1ed3m<strong> 5800+<\/strong>\u00a0chi\u1ebfc<\/li>\n<li>H\u01b0\u1edbng d\u1eabn PDF tr\u1ef1c tuy\u1ebfn<\/li>\n<li>Kh\u1ed1i ABS ch\u1ea5t l\u01b0\u1ee3ng cao<\/li>\n<\/ul>","protected":false},"featured_media":24532,"comment_status":"open","ping_status":"closed","template":"","meta":{"_acf_changed":false},"product_cat":[371],"product_tag":[],"class_list":["product","first","outofstock","shipping-taxable","purchasable","product-type-simple"],"acf":[],"_links":{"self":[{"href":"https:\/\/mouldking.store\/vi\/wp-json\/wp\/v2\/product\/24535","targetHints":{"allow":["GET"]}}],"collection":[{"href":"https:\/\/mouldking.store\/vi\/wp-json\/wp\/v2\/product"}],"about":[{"href":"https:\/\/mouldking.store\/vi\/wp-json\/wp\/v2\/types\/product"}],"replies":[{"embeddable":true,"href":"https:\/\/mouldking.store\/vi\/wp-json\/wp\/v2\/comments?post=24535"}],"wp:featuredmedia":[{"embeddable":true,"href":"https:\/\/mouldking.store\/vi\/wp-json\/wp\/v2\/media\/24532"}],"wp:attachment":[{"href":"https:\/\/mouldking.store\/vi\/wp-json\/wp\/v2\/media?parent=24535"}],"wp:term":[{"taxonomy":"product_cat","embeddable":true,"href":"https:\/\/mouldking.store\/vi\/wp-json\/wp\/v2\/product_cat?post=24535"},{"taxonomy":"product_tag","embeddable":true,"href":"https:\/\/mouldking.store\/vi\/wp-json\/wp\/v2\/product_tag?post=24535"}],"curies":[{"name":"wp","href":"https:\/\/api.w.org\/{rel}","templated":true}]}}