{"id":24539,"date":"2021-10-10T05:15:35","date_gmt":"2021-10-10T05:15:35","guid":{"rendered":"https:\/\/mouldking.store\/shop\/moc-90161-among-us-toys-action-figures-building-kits-movie-moc-factory\/"},"modified":"2025-12-25T09:17:25","modified_gmt":"2025-12-25T02:17:25","slug":"moc-90161-among-us-toys-action-figures-building-kits-movie-moc-factory","status":"publish","type":"product","link":"https:\/\/mouldking.store\/vi\/shop\/moc-90161-among-us-toys-action-figures-building-kits-movie-moc-factory\/","title":{"rendered":"MOC-90161 Trong s\u1ed1 ch\u00fang ta \u0110\u1ed3 ch\u01a1i Nh\u00e2n v\u1eadt h\u00e0nh \u0111\u1ed9ng B\u1ed9 d\u1ee5ng c\u1ee5 x\u00e2y d\u1ef1ng Movie MOC FACTORY"},"content":{"rendered":"<p>MOC-90161 \u0110\u1ed3 ch\u01a1i trong s\u1ed1 ch\u00fang ta B\u1ed9 d\u1ee5ng c\u1ee5 x\u00e2y d\u1ef1ng nh\u00e2n v\u1eadt h\u00e0nh \u0111\u1ed9ng Movie MOC FACTORY l\u00e0 m\u1ed9t b\u1ed9 trong b\u1ed9 s\u01b0u t\u1eadp Phim. MOC 90161 n\u00e0y \u0111i k\u00e8m v\u1edbi h\u01b0\u1edbng d\u1eabn PDF gi\u00fap d\u1ec5 d\u00e0ng t\u1ea1o v\u00e0 t\u00ecm c\u00e1c ph\u1ea7n c\u00f2n thi\u1ebfu. B\u1ed9 g\u1ed3m 119 mi\u1ebfng, ph\u00e1t h\u00e0nh l\u1ea7n \u0111\u1ea7u v\u00e0o n\u0103m 2021.<\/p>\n<figure id=\"attachment_207472\" aria-describedby=\"caption-attachment-207472\" style=\"width: 800px\" class=\"wp-caption aligncenter\"><a href=\"https:\/\/pay.lpwstore.com\/wp-content\/uploads\/2021\/05\/MOC-90161-Among-Us-Toys-Action-Figures-Building-Kits-Movie-MOC-FACTORY.jpg\" target=\"_blank\" rel=\"noopener\"><img fetchpriority=\"high\" decoding=\"async\" class=\"wp-image-207472 size-full\" title=\"MOC-90161 Trong s\u1ed1 ch\u00fang ta \u0110\u1ed3 ch\u01a1i Nh\u00e2n v\u1eadt h\u00e0nh \u0111\u1ed9ng B\u1ed9 d\u1ee5ng c\u1ee5 x\u00e2y d\u1ef1ng Movie MOC FACTORY\" src=\"https:\/\/pay.lpwstore.com\/wp-content\/uploads\/2021\/05\/MOC-90161-Among-Us-Toys-Action-Figures-Building-Kits-Movie-MOC-FACTORY.jpg\" alt=\"MOC-90161 Among Us Toys Action Figures Building Kits Movie MOC FACTORY\" width=\"800\" height=\"800\" \/><\/a><figcaption id=\"caption-attachment-207472\" class=\"wp-caption-text\">MOC-90161 Trong s\u1ed1 ch\u00fang ta \u0110\u1ed3 ch\u01a1i Nh\u00e2n v\u1eadt h\u00e0nh \u0111\u1ed9ng B\u1ed9 d\u1ee5ng c\u1ee5 x\u00e2y d\u1ef1ng Movie MOC FACTORY<\/figcaption><\/figure>","protected":false},"excerpt":{"rendered":"<ul>\n<li>Bao g\u1ed3m\u00a0<strong>119+<\/strong>\u00a0chi\u1ebfc<\/li>\n<li>H\u01b0\u1edbng d\u1eabn PDF tr\u1ef1c tuy\u1ebfn<\/li>\n<li>Kh\u1ed1i ABS ch\u1ea5t l\u01b0\u1ee3ng cao<\/li>\n<\/ul>","protected":false},"featured_media":24538,"comment_status":"open","ping_status":"closed","template":"","meta":{"_acf_changed":false},"product_cat":[581],"product_tag":[],"class_list":["product","first","instock","shipping-taxable","purchasable","product-type-simple"],"acf":[],"_links":{"self":[{"href":"https:\/\/mouldking.store\/vi\/wp-json\/wp\/v2\/product\/24539","targetHints":{"allow":["GET"]}}],"collection":[{"href":"https:\/\/mouldking.store\/vi\/wp-json\/wp\/v2\/product"}],"about":[{"href":"https:\/\/mouldking.store\/vi\/wp-json\/wp\/v2\/types\/product"}],"replies":[{"embeddable":true,"href":"https:\/\/mouldking.store\/vi\/wp-json\/wp\/v2\/comments?post=24539"}],"wp:featuredmedia":[{"embeddable":true,"href":"https:\/\/mouldking.store\/vi\/wp-json\/wp\/v2\/media\/24538"}],"wp:attachment":[{"href":"https:\/\/mouldking.store\/vi\/wp-json\/wp\/v2\/media?parent=24539"}],"wp:term":[{"taxonomy":"product_cat","embeddable":true,"href":"https:\/\/mouldking.store\/vi\/wp-json\/wp\/v2\/product_cat?post=24539"},{"taxonomy":"product_tag","embeddable":true,"href":"https:\/\/mouldking.store\/vi\/wp-json\/wp\/v2\/product_tag?post=24539"}],"curies":[{"name":"wp","href":"https:\/\/api.w.org\/{rel}","templated":true}]}}