{"id":24566,"date":"2021-10-10T05:15:43","date_gmt":"2021-10-10T05:15:43","guid":{"rendered":"https:\/\/mouldking.store\/shop\/moc-73372-resistance-fleet-bundle-mc85-bunkerbuster-vakbeor-nebulon-star-wars-by-scoutthetrooper-moc-factory\/"},"modified":"2025-12-25T09:17:24","modified_gmt":"2025-12-25T02:17:24","slug":"moc-73372-resistance-fleet-bundle-mc85-bunkerbuster-vakbeor-nebulon-star-wars-by-scoutthetrooper-moc-factory","status":"publish","type":"product","link":"https:\/\/mouldking.store\/vi\/shop\/moc-73372-resistance-fleet-bundle-mc85-bunkerbuster-vakbeor-nebulon-star-wars-by-scoutthetrooper-moc-factory\/","title":{"rendered":"MOC-73372 G\u00f3i H\u1ea1m \u0111\u1ed9i Kh\u00e1ng chi\u1ebfn (MC85, Bunkerbuster, Vakbeor, Nebulon) Chi\u1ebfn tranh gi\u1eefa c\u00e1c v\u00ec sao c\u1ee7a Scoutthetrooper MOC FACTORY"},"content":{"rendered":"<p>MOC-73372 Resistance Fleet Bundle (MC85, Bunkerbuster, Vakbeor, Nebulon) Star Wars by scoutthetrooper MOC FACTORY is a set in Star Wars collection, designed by scoutthetrooper. This MOC 73372 comes with PDF instruction which is easy to build and find the missing pieces. The set contains 2303 pieces, first released in 2021.<\/p>\n<p><strong>GHI CH\u00da:<\/strong><\/p>\n<ul>\n<li><strong>M\u00e0u c\u1ee7a c\u00e1c b\u1ed9 ph\u1eadn ri\u00eang l\u1ebb kh\u00f4ng t\u01b0\u01a1ng \u1ee9ng v\u1edbi m\u00e0u c\u1ee7a c\u00e1c b\u1ed9 ph\u1eadn v\u1ebd, \u0111i\u1ec1u n\u00e0y kh\u00f4ng \u1ea3nh h\u01b0\u1edfng \u0111\u1ebfn h\u00ecnh th\u1ee9c.<\/strong><\/li>\n<li><strong>Vui l\u00f2ng mua c\u1ea9n th\u1eadn \u0111\u1ed1i v\u1edbi nh\u1eefng ng\u01b0\u1eddi kh\u00f4ng quan t\u00e2m \u0111\u1ebfn \u0111\u1ed9 ch\u00ednh x\u00e1c, s\u1ef1 kh\u00e1c bi\u1ec7t v\u1ec1 m\u00e0u s\u1eafc c\u1ee7a c\u00e1c b\u1ed9 ph\u1eadn trong n\u01b0\u1edbc.<\/strong><\/li>\n<li><strong>Kh\u00e1ch h\u00e0ng c\u00f3 th\u1ec3 ph\u1ea3i tr\u1ea3 th\u00eam ph\u00ed h\u1ea3i quan khi nh\u1eadn h\u00e0ng (t\u00f9y theo ch\u00ednh s\u00e1ch c\u1ee7a t\u1eebng qu\u1ed1c gia)<\/strong><\/li>\n<\/ul>\n<figure id=\"attachment_207613\" aria-describedby=\"caption-attachment-207613\" style=\"width: 800px\" class=\"wp-caption aligncenter\"><a href=\"https:\/\/pay.lpwstore.com\/wp-content\/uploads\/2021\/06\/MOC-73372-Resistance-Fleet-Bundle-MC85-Bunkerbuster-Vakbeor-Nebulon-Star-Wars-by-scoutthetrooper-MOC-FACTORY.jpg\" target=\"_blank\" rel=\"noopener\"><img fetchpriority=\"high\" decoding=\"async\" class=\"wp-image-207613 size-full\" title=\"MOC-73372 G\u00f3i H\u1ea1m \u0111\u1ed9i Kh\u00e1ng chi\u1ebfn (MC85, Bunkerbuster, Vakbeor, Nebulon) Chi\u1ebfn tranh gi\u1eefa c\u00e1c v\u00ec sao c\u1ee7a Scoutthetrooper MOC FACTORY\" src=\"https:\/\/pay.lpwstore.com\/wp-content\/uploads\/2021\/06\/MOC-73372-Resistance-Fleet-Bundle-MC85-Bunkerbuster-Vakbeor-Nebulon-Star-Wars-by-scoutthetrooper-MOC-FACTORY.jpg\" alt=\"MOC-73372 Resistance Fleet Bundle (MC85, Bunkerbuster, Vakbeor, Nebulon) Star Wars by scoutthetrooper MOC FACTORY\" width=\"800\" height=\"800\" \/><\/a><figcaption id=\"caption-attachment-207613\" class=\"wp-caption-text\">MOC-73372 G\u00f3i H\u1ea1m \u0111\u1ed9i Kh\u00e1ng chi\u1ebfn (MC85, Bunkerbuster, Vakbeor, Nebulon) Chi\u1ebfn tranh gi\u1eefa c\u00e1c v\u00ec sao c\u1ee7a Scoutthetrooper MOC FACTORY<\/figcaption><\/figure>","protected":false},"excerpt":{"rendered":"<ul>\n<li>Bao g\u1ed3m\u00a0<strong>2303+<\/strong>\u00a0chi\u1ebfc<\/li>\n<li>H\u01b0\u1edbng d\u1eabn PDF tr\u1ef1c tuy\u1ebfn<\/li>\n<li>Kh\u1ed1i ABS ch\u1ea5t l\u01b0\u1ee3ng cao<\/li>\n<\/ul>","protected":false},"featured_media":24565,"comment_status":"open","ping_status":"closed","template":"","meta":{"_acf_changed":false},"product_cat":[415],"product_tag":[],"class_list":["product","first","outofstock","shipping-taxable","purchasable","product-type-simple"],"acf":[],"_links":{"self":[{"href":"https:\/\/mouldking.store\/vi\/wp-json\/wp\/v2\/product\/24566","targetHints":{"allow":["GET"]}}],"collection":[{"href":"https:\/\/mouldking.store\/vi\/wp-json\/wp\/v2\/product"}],"about":[{"href":"https:\/\/mouldking.store\/vi\/wp-json\/wp\/v2\/types\/product"}],"replies":[{"embeddable":true,"href":"https:\/\/mouldking.store\/vi\/wp-json\/wp\/v2\/comments?post=24566"}],"wp:featuredmedia":[{"embeddable":true,"href":"https:\/\/mouldking.store\/vi\/wp-json\/wp\/v2\/media\/24565"}],"wp:attachment":[{"href":"https:\/\/mouldking.store\/vi\/wp-json\/wp\/v2\/media?parent=24566"}],"wp:term":[{"taxonomy":"product_cat","embeddable":true,"href":"https:\/\/mouldking.store\/vi\/wp-json\/wp\/v2\/product_cat?post=24566"},{"taxonomy":"product_tag","embeddable":true,"href":"https:\/\/mouldking.store\/vi\/wp-json\/wp\/v2\/product_tag?post=24566"}],"curies":[{"name":"wp","href":"https:\/\/api.w.org\/{rel}","templated":true}]}}