{"id":24577,"date":"2021-10-10T05:15:48","date_gmt":"2021-10-09T22:15:48","guid":{"rendered":"https:\/\/mouldking.store\/shop\/moc-48585-imperial-troop-transport-mini-fig-scale-star-wars-by-legomazing-moc-factory\/"},"modified":"2025-12-25T09:17:24","modified_gmt":"2025-12-25T02:17:24","slug":"moc-48585-imperial-troop-transport-mini-fig-scale-star-wars-by-legomazing-moc-factory","status":"publish","type":"product","link":"https:\/\/mouldking.store\/vi\/shop\/moc-48585-imperial-troop-transport-mini-fig-scale-star-wars-by-legomazing-moc-factory\/","title":{"rendered":"MOC-48585 V\u1eadn chuy\u1ec3n binh l\u00ednh ho\u00e0ng gia (Quy m\u00f4 nh\u1ecf) Chi\u1ebfn tranh gi\u1eefa c\u00e1c v\u00ec sao c\u1ee7a LegoMazing MOC FACTORY"},"content":{"rendered":"<p>MOC-48585 V\u1eadn chuy\u1ec3n qu\u00e2n \u0111\u1ed9i ho\u00e0ng gia (Quy m\u00f4 nh\u1ecf) Chi\u1ebfn tranh gi\u1eefa c\u00e1c v\u00ec sao c\u1ee7a LegoMazing MOC FACTORY l\u00e0 m\u1ed9t b\u1ed1i c\u1ea3nh trong b\u1ed9 s\u01b0u t\u1eadp Chi\u1ebfn tranh gi\u1eefa c\u00e1c v\u00ec sao, \u0111\u01b0\u1ee3c thi\u1ebft k\u1ebf b\u1edfi LegoMazing . MOC 48585 n\u00e0y \u0111i k\u00e8m v\u1edbi h\u01b0\u1edbng d\u1eabn PDF gi\u00fap d\u1ec5 d\u00e0ng t\u1ea1o v\u00e0 t\u00ecm c\u00e1c ph\u1ea7n c\u00f2n thi\u1ebfu. B\u1ed9 g\u1ed3m 921 mi\u1ebfng, ph\u00e1t h\u00e0nh l\u1ea7n \u0111\u1ea7u v\u00e0o n\u0103m 2021.<\/p>\n<figure id=\"attachment_207643\" class=\"wp-caption aligncenter\" style=\"width: 800px;\" aria-describedby=\"caption-attachment-207643\"><a href=\"https:\/\/pay.lpwstore.com\/wp-content\/uploads\/2021\/06\/MOC-48585-Imperial-Troop-Transport-Mini-fig-Scale-Star-Wars-by-LegoMazing-MOC-FACTORY.jpg\" target=\"_blank\" rel=\"noopener\"><img fetchpriority=\"high\" decoding=\"async\" class=\"wp-image-207643 size-full\" title=\"MOC-48585-Imperial-Troop-Transport-(Mini-fig-Scale)-Star-Wars-by-LegoMazing-MOC-FACTORY\" src=\"https:\/\/pay.lpwstore.com\/wp-content\/uploads\/2021\/06\/MOC-48585-Imperial-Troop-Transport-Mini-fig-Scale-Star-Wars-by-LegoMazing-MOC-FACTORY.jpg\" alt=\"MOC-48585-Imperial-Troop-Transport-(Mini-fig-Scale)-Star-Wars-by-LegoMazing-MOC-FACTORY\" width=\"800\" height=\"800\" \/><\/a><figcaption id=\"caption-attachment-207643\" class=\"wp-caption-text\">MOC-48585-Imperial-Troop-Transport-(Mini-fig-Scale)-Star-Wars-by-LegoMazing-MOC-FACTORY<\/figcaption><\/figure>\n<figure id=\"attachment_207644\" class=\"wp-caption aligncenter\" style=\"width: 1000px;\" aria-describedby=\"caption-attachment-207644\"><img decoding=\"async\" class=\"size-full wp-image-207644\" title=\"MOC-48585 V\u1eadn chuy\u1ec3n binh l\u00ednh ho\u00e0ng gia (Quy m\u00f4 nh\u1ecf) Chi\u1ebfn tranh gi\u1eefa c\u00e1c v\u00ec sao c\u1ee7a LegoMazing MOC FACTORY\" src=\"https:\/\/pay.lpwstore.com\/wp-content\/uploads\/2021\/06\/moc-48585-imperial-troop-transport-mini-fig-scale-star-wars-by-legomazing-moc-factory-112108.jpg\" alt=\"MOC-48585 Imperial Troop Transport (Mini-fig Scale) Star Wars by LegoMazing MOC FACTORY\" width=\"1000\" height=\"1000\" \/><figcaption id=\"caption-attachment-207644\" class=\"wp-caption-text\">MOC-48585 V\u1eadn chuy\u1ec3n binh l\u00ednh ho\u00e0ng gia (Quy m\u00f4 nh\u1ecf) Chi\u1ebfn tranh gi\u1eefa c\u00e1c v\u00ec sao c\u1ee7a LegoMazing MOC FACTORY<\/figcaption><\/figure>\n<figure id=\"attachment_207645\" class=\"wp-caption aligncenter\" style=\"width: 1000px;\" aria-describedby=\"caption-attachment-207645\"><img decoding=\"async\" class=\"size-full wp-image-207645\" title=\"MOC-48585 V\u1eadn chuy\u1ec3n binh l\u00ednh ho\u00e0ng gia (Quy m\u00f4 nh\u1ecf) Chi\u1ebfn tranh gi\u1eefa c\u00e1c v\u00ec sao c\u1ee7a LegoMazing MOC FACTORY\" src=\"https:\/\/pay.lpwstore.com\/wp-content\/uploads\/2021\/06\/moc-48585-imperial-troop-transport-mini-fig-scale-star-wars-by-legomazing-moc-factory-112112.jpg\" alt=\"MOC-48585 Imperial Troop Transport (Mini-fig Scale) Star Wars by LegoMazing MOC FACTORY\" width=\"1000\" height=\"1000\" \/><figcaption id=\"caption-attachment-207645\" class=\"wp-caption-text\">MOC-48585 V\u1eadn chuy\u1ec3n binh l\u00ednh ho\u00e0ng gia (Quy m\u00f4 nh\u1ecf) Chi\u1ebfn tranh gi\u1eefa c\u00e1c v\u00ec sao c\u1ee7a LegoMazing MOC FACTORY<\/figcaption><\/figure>\n<p>&nbsp;<\/p>","protected":false},"excerpt":{"rendered":"<ul>\n<li>Bao g\u1ed3m\u00a0<strong>921+<\/strong>\u00a0chi\u1ebfc<\/li>\n<li>H\u01b0\u1edbng d\u1eabn PDF tr\u1ef1c tuy\u1ebfn<\/li>\n<li>Kh\u1ed1i ABS ch\u1ea5t l\u01b0\u1ee3ng cao<\/li>\n<li>K\u00edch th\u01b0\u1edbc: 32 x 11 x 9 cm<\/li>\n<\/ul>","protected":false},"featured_media":24574,"comment_status":"open","ping_status":"closed","template":"","meta":{"_acf_changed":false},"product_cat":[415],"product_tag":[],"class_list":["product","first","outofstock","shipping-taxable","purchasable","product-type-simple"],"acf":[],"_links":{"self":[{"href":"https:\/\/mouldking.store\/vi\/wp-json\/wp\/v2\/product\/24577","targetHints":{"allow":["GET"]}}],"collection":[{"href":"https:\/\/mouldking.store\/vi\/wp-json\/wp\/v2\/product"}],"about":[{"href":"https:\/\/mouldking.store\/vi\/wp-json\/wp\/v2\/types\/product"}],"replies":[{"embeddable":true,"href":"https:\/\/mouldking.store\/vi\/wp-json\/wp\/v2\/comments?post=24577"}],"wp:featuredmedia":[{"embeddable":true,"href":"https:\/\/mouldking.store\/vi\/wp-json\/wp\/v2\/media\/24574"}],"wp:attachment":[{"href":"https:\/\/mouldking.store\/vi\/wp-json\/wp\/v2\/media?parent=24577"}],"wp:term":[{"taxonomy":"product_cat","embeddable":true,"href":"https:\/\/mouldking.store\/vi\/wp-json\/wp\/v2\/product_cat?post=24577"},{"taxonomy":"product_tag","embeddable":true,"href":"https:\/\/mouldking.store\/vi\/wp-json\/wp\/v2\/product_tag?post=24577"}],"curies":[{"name":"wp","href":"https:\/\/api.w.org\/{rel}","templated":true}]}}