{"id":24586,"date":"2021-10-10T05:15:50","date_gmt":"2021-10-09T22:15:50","guid":{"rendered":"https:\/\/mouldking.store\/shop\/moc-55544-21319-maclarens-pub-how-i-met-your-mother-alternate-movie-by-febrix_1999-moc-factory\/"},"modified":"2025-12-25T09:17:24","modified_gmt":"2025-12-25T02:17:24","slug":"moc-55544-21319-maclarens-pub-how-i-met-your-mother-alternate-movie-by-febrix_1999-moc-factory","status":"publish","type":"product","link":"https:\/\/mouldking.store\/vi\/shop\/moc-55544-21319-maclarens-pub-how-i-met-your-mother-alternate-movie-by-febrix_1999-moc-factory\/","title":{"rendered":"MOC-55544 21319 \u2013 MacLaren&#039;s Pub \u2013 How I Met Your Mother \u2013 Phim thay th\u1ebf c\u1ee7a febrix_1999 MOC FACTORY"},"content":{"rendered":"<p>MOC-55544 21319 \u2013 MacLaren&#039;s Pub \u2013 How I Met Your Mother \u2013 Alternate Movie c\u1ee7a febrix_1999 MOC FACTORY l\u00e0 m\u1ed9t b\u1ed9 trong b\u1ed9 s\u01b0u t\u1eadp Phim, \u0111\u01b0\u1ee3c thi\u1ebft k\u1ebf b\u1edfi febrix_1999. MOC 55544 n\u00e0y \u0111i k\u00e8m v\u1edbi h\u01b0\u1edbng d\u1eabn PDF gi\u00fap d\u1ec5 d\u00e0ng t\u1ea1o v\u00e0 t\u00ecm c\u00e1c ph\u1ea7n c\u00f2n thi\u1ebfu. B\u1ed9 g\u1ed3m 742 mi\u1ebfng, ph\u00e1t h\u00e0nh l\u1ea7n \u0111\u1ea7u v\u00e0o n\u0103m 2021.<\/p>\n<figure id=\"attachment_207678\" class=\"wp-caption aligncenter\" style=\"width: 800px\" aria-describedby=\"caption-attachment-207678\"><figcaption id=\"caption-attachment-207678\" class=\"wp-caption-text\">\n<figure id=\"attachment_31958\" aria-describedby=\"caption-attachment-31958\" style=\"width: 800px\" class=\"wp-caption aligncenter\"><img fetchpriority=\"high\" decoding=\"async\" class=\"size-full wp-image-31958\" title=\"MOC-55544 Phim 21319 \u2013 MacLaren&#039;s Pub \u2013 How I Met Your Mother \u2013 Nh\u00e0 thi\u1ebft k\u1ebf thay th\u1ebf febrix_1999 MOC FACTORY\" src=\"https:\/\/mocfactory.com\/wp-content\/uploads\/2021\/06\/moc-55544-movie-21319-\u2013-maclarens-pub-\u2013-how-i-met-your-mother-\u2013-alternate-designer-febrix_1999-moc-factory.jpg\" alt=\"MOC-55544 Movie 21319 \u2013 MacLaren\u2019s Pub \u2013 How I Met Your Mother \u2013 Alternate Designer febrix_1999 MOC FACTORY\" width=\"800\" height=\"800\" \/><figcaption id=\"caption-attachment-31958\" class=\"wp-caption-text\">MOC-55544 Phim 21319 \u2013 MacLaren&#039;s Pub \u2013 How I Met Your Mother \u2013 Nh\u00e0 thi\u1ebft k\u1ebf thay th\u1ebf febrix_1999 MOC FACTORY<\/figcaption><\/figure>\n<\/figcaption><\/figure>","protected":false},"excerpt":{"rendered":"<ul>\n<li>Bao g\u1ed3m\u00a0<strong>742+<\/strong>\u00a0chi\u1ebfc<\/li>\n<li>H\u01b0\u1edbng d\u1eabn PDF tr\u1ef1c tuy\u1ebfn<\/li>\n<li>Kh\u1ed1i ABS ch\u1ea5t l\u01b0\u1ee3ng cao<\/li>\n<li>K\u00edch th\u01b0\u1edbc: 20 x 20 x 6 cm<\/li>\n<\/ul>","protected":false},"featured_media":24585,"comment_status":"open","ping_status":"closed","template":"","meta":{"_acf_changed":false},"product_cat":[581],"product_tag":[],"class_list":["product","first","instock","shipping-taxable","purchasable","product-type-simple"],"acf":[],"_links":{"self":[{"href":"https:\/\/mouldking.store\/vi\/wp-json\/wp\/v2\/product\/24586","targetHints":{"allow":["GET"]}}],"collection":[{"href":"https:\/\/mouldking.store\/vi\/wp-json\/wp\/v2\/product"}],"about":[{"href":"https:\/\/mouldking.store\/vi\/wp-json\/wp\/v2\/types\/product"}],"replies":[{"embeddable":true,"href":"https:\/\/mouldking.store\/vi\/wp-json\/wp\/v2\/comments?post=24586"}],"wp:featuredmedia":[{"embeddable":true,"href":"https:\/\/mouldking.store\/vi\/wp-json\/wp\/v2\/media\/24585"}],"wp:attachment":[{"href":"https:\/\/mouldking.store\/vi\/wp-json\/wp\/v2\/media?parent=24586"}],"wp:term":[{"taxonomy":"product_cat","embeddable":true,"href":"https:\/\/mouldking.store\/vi\/wp-json\/wp\/v2\/product_cat?post=24586"},{"taxonomy":"product_tag","embeddable":true,"href":"https:\/\/mouldking.store\/vi\/wp-json\/wp\/v2\/product_tag?post=24586"}],"curies":[{"name":"wp","href":"https:\/\/api.w.org\/{rel}","templated":true}]}}