{"id":24650,"date":"2021-10-10T05:17:16","date_gmt":"2021-10-09T22:17:16","guid":{"rendered":"https:\/\/mouldking.store\/shop\/moc-90167-arc-170-starfighter-star-wars-moc-factory\/"},"modified":"2025-12-25T09:17:21","modified_gmt":"2025-12-25T02:17:21","slug":"moc-90167-arc-170-starfighter-star-wars-moc-factory","status":"publish","type":"product","link":"https:\/\/mouldking.store\/vi\/shop\/moc-90167-arc-170-starfighter-star-wars-moc-factory\/","title":{"rendered":"MOC-90167 ARC-170 Starfighter Star Wars MOC FACTORY"},"content":{"rendered":"<p>MOC-90167 ARC-170 Starfighter Star Wars MOC FACTORY l\u00e0 m\u1ed9t b\u1ed9 trong b\u1ed9 s\u01b0u t\u1eadp Chi\u1ebfn tranh gi\u1eefa c\u00e1c v\u00ec sao. MOC 90167 n\u00e0y \u0111i k\u00e8m v\u1edbi h\u01b0\u1edbng d\u1eabn PDF gi\u00fap d\u1ec5 d\u00e0ng t\u1ea1o v\u00e0 t\u00ecm c\u00e1c ph\u1ea7n c\u00f2n thi\u1ebfu. B\u1ed9 g\u1ed3m 1654 mi\u1ebfng, ph\u00e1t h\u00e0nh l\u1ea7n \u0111\u1ea7u v\u00e0o n\u0103m 2021.<\/p>\n<figure id=\"attachment_208040\" aria-describedby=\"caption-attachment-208040\" style=\"width: 800px\" class=\"wp-caption aligncenter\"><a href=\"https:\/\/pay.lpwstore.com\/wp-content\/uploads\/2021\/06\/MOC-90167-ARC-170-Starfighter-Star-Wars-MOC-FACTORY.jpg\" target=\"_blank\" rel=\"noopener\"><img fetchpriority=\"high\" decoding=\"async\" class=\"wp-image-208040 size-full\" title=\"MOC-90167 ARC-170 Starfighter Star Wars MOC FACTORY\" src=\"https:\/\/pay.lpwstore.com\/wp-content\/uploads\/2021\/06\/MOC-90167-ARC-170-Starfighter-Star-Wars-MOC-FACTORY.jpg\" alt=\"MOC-90167 ARC-170 Starfighter Star Wars MOC FACTORY\" width=\"800\" height=\"800\" \/><\/a><figcaption id=\"caption-attachment-208040\" class=\"wp-caption-text\">MOC-90167 ARC-170 Starfighter Star Wars MOC FACTORY<\/figcaption><\/figure>\n<figure id=\"attachment_208036\" aria-describedby=\"caption-attachment-208036\" style=\"width: 1000px\" class=\"wp-caption aligncenter\"><img decoding=\"async\" class=\"size-full wp-image-208036\" title=\"MOC-90167 ARC-170 Starfighter Star Wars MOC FACTORY\" src=\"https:\/\/pay.lpwstore.com\/wp-content\/uploads\/2021\/06\/moc-90167-arc-170-starfighter-star-wars-moc-factory-235533.jpg\" alt=\"MOC-90167 ARC-170 Starfighter Star Wars MOC FACTORY\" width=\"1000\" height=\"1000\" \/><figcaption id=\"caption-attachment-208036\" class=\"wp-caption-text\">MOC-90167 ARC-170 Starfighter Star Wars MOC FACTORY<\/figcaption><\/figure>\n<figure id=\"attachment_208037\" aria-describedby=\"caption-attachment-208037\" style=\"width: 1000px\" class=\"wp-caption aligncenter\"><img decoding=\"async\" class=\"size-full wp-image-208037\" title=\"MOC-90167 ARC-170 Starfighter Star Wars MOC FACTORY\" src=\"https:\/\/pay.lpwstore.com\/wp-content\/uploads\/2021\/06\/moc-90167-arc-170-starfighter-star-wars-moc-factory-235536.jpg\" alt=\"MOC-90167 ARC-170 Starfighter Star Wars MOC FACTORY\" width=\"1000\" height=\"1000\" \/><figcaption id=\"caption-attachment-208037\" class=\"wp-caption-text\">MOC-90167 ARC-170 Starfighter Star Wars MOC FACTORY<\/figcaption><\/figure>\n<figure id=\"attachment_208038\" aria-describedby=\"caption-attachment-208038\" style=\"width: 1000px\" class=\"wp-caption aligncenter\"><img loading=\"lazy\" decoding=\"async\" class=\"size-full wp-image-208038\" title=\"MOC-90167 ARC-170 Starfighter Star Wars MOC FACTORY\" src=\"https:\/\/pay.lpwstore.com\/wp-content\/uploads\/2021\/06\/moc-90167-arc-170-starfighter-star-wars-moc-factory-235539.jpg\" alt=\"MOC-90167 ARC-170 Starfighter Star Wars MOC FACTORY\" width=\"1000\" height=\"1000\" \/><figcaption id=\"caption-attachment-208038\" class=\"wp-caption-text\">MOC-90167 ARC-170 Starfighter Star Wars MOC FACTORY<\/figcaption><\/figure>\n<figure id=\"attachment_208039\" aria-describedby=\"caption-attachment-208039\" style=\"width: 1000px\" class=\"wp-caption aligncenter\"><img loading=\"lazy\" decoding=\"async\" class=\"size-full wp-image-208039\" title=\"MOC-90167 ARC-170 Starfighter Star Wars MOC FACTORY\" src=\"https:\/\/pay.lpwstore.com\/wp-content\/uploads\/2021\/06\/moc-90167-arc-170-starfighter-star-wars-moc-factory-235543.jpg\" alt=\"MOC-90167 ARC-170 Starfighter Star Wars MOC FACTORY\" width=\"1000\" height=\"1000\" \/><figcaption id=\"caption-attachment-208039\" class=\"wp-caption-text\">MOC-90167 ARC-170 Starfighter Star Wars MOC FACTORY<\/figcaption><\/figure>\n<p>&nbsp;<\/p>","protected":false},"excerpt":{"rendered":"<ul>\n<li>Bao g\u1ed3m\u00a0<strong>1654+<\/strong>\u00a0chi\u1ebfc<\/li>\n<li>h\u01b0\u1edbng d\u1eabn PDF<\/li>\n<li>Kh\u1ed1i ABS ch\u1ea5t l\u01b0\u1ee3ng cao<\/li>\n<li>K\u00edch th\u01b0\u1edbc: 30 x 28 x 14 cm<\/li>\n<\/ul>","protected":false},"featured_media":24645,"comment_status":"open","ping_status":"closed","template":"","meta":{"_acf_changed":false},"product_cat":[415],"product_tag":[],"class_list":["product","first","instock","shipping-taxable","purchasable","product-type-simple"],"acf":[],"_links":{"self":[{"href":"https:\/\/mouldking.store\/vi\/wp-json\/wp\/v2\/product\/24650","targetHints":{"allow":["GET"]}}],"collection":[{"href":"https:\/\/mouldking.store\/vi\/wp-json\/wp\/v2\/product"}],"about":[{"href":"https:\/\/mouldking.store\/vi\/wp-json\/wp\/v2\/types\/product"}],"replies":[{"embeddable":true,"href":"https:\/\/mouldking.store\/vi\/wp-json\/wp\/v2\/comments?post=24650"}],"wp:featuredmedia":[{"embeddable":true,"href":"https:\/\/mouldking.store\/vi\/wp-json\/wp\/v2\/media\/24645"}],"wp:attachment":[{"href":"https:\/\/mouldking.store\/vi\/wp-json\/wp\/v2\/media?parent=24650"}],"wp:term":[{"taxonomy":"product_cat","embeddable":true,"href":"https:\/\/mouldking.store\/vi\/wp-json\/wp\/v2\/product_cat?post=24650"},{"taxonomy":"product_tag","embeddable":true,"href":"https:\/\/mouldking.store\/vi\/wp-json\/wp\/v2\/product_tag?post=24650"}],"curies":[{"name":"wp","href":"https:\/\/api.w.org\/{rel}","templated":true}]}}