{"id":24656,"date":"2021-10-10T05:17:19","date_gmt":"2021-10-09T22:17:19","guid":{"rendered":"https:\/\/mouldking.store\/shop\/moc-20814-volkswagen-golf-mk1-gti-technic-by-hasskabal-moc-factory\/"},"modified":"2025-12-25T09:17:21","modified_gmt":"2025-12-25T02:17:21","slug":"moc-20814-volkswagen-golf-mk1-gti-technic-by-hasskabal-moc-factory","status":"publish","type":"product","link":"https:\/\/mouldking.store\/vi\/shop\/moc-20814-volkswagen-golf-mk1-gti-technic-by-hasskabal-moc-factory\/","title":{"rendered":"MOC-20814 Volkswagen Golf MK1 GTI Technic c\u1ee7a nh\u00e0 m\u00e1y MOC hasskabal"},"content":{"rendered":"<p>MOC-20814 Volkswagen Golf MK1 GTI Technic c\u1ee7a hasskabal MOC FACTORY l\u00e0 m\u1ed9t b\u1ed9 trong b\u1ed9 s\u01b0u t\u1eadp Technic, \u0111\u01b0\u1ee3c thi\u1ebft k\u1ebf b\u1edfi hasskabal. MOC 20814 n\u00e0y \u0111i k\u00e8m v\u1edbi h\u01b0\u1edbng d\u1eabn PDF, d\u1ec5 x\u00e2y d\u1ef1ng v\u00e0 t\u00ecm c\u00e1c ph\u1ea7n c\u00f2n thi\u1ebfu. B\u1ed9 g\u1ed3m 1283 mi\u1ebfng, ph\u00e1t h\u00e0nh l\u1ea7n \u0111\u1ea7u v\u00e0o n\u0103m 2021.<\/p>\n<figure id=\"attachment_208046\" aria-describedby=\"caption-attachment-208046\" style=\"width: 800px\" class=\"wp-caption aligncenter\"><a href=\"https:\/\/pay.lpwstore.com\/wp-content\/uploads\/2021\/06\/MOC-20814-Volkswagen-Golf-MK1-GTI-Technic-by-hasskabal-MOC-FACTORY.jpg\" target=\"_blank\" rel=\"noopener\"><img fetchpriority=\"high\" decoding=\"async\" class=\"wp-image-208046 size-full\" title=\"MOC-20814 Volkswagen Golf MK1 GTI Technic c\u1ee7a nh\u00e0 m\u00e1y MOC hasskabal\" src=\"https:\/\/pay.lpwstore.com\/wp-content\/uploads\/2021\/06\/MOC-20814-Volkswagen-Golf-MK1-GTI-Technic-by-hasskabal-MOC-FACTORY.jpg\" alt=\"MOC-20814 Volkswagen Golf MK1 GTI Technic by hasskabal MOC FACTORY\" width=\"800\" height=\"800\" \/><\/a><figcaption id=\"caption-attachment-208046\" class=\"wp-caption-text\">MOC-20814 Volkswagen Golf MK1 GTI Technic c\u1ee7a nh\u00e0 m\u00e1y MOC hasskabal<\/figcaption><\/figure>\n<figure id=\"attachment_208042\" aria-describedby=\"caption-attachment-208042\" style=\"width: 1000px\" class=\"wp-caption aligncenter\"><img decoding=\"async\" class=\"size-full wp-image-208042\" title=\"MOC-20814 Volkswagen Golf MK1 GTI Technic c\u1ee7a nh\u00e0 m\u00e1y MOC hasskabal\" src=\"https:\/\/pay.lpwstore.com\/wp-content\/uploads\/2021\/06\/moc-20814-volkswagen-golf-mk1-gti-technic-by-hasskabal-moc-factory-001457.jpg\" alt=\"MOC-20814 Volkswagen Golf MK1 GTI Technic by hasskabal MOC FACTORY\" width=\"1000\" height=\"1000\" \/><figcaption id=\"caption-attachment-208042\" class=\"wp-caption-text\">MOC-20814 Volkswagen Golf MK1 GTI Technic c\u1ee7a nh\u00e0 m\u00e1y MOC hasskabal<\/figcaption><\/figure>\n<figure id=\"attachment_208043\" aria-describedby=\"caption-attachment-208043\" style=\"width: 1000px\" class=\"wp-caption aligncenter\"><img decoding=\"async\" class=\"size-full wp-image-208043\" title=\"MOC-20814 Volkswagen Golf MK1 GTI Technic c\u1ee7a nh\u00e0 m\u00e1y MOC hasskabal\" src=\"https:\/\/pay.lpwstore.com\/wp-content\/uploads\/2021\/06\/moc-20814-volkswagen-golf-mk1-gti-technic-by-hasskabal-moc-factory-001500.jpg\" alt=\"MOC-20814 Volkswagen Golf MK1 GTI Technic by hasskabal MOC FACTORY\" width=\"1000\" height=\"1000\" \/><figcaption id=\"caption-attachment-208043\" class=\"wp-caption-text\">MOC-20814 Volkswagen Golf MK1 GTI Technic c\u1ee7a nh\u00e0 m\u00e1y MOC hasskabal<\/figcaption><\/figure>\n<figure id=\"attachment_208044\" aria-describedby=\"caption-attachment-208044\" style=\"width: 1000px\" class=\"wp-caption aligncenter\"><img loading=\"lazy\" decoding=\"async\" class=\"size-full wp-image-208044\" title=\"MOC-20814 Volkswagen Golf MK1 GTI Technic c\u1ee7a nh\u00e0 m\u00e1y MOC hasskabal\" src=\"https:\/\/pay.lpwstore.com\/wp-content\/uploads\/2021\/06\/moc-20814-volkswagen-golf-mk1-gti-technic-by-hasskabal-moc-factory-001503.jpg\" alt=\"MOC-20814 Volkswagen Golf MK1 GTI Technic by hasskabal MOC FACTORY\" width=\"1000\" height=\"1000\" \/><figcaption id=\"caption-attachment-208044\" class=\"wp-caption-text\">MOC-20814 Volkswagen Golf MK1 GTI Technic c\u1ee7a nh\u00e0 m\u00e1y MOC hasskabal<\/figcaption><\/figure>\n<figure id=\"attachment_208045\" aria-describedby=\"caption-attachment-208045\" style=\"width: 1000px\" class=\"wp-caption aligncenter\"><img loading=\"lazy\" decoding=\"async\" class=\"size-full wp-image-208045\" title=\"MOC-20814 Volkswagen Golf MK1 GTI Technic c\u1ee7a nh\u00e0 m\u00e1y MOC hasskabal\" src=\"https:\/\/pay.lpwstore.com\/wp-content\/uploads\/2021\/06\/moc-20814-volkswagen-golf-mk1-gti-technic-by-hasskabal-moc-factory-001507.jpg\" alt=\"MOC-20814 Volkswagen Golf MK1 GTI Technic by hasskabal MOC FACTORY\" width=\"1000\" height=\"1000\" \/><figcaption id=\"caption-attachment-208045\" class=\"wp-caption-text\">MOC-20814 Volkswagen Golf MK1 GTI Technic c\u1ee7a nh\u00e0 m\u00e1y MOC hasskabal<\/figcaption><\/figure>\n<p>&nbsp;<\/p>","protected":false},"excerpt":{"rendered":"<ul>\n<li>Bao g\u1ed3m\u00a0<strong>1283+<\/strong>\u00a0chi\u1ebfc<\/li>\n<li>h\u01b0\u1edbng d\u1eabn PDF<\/li>\n<li>Kh\u1ed1i ABS ch\u1ea5t l\u01b0\u1ee3ng cao<\/li>\n<li>K\u00edch th\u01b0\u1edbc: 18 x 11 x 10 cm<\/li>\n<\/ul>","protected":false},"featured_media":24651,"comment_status":"open","ping_status":"closed","template":"","meta":{"_acf_changed":false},"product_cat":[364],"product_tag":[],"class_list":["product","first","outofstock","shipping-taxable","purchasable","product-type-simple"],"acf":[],"_links":{"self":[{"href":"https:\/\/mouldking.store\/vi\/wp-json\/wp\/v2\/product\/24656","targetHints":{"allow":["GET"]}}],"collection":[{"href":"https:\/\/mouldking.store\/vi\/wp-json\/wp\/v2\/product"}],"about":[{"href":"https:\/\/mouldking.store\/vi\/wp-json\/wp\/v2\/types\/product"}],"replies":[{"embeddable":true,"href":"https:\/\/mouldking.store\/vi\/wp-json\/wp\/v2\/comments?post=24656"}],"wp:featuredmedia":[{"embeddable":true,"href":"https:\/\/mouldking.store\/vi\/wp-json\/wp\/v2\/media\/24651"}],"wp:attachment":[{"href":"https:\/\/mouldking.store\/vi\/wp-json\/wp\/v2\/media?parent=24656"}],"wp:term":[{"taxonomy":"product_cat","embeddable":true,"href":"https:\/\/mouldking.store\/vi\/wp-json\/wp\/v2\/product_cat?post=24656"},{"taxonomy":"product_tag","embeddable":true,"href":"https:\/\/mouldking.store\/vi\/wp-json\/wp\/v2\/product_tag?post=24656"}],"curies":[{"name":"wp","href":"https:\/\/api.w.org\/{rel}","templated":true}]}}